{"id":12591,"date":"2023-05-10T16:01:43","date_gmt":"2023-05-10T14:01:43","guid":{"rendered":"https:\/\/www.editionkeiper.at\/shop\/?post_type=product&#038;p=12591"},"modified":"2024-01-19T13:08:27","modified_gmt":"2024-01-19T12:08:27","slug":"unter-elektrischen-monden-keiper-lyrik-29","status":"publish","type":"product","link":"https:\/\/www.editionkeiper.at\/shop\/produkt\/unter-elektrischen-monden-keiper-lyrik-29\/","title":{"rendered":"Unter elektrischen Monden \u2013 keiper lyrik 29"},"content":{"rendered":"<h2>Unter elektrischen Monden \u2013 keiper lyrik 29<\/h2>\n<h4>von <a href=\"https:\/\/www.editionkeiper.at\/shop\/ballhausen-thomas\/\">Thomas Ballhausen<\/a><\/h4>\n<p class=\"p1\">In seinen literarischen Arbeiten setzt sich der Autor und Kulturphilosoph Thomas Ballhausen mit der als besch\u00e4digt empfundenen Gegenwart auseinander, mit den Zumutungen einer Jetztzeit, die von Digitalit\u00e4t, Entfremdung und Konflikten gekennzeichnet ist. Seine lyrischen Texte stehen dabei einer Poetik des Punks nahe, in ihnen verbindet Ballhausen, was im ersten Moment inkongruent und unzusammenh\u00e4ngend scheint. Auch in \u201eUnter elektrischen Monden\u201d sch\u00f6pft er deshalb gleicherma\u00dfen aus der Weltliteratur wie aus den neuen Medien, Film und Pop stehen mit poetischer Selbstverst\u00e4ndlichkeit neben antiken Klassikern oder Gr\u00f6\u00dfen wie Paul Celan oder Anne Carson. Ballhausen verhandelt das Pers\u00f6nliche und Intime vor den gro\u00dfen Zusammenh\u00e4ngen unserer vereinbarten Wirklichkeit. Das Phantastische ist dabei eine der zentralen Folien von Ballhausens Gedichten, das vermeintlich Unwirkliche wird wie selbstverst\u00e4ndlich in seine literarischen Texte integriert. In der Auseinandersetzung mit Gegenwart und Geschichte arbeitet sich Ballhausen mit dem vorliegenden Band einmal mehr an ramponierten Mythen, gef\u00e4hrlichen Objekten und immer wieder an den scheinbar hoffnungslosen, romantischen Gegenentw\u00fcrfen der Liebenden ab. Seine besondere und unverwechselbare literarische Position zeigt sich dabei aber nicht im Zelebrieren des Untergangs \u2013 Ballhausens hochreflexive Gedichte sind vielmehr feinsinnige und auch h\u00f6chst unterhaltsame Einladungen, die Wirklichkeit in all ihrem Schrecken und ihrer wunderbaren Sch\u00f6nheit neu zu entdecken.<span class=\"Apple-converted-space\">\u00a0<\/span><\/p>\n<p><strong>Preis:<\/strong> AT \u20ac 16,50 \/ DE \u20ac 16,05<br \/>\n<strong>Seiten:<\/strong> 80<br \/>\n<strong>ISBN13:<\/strong> 978-3-903575-05-9<br \/>\n<strong>Erscheinungsdatum:<\/strong> 10. Oktober 2023<br \/>\n<strong>Sprache:<\/strong>\u00a0Deutsch<br \/>\n<strong>Format:<\/strong> 11*17,6 cm; Broschur<\/p>\n<p><a href=\"https:\/\/www.editionkeiper.at\/shop\/wp-content\/uploads\/2023\/05\/Leseprobe_Ballhausen_Thomas_keiper_lyrik_29_Lyrikreihe_.pdf\" target=\"_blank\" rel=\"noopener\"><img loading=\"lazy\" loading=\"lazy\" decoding=\"async\" class=\"alignnone size-full wp-image-9320\" src=\"https:\/\/www.editionkeiper.at\/shop\/wp-content\/uploads\/2021\/06\/Leseprobe_Verlag_Keiper.png\" alt=\"\" width=\"90\" height=\"125\" srcset=\"https:\/\/www.editionkeiper.at\/shop\/wp-content\/uploads\/2021\/06\/Leseprobe_Verlag_Keiper.png 90w, https:\/\/www.editionkeiper.at\/shop\/wp-content\/uploads\/2021\/06\/Leseprobe_Verlag_Keiper-7x10.png 7w\" sizes=\"auto, (max-width: 90px) 100vw, 90px\" \/><\/a><\/p>\n<p>&nbsp;<\/p>\n","protected":false},"excerpt":{"rendered":"<ul>\n<li class=\"p1\">Die Reihe \u201ekeiper lyrik\u201d pr\u00e4sentiert zeitgen\u00f6ssisches Lyrikgeschehen im deutschen Sprachraum.<\/li>\n<li class=\"p1\">Die Reihe ist offen f\u00fcr Gedichte unterschiedlicher Stilrichtungen.<\/li>\n<li class=\"p1\">Herausgeber der Reihe ist der Grazer Lyriker Helwig Brunner.<\/li>\n<\/ul>\n<p><span style=\"color: #993366;\"><strong>\u00a0<\/strong><\/span><\/p>\n","protected":false},"featured_media":12693,"comment_status":"closed","ping_status":"closed","template":"","meta":[],"etheme_brands":[],"product_brand":[],"product_cat":[2604,3686,1395],"product_tag":[289,557,174,173,323,209,121,109],"yst_prominent_words":[],"class_list":{"0":"post-12591","1":"product","2":"type-product","3":"status-publish","4":"has-post-thumbnail","6":"product_cat-die-reihe-keiper-lyrik","7":"product_cat-gedichte","8":"product_cat-lyrik","9":"product_tag-gedichte","10":"product_tag-keiper-lyrik","11":"product_tag-lyrik","12":"product_tag-lyrikreihe","13":"product_tag-oesterreich","14":"product_tag-steiermark","15":"product_tag-verlag","16":"product_tag-www-editionkeiper-at","18":"first","19":"instock","20":"shipping-taxable","21":"purchasable","22":"product-type-simple"},"_links":{"self":[{"href":"https:\/\/www.editionkeiper.at\/shop\/wp-json\/wp\/v2\/product\/12591","targetHints":{"allow":["GET"]}}],"collection":[{"href":"https:\/\/www.editionkeiper.at\/shop\/wp-json\/wp\/v2\/product"}],"about":[{"href":"https:\/\/www.editionkeiper.at\/shop\/wp-json\/wp\/v2\/types\/product"}],"replies":[{"embeddable":true,"href":"https:\/\/www.editionkeiper.at\/shop\/wp-json\/wp\/v2\/comments?post=12591"}],"wp:featuredmedia":[{"embeddable":true,"href":"https:\/\/www.editionkeiper.at\/shop\/wp-json\/wp\/v2\/media\/12693"}],"wp:attachment":[{"href":"https:\/\/www.editionkeiper.at\/shop\/wp-json\/wp\/v2\/media?parent=12591"}],"wp:term":[{"taxonomy":"brand","embeddable":true,"href":"https:\/\/www.editionkeiper.at\/shop\/wp-json\/wp\/v2\/etheme_brands?post=12591"},{"taxonomy":"product_brand","embeddable":true,"href":"https:\/\/www.editionkeiper.at\/shop\/wp-json\/wp\/v2\/product_brand?post=12591"},{"taxonomy":"product_cat","embeddable":true,"href":"https:\/\/www.editionkeiper.at\/shop\/wp-json\/wp\/v2\/product_cat?post=12591"},{"taxonomy":"product_tag","embeddable":true,"href":"https:\/\/www.editionkeiper.at\/shop\/wp-json\/wp\/v2\/product_tag?post=12591"},{"taxonomy":"yst_prominent_words","embeddable":true,"href":"https:\/\/www.editionkeiper.at\/shop\/wp-json\/wp\/v2\/yst_prominent_words?post=12591"}],"curies":[{"name":"wp","href":"https:\/\/api.w.org\/{rel}","templated":true}]}}