{"id":12584,"date":"2023-05-10T15:44:59","date_gmt":"2023-05-10T13:44:59","guid":{"rendered":"https:\/\/www.editionkeiper.at\/shop\/?post_type=product&#038;p=12584"},"modified":"2026-05-05T15:27:26","modified_gmt":"2026-05-05T13:27:26","slug":"am-ende-wird-alles-sichtbar","status":"publish","type":"product","link":"https:\/\/www.editionkeiper.at\/shop\/produkt\/am-ende-wird-alles-sichtbar\/","title":{"rendered":"Am Ende wird alles sichtbar"},"content":{"rendered":"<h2>Am Ende wird alles sichtbar<\/h2>\n<h4>Roman von <a href=\"https:\/\/www.editionkeiper.at\/shop\/schmoelzer-august\/\">August Schm\u00f6lzer<\/a><\/h4>\n<p class=\"p1\"><span class=\"\">Josef kehrt nach vielen Jahren in die Stadt seiner Kindheit zur\u00fcck. Ein langes Vagabundenleben liegt hinter ihm, denn er hatte sich, angesteckt vom Hurra-Patriotismus seiner Umgebung, als junger Mann als Kriegsberichterstatter <\/span><span class=\"\">zum Milit\u00e4r<\/span><span class=\"\">\u00a0gemeldet und musste die Gr\u00e4uel des Krieges fotografieren.\u00a0<\/span><span class=\"\">In dem d\u00fcsteren Ort seiner Kindheit will er zur Ruhe kommen, er arbeitet als Totengr\u00e4ber und muss bald erkennen, dass die b\u00f6sen Geister der Vergangenheit noch immer in den K\u00f6pfen der Leute spuken.<\/span><\/p>\n<div class=\"\"><span class=\"\">Josef will sich aus all dem heraushalten, k\u00fcmmert sich um den Friedhof und stellt sich den Fragen von Michael \u2013\u00a0<\/span><span class=\"\">nach der eigenen Schuld durch Unterlassung, nach Mut oder Feigheit, nach Ohnmacht angesichts des \u00fcberm\u00e4chtigen Unrechts.\u00a0<\/span><span class=\"\">Heilen diese Gespr\u00e4che Josefs verwundete Seele? Josef ist jetzt jedenfalls bereit f\u00fcr eine neue-alte Liebe &#8230;<\/span><\/div>\n<p><strong>Preis:<\/strong> AT \u20ac 22,00 \/ DE \u20ac 21,40<br \/>\n<strong>Seiten:<\/strong> 144<br \/>\n<strong>ISBN13:<\/strong> 978-3-903575-00-4<br \/>\n<strong>Erscheinungsdatum:<\/strong> 11. September 2023<br \/>\n<strong>Sprache:<\/strong>\u00a0Deutsch<br \/>\n<strong>Format:<\/strong>\u00a020,0 x 12,0 cm; Hardcover<\/p>\n<p><a href=\"https:\/\/www.editionkeiper.at\/shop\/wp-content\/uploads\/2023\/05\/Leseprobe_August_Schmoelzer_Am_Ende_sichtbar_Roman_edition_keiper_verlag.pdf\" target=\"_blank\" rel=\"noopener\"><img loading=\"lazy\" loading=\"lazy\" decoding=\"async\" class=\"alignnone size-full wp-image-9320\" src=\"https:\/\/www.editionkeiper.at\/shop\/wp-content\/uploads\/2021\/06\/Leseprobe_Verlag_Keiper.png\" alt=\"\" width=\"90\" height=\"125\" srcset=\"https:\/\/www.editionkeiper.at\/shop\/wp-content\/uploads\/2021\/06\/Leseprobe_Verlag_Keiper.png 90w, https:\/\/www.editionkeiper.at\/shop\/wp-content\/uploads\/2021\/06\/Leseprobe_Verlag_Keiper-7x10.png 7w\" sizes=\"auto, (max-width: 90px) 100vw, 90px\" \/><\/a><\/p>\n<p><a href=\"https:\/\/www.editionkeiper.at\/shop\/wp-content\/uploads\/2023\/09\/Schmoelzer_August_Presse_Bundle.zip\" target=\"_blank\" rel=\"noopener\"><img loading=\"lazy\" loading=\"lazy\" decoding=\"async\" class=\"wp-image-13067 alignleft\" src=\"https:\/\/www.editionkeiper.at\/shop\/wp-content\/uploads\/2023\/05\/A_Downaload_icon-150x150.png\" alt=\"\" width=\"55\" height=\"55\" srcset=\"https:\/\/www.editionkeiper.at\/shop\/wp-content\/uploads\/2023\/05\/A_Downaload_icon-150x150.png 150w, https:\/\/www.editionkeiper.at\/shop\/wp-content\/uploads\/2023\/05\/A_Downaload_icon-300x300.png 300w, https:\/\/www.editionkeiper.at\/shop\/wp-content\/uploads\/2023\/05\/A_Downaload_icon-10x10.png 10w, https:\/\/www.editionkeiper.at\/shop\/wp-content\/uploads\/2023\/05\/A_Downaload_icon-100x100.png 100w\" sizes=\"auto, (max-width: 55px) 100vw, 55px\" \/><\/a><\/p>\n<p>&nbsp;<\/p>\n<p>Presseinformationen Ordner zum <a href=\"https:\/\/www.editionkeiper.at\/shop\/wp-content\/uploads\/2023\/09\/Schmoelzer_August_Presse_Bundle.zip\" target=\"_blank\" rel=\"noopener\">Download<\/a> <span style=\"color: #999999;\">(Plakate, Pressetext, Autorenfoto)\u00a0<\/span><\/p>\n<p>&nbsp;<\/p>\n<p><a href=\"https:\/\/www.editionkeiper.at\/shop\/wp-content\/uploads\/2023\/05\/Autorenfoto_August_Schmoelzer_Am_Ende_wird_alles_sichtbar_Verlag_keiper_\u00a9Manfred_Weis.jpeg\" target=\"_blank\" rel=\"noopener\"><img loading=\"lazy\" loading=\"lazy\" decoding=\"async\" class=\"alignnone wp-image-12611\" src=\"https:\/\/www.editionkeiper.at\/shop\/wp-content\/uploads\/2023\/05\/Autorenfoto_August_Schmoelzer_Am_Ende_wird_alles_sichtbar_Verlag_keiper_\u00a9Manfred_Weis-150x150.jpeg\" alt=\"\" width=\"100\" height=\"70\" srcset=\"https:\/\/www.editionkeiper.at\/shop\/wp-content\/uploads\/2023\/05\/Autorenfoto_August_Schmoelzer_Am_Ende_wird_alles_sichtbar_Verlag_keiper_\u00a9Manfred_Weis-300x210.jpeg 300w, https:\/\/www.editionkeiper.at\/shop\/wp-content\/uploads\/2023\/05\/Autorenfoto_August_Schmoelzer_Am_Ende_wird_alles_sichtbar_Verlag_keiper_\u00a9Manfred_Weis-1024x716.jpeg 1024w, https:\/\/www.editionkeiper.at\/shop\/wp-content\/uploads\/2023\/05\/Autorenfoto_August_Schmoelzer_Am_Ende_wird_alles_sichtbar_Verlag_keiper_\u00a9Manfred_Weis-768x537.jpeg 768w, https:\/\/www.editionkeiper.at\/shop\/wp-content\/uploads\/2023\/05\/Autorenfoto_August_Schmoelzer_Am_Ende_wird_alles_sichtbar_Verlag_keiper_\u00a9Manfred_Weis-10x7.jpeg 10w, https:\/\/www.editionkeiper.at\/shop\/wp-content\/uploads\/2023\/05\/Autorenfoto_August_Schmoelzer_Am_Ende_wird_alles_sichtbar_Verlag_keiper_\u00a9Manfred_Weis-565x395.jpeg 565w, https:\/\/www.editionkeiper.at\/shop\/wp-content\/uploads\/2023\/05\/Autorenfoto_August_Schmoelzer_Am_Ende_wird_alles_sichtbar_Verlag_keiper_\u00a9Manfred_Weis-574x401.jpeg 574w, https:\/\/www.editionkeiper.at\/shop\/wp-content\/uploads\/2023\/05\/Autorenfoto_August_Schmoelzer_Am_Ende_wird_alles_sichtbar_Verlag_keiper_\u00a9Manfred_Weis.jpeg 1280w\" sizes=\"auto, (max-width: 100px) 100vw, 100px\" \/><\/a><br \/>\n<a href=\"https:\/\/www.editionkeiper.at\/shop\/wp-content\/uploads\/2023\/05\/Autorenfoto_August_Schmoelzer_Am_Ende_wird_alles_sichtbar_Verlag_keiper_\u00a9Manfred_Weis.jpeg\" target=\"_blank\" rel=\"noopener\">Autorenfoto<\/a> <span style=\"color: #999999;\">(1280px * 895px; 300dpi; 303kb)<\/span><\/p>\n<p><a href=\"https:\/\/www.editionkeiper.at\/shop\/wp-content\/uploads\/2023\/05\/2D_Cover_August_Schmoelzer_Am_Ende_wird_alles_sichtbar_Verlag_keiper.jpg\" target=\"_blank\" rel=\"noopener\"><img loading=\"lazy\" loading=\"lazy\" decoding=\"async\" class=\"alignnone wp-image-12609\" src=\"https:\/\/www.editionkeiper.at\/shop\/wp-content\/uploads\/2023\/05\/2D_Cover_August_Schmoelzer_Am_Ende_wird_alles_sichtbar_Verlag_keiper-150x150.jpg\" alt=\"\" width=\"48\" height=\"80\" srcset=\"https:\/\/www.editionkeiper.at\/shop\/wp-content\/uploads\/2023\/05\/2D_Cover_August_Schmoelzer_Am_Ende_wird_alles_sichtbar_Verlag_keiper-180x300.jpg 180w, https:\/\/www.editionkeiper.at\/shop\/wp-content\/uploads\/2023\/05\/2D_Cover_August_Schmoelzer_Am_Ende_wird_alles_sichtbar_Verlag_keiper-614x1024.jpg 614w, https:\/\/www.editionkeiper.at\/shop\/wp-content\/uploads\/2023\/05\/2D_Cover_August_Schmoelzer_Am_Ende_wird_alles_sichtbar_Verlag_keiper-768x1280.jpg 768w, https:\/\/www.editionkeiper.at\/shop\/wp-content\/uploads\/2023\/05\/2D_Cover_August_Schmoelzer_Am_Ende_wird_alles_sichtbar_Verlag_keiper-921x1536.jpg 921w, https:\/\/www.editionkeiper.at\/shop\/wp-content\/uploads\/2023\/05\/2D_Cover_August_Schmoelzer_Am_Ende_wird_alles_sichtbar_Verlag_keiper-1229x2048.jpg 1229w, https:\/\/www.editionkeiper.at\/shop\/wp-content\/uploads\/2023\/05\/2D_Cover_August_Schmoelzer_Am_Ende_wird_alles_sichtbar_Verlag_keiper-6x10.jpg 6w, https:\/\/www.editionkeiper.at\/shop\/wp-content\/uploads\/2023\/05\/2D_Cover_August_Schmoelzer_Am_Ende_wird_alles_sichtbar_Verlag_keiper-565x942.jpg 565w, https:\/\/www.editionkeiper.at\/shop\/wp-content\/uploads\/2023\/05\/2D_Cover_August_Schmoelzer_Am_Ende_wird_alles_sichtbar_Verlag_keiper-574x957.jpg 574w, https:\/\/www.editionkeiper.at\/shop\/wp-content\/uploads\/2023\/05\/2D_Cover_August_Schmoelzer_Am_Ende_wird_alles_sichtbar_Verlag_keiper.jpg 1417w\" sizes=\"auto, (max-width: 48px) 100vw, 48px\" \/><\/a><br \/>\n<a href=\"https:\/\/www.editionkeiper.at\/shop\/wp-content\/uploads\/2023\/05\/2D_Cover_August_Schmoelzer_Am_Ende_wird_alles_sichtbar_Verlag_keiper.jpg\" target=\"_blank\" rel=\"noopener\">Cover 2D<\/a> <span style=\"color: #999999;\">(2362px * 1417px;\u00a0 300dpi;3,2mb)<\/span><\/p>\n<p><a href=\"https:\/\/www.editionkeiper.at\/shop\/wp-content\/uploads\/2023\/05\/3D_Cover_August_Schmoelzer_Am_Ende_wird_alles_sichtbar_Verlag_keiper.jpg\" target=\"_blank\" rel=\"noopener\"><img loading=\"lazy\" loading=\"lazy\" decoding=\"async\" class=\"alignnone wp-image-12610\" src=\"https:\/\/www.editionkeiper.at\/shop\/wp-content\/uploads\/2023\/05\/3D_Cover_August_Schmoelzer_Am_Ende_wird_alles_sichtbar_Verlag_keiper-150x150.jpg\" alt=\"\" width=\"50\" height=\"80\" srcset=\"https:\/\/www.editionkeiper.at\/shop\/wp-content\/uploads\/2023\/05\/3D_Cover_August_Schmoelzer_Am_Ende_wird_alles_sichtbar_Verlag_keiper-189x300.jpg 189w, https:\/\/www.editionkeiper.at\/shop\/wp-content\/uploads\/2023\/05\/3D_Cover_August_Schmoelzer_Am_Ende_wird_alles_sichtbar_Verlag_keiper-646x1024.jpg 646w, https:\/\/www.editionkeiper.at\/shop\/wp-content\/uploads\/2023\/05\/3D_Cover_August_Schmoelzer_Am_Ende_wird_alles_sichtbar_Verlag_keiper-768x1217.jpg 768w, https:\/\/www.editionkeiper.at\/shop\/wp-content\/uploads\/2023\/05\/3D_Cover_August_Schmoelzer_Am_Ende_wird_alles_sichtbar_Verlag_keiper-969x1536.jpg 969w, https:\/\/www.editionkeiper.at\/shop\/wp-content\/uploads\/2023\/05\/3D_Cover_August_Schmoelzer_Am_Ende_wird_alles_sichtbar_Verlag_keiper-6x10.jpg 6w, https:\/\/www.editionkeiper.at\/shop\/wp-content\/uploads\/2023\/05\/3D_Cover_August_Schmoelzer_Am_Ende_wird_alles_sichtbar_Verlag_keiper-565x895.jpg 565w, https:\/\/www.editionkeiper.at\/shop\/wp-content\/uploads\/2023\/05\/3D_Cover_August_Schmoelzer_Am_Ende_wird_alles_sichtbar_Verlag_keiper-574x909.jpg 574w, https:\/\/www.editionkeiper.at\/shop\/wp-content\/uploads\/2023\/05\/3D_Cover_August_Schmoelzer_Am_Ende_wird_alles_sichtbar_Verlag_keiper.jpg 1239w\" sizes=\"auto, (max-width: 50px) 100vw, 50px\" \/><\/a><br \/>\n<a href=\"https:\/\/www.editionkeiper.at\/shop\/wp-content\/uploads\/2023\/05\/3D_Cover_August_Schmoelzer_Am_Ende_wird_alles_sichtbar_Verlag_keiper.jpg\" target=\"_blank\" rel=\"noopener\">Cover 3D<\/a> <span style=\"color: #999999;\">(1963px * 1239px; 300 dpi; 2,5mb)<\/span><\/p>\n<p><a href=\"https:\/\/www.editionkeiper.at\/shop\/wp-content\/uploads\/2023\/05\/Plakat_August_Schmoelzer_Am_Ende_sichtbar_Verlag_edition_keiper.pdf\" target=\"_blank\" rel=\"noopener\"><img loading=\"lazy\" loading=\"lazy\" decoding=\"async\" class=\"alignnone wp-image-13053 size-full\" src=\"https:\/\/www.editionkeiper.at\/shop\/wp-content\/uploads\/2023\/05\/Plakat_August_Schmoelzer_Am_Ende_sichtbar_Verlag_edition_keiper_Shop.jpg\" alt=\"\" width=\"141\" height=\"200\" srcset=\"https:\/\/www.editionkeiper.at\/shop\/wp-content\/uploads\/2023\/05\/Plakat_August_Schmoelzer_Am_Ende_sichtbar_Verlag_edition_keiper_Shop.jpg 141w, https:\/\/www.editionkeiper.at\/shop\/wp-content\/uploads\/2023\/05\/Plakat_August_Schmoelzer_Am_Ende_sichtbar_Verlag_edition_keiper_Shop-7x10.jpg 7w\" sizes=\"auto, (max-width: 141px) 100vw, 141px\" \/><\/a><br \/>\n<a href=\"https:\/\/www.editionkeiper.at\/shop\/wp-content\/uploads\/2023\/05\/Plakat_August_Schmoelzer_Am_Ende_sichtbar_Verlag_edition_keiper.pdf\" target=\"_blank\" rel=\"noopener\">Plakat A1<\/a><br \/>\n<span style=\"color: #999999;\">(PDF; 300 dpi; 7,2 MB; Kann auch f\u00fcr <strong>A3 und A4<\/strong> verwendet werden)<\/span><\/p>\n<p><a href=\"https:\/\/www.editionkeiper.at\/shop\/wp-content\/uploads\/2023\/05\/Buchpraesentation_Plakat_A1_August_Schmoelzer_Am_Ende_sichtbar_Verlag_edition_keiper.pdf\" target=\"_blank\" rel=\"noopener\"><img loading=\"lazy\" loading=\"lazy\" decoding=\"async\" class=\"alignnone wp-image-13052 size-full\" src=\"https:\/\/www.editionkeiper.at\/shop\/wp-content\/uploads\/2023\/05\/Buchpraesentation_Plakat_August_Schmoelzer_Am_Ende_sichtbar_Verlag_edition_keiper_Shop.jpg\" alt=\"\" width=\"141\" height=\"200\" srcset=\"https:\/\/www.editionkeiper.at\/shop\/wp-content\/uploads\/2023\/05\/Buchpraesentation_Plakat_August_Schmoelzer_Am_Ende_sichtbar_Verlag_edition_keiper_Shop.jpg 141w, https:\/\/www.editionkeiper.at\/shop\/wp-content\/uploads\/2023\/05\/Buchpraesentation_Plakat_August_Schmoelzer_Am_Ende_sichtbar_Verlag_edition_keiper_Shop-7x10.jpg 7w\" sizes=\"auto, (max-width: 141px) 100vw, 141px\" \/><\/a><br \/>\n<a href=\"https:\/\/www.editionkeiper.at\/shop\/wp-content\/uploads\/2023\/05\/Buchpraesentation_Plakat_A1_August_Schmoelzer_Am_Ende_sichtbar_Verlag_edition_keiper.pdf\" target=\"_blank\" rel=\"noopener\">Plakat A1 f\u00fcr Veranstaltungen und Lesungen<\/a><br \/>\n<span style=\"color: #999999;\">(PDF; 300 dpi; 12,8 MB, Kann auch f\u00fcr <strong>A3 und A4<\/strong> verwendet werden)<\/span><\/p>\n<p>&nbsp;<\/p>\n<p>Der Trailer zum Film:<\/p>\n<p><iframe loading=\"lazy\" title=\"AM ENDE WIRD ALLES SICHTBAR, Teaser\" width=\"1170\" height=\"658\" src=\"https:\/\/www.youtube.com\/embed\/fWQncWd8zrY?feature=oembed\" frameborder=\"0\" allow=\"accelerometer; autoplay; clipboard-write; encrypted-media; gyroscope; picture-in-picture; web-share\" referrerpolicy=\"strict-origin-when-cross-origin\" allowfullscreen><\/iframe><\/p>\n<p>&nbsp;<\/p>\n","protected":false},"excerpt":{"rendered":"<ul>\n<li class=\"p1\">Romanvorlage f\u00fcr den gleichnamigen Spielfilm (Drehbuch: Peter Keglevic, Klaus Pohl; Regie: Peter Keglevic; Musik: Christian Kolonovits; Bildgestaltung: Peter Zeitlinger; Produzent: Wolfgang Rest; Produktion: FILM27).<br \/>\n<strong><span style=\"color: #993366;\">Hier gehts zum <a href=\"https:\/\/www.youtube.com\/watch?v=fWQncWd8zrY\">TRAILER<\/a>.<\/span><\/strong><\/li>\n<li>Filmstart Herbst 2023<\/li>\n<li><span class=\"\" lang=\"DE\">Peter Keglevic: &#8222;August Schm\u00f6lzers Roman<i class=\"\"> Am Ende wird alles sichtbar<\/i> enth\u00e4lt f\u00fcr mich Gr\u00f6\u00dfe und Wucht, Tiefe und Z\u00e4rtlichkeit, wie man sie sich auch in einem Film w\u00fcnscht.&#8220;<\/span><\/li>\n<li class=\"p1\">Eine sensible Ann\u00e4herung an die zwei gro\u00dfen Themen Vergangenheitsbew\u00e4ltigung und Liebe.<\/li>\n<\/ul>\n<p>&nbsp;<\/p>\n","protected":false},"featured_media":12607,"comment_status":"open","ping_status":"closed","template":"","meta":[],"etheme_brands":[],"product_brand":[],"product_cat":[3687],"product_tag":[4522,336,4524,926,4526,4520,241,117,348,4523,323,218,4521,4525,209,109],"yst_prominent_words":[],"class_list":{"0":"post-12584","1":"product","2":"type-product","3":"status-publish","4":"has-post-thumbnail","6":"product_cat-romane","7":"product_tag-august-schmoelzer","8":"product_tag-belletristik","9":"product_tag-drehbuch-peter-keglevic-und-klaus-pohl","10":"product_tag-film","11":"product_tag-filmstart-herbst-2023","12":"product_tag-filmvorlage","13":"product_tag-graz","14":"product_tag-keiper","15":"product_tag-literatur","16":"product_tag-musk-christian-kolonovits","17":"product_tag-oesterreich","18":"product_tag-roman","19":"product_tag-romanverfilmung","20":"product_tag-schauspieler","21":"product_tag-steiermark","22":"product_tag-www-editionkeiper-at","24":"first","25":"instock","26":"shipping-taxable","27":"purchasable","28":"product-type-simple"},"_links":{"self":[{"href":"https:\/\/www.editionkeiper.at\/shop\/wp-json\/wp\/v2\/product\/12584","targetHints":{"allow":["GET"]}}],"collection":[{"href":"https:\/\/www.editionkeiper.at\/shop\/wp-json\/wp\/v2\/product"}],"about":[{"href":"https:\/\/www.editionkeiper.at\/shop\/wp-json\/wp\/v2\/types\/product"}],"replies":[{"embeddable":true,"href":"https:\/\/www.editionkeiper.at\/shop\/wp-json\/wp\/v2\/comments?post=12584"}],"wp:featuredmedia":[{"embeddable":true,"href":"https:\/\/www.editionkeiper.at\/shop\/wp-json\/wp\/v2\/media\/12607"}],"wp:attachment":[{"href":"https:\/\/www.editionkeiper.at\/shop\/wp-json\/wp\/v2\/media?parent=12584"}],"wp:term":[{"taxonomy":"brand","embeddable":true,"href":"https:\/\/www.editionkeiper.at\/shop\/wp-json\/wp\/v2\/etheme_brands?post=12584"},{"taxonomy":"product_brand","embeddable":true,"href":"https:\/\/www.editionkeiper.at\/shop\/wp-json\/wp\/v2\/product_brand?post=12584"},{"taxonomy":"product_cat","embeddable":true,"href":"https:\/\/www.editionkeiper.at\/shop\/wp-json\/wp\/v2\/product_cat?post=12584"},{"taxonomy":"product_tag","embeddable":true,"href":"https:\/\/www.editionkeiper.at\/shop\/wp-json\/wp\/v2\/product_tag?post=12584"},{"taxonomy":"yst_prominent_words","embeddable":true,"href":"https:\/\/www.editionkeiper.at\/shop\/wp-json\/wp\/v2\/yst_prominent_words?post=12584"}],"curies":[{"name":"wp","href":"https:\/\/api.w.org\/{rel}","templated":true}]}}