{"id":11984,"date":"2023-01-16T12:17:58","date_gmt":"2023-01-16T11:17:58","guid":{"rendered":"https:\/\/www.editionkeiper.at\/shop\/?post_type=product&#038;p=11984"},"modified":"2024-01-19T13:04:20","modified_gmt":"2024-01-19T12:04:20","slug":"in-memoriam-hugo-keiper","status":"publish","type":"product","link":"https:\/\/www.editionkeiper.at\/shop\/produkt\/in-memoriam-hugo-keiper\/","title":{"rendered":"In Memoriam Hugo Keiper. Anglistischer Forscher, Lehrer, Freund: eine W\u00fcrdigung"},"content":{"rendered":"<h2>In Memoriam Hugo Keiper<\/h2>\n<p>Anglistischer Forscher, Lehrer, Freund:<br \/>\neine W\u00fcrdigung<\/p>\n<p>Herausgegeben von Volker Horn unter Mitwirkung von Bernadette Keiper-Fimbinger<\/p>\n<p>Hugo Keiper war den Beitr\u00e4gern zu diesem Band Lehrer, Forscher und Freund, und er konnte mit umfangreicher Fachkenntnis, mit teils \u00fcberraschenden Perspektiven und Forschungsergebnissen andere begeistern, sie begleiten auf ihrem Weg zu mehr Verst\u00e4ndnis und Freude an englischsprachigen Texten, zu Literatur in weitem Sinn. Der Gedenkband versammelt Beitr\u00e4ge von Kolleginnen und Kollegen, Projektpartnern, Studierenden, Freunden nach dem allzu fr\u00fchen Tod des Grazer Anglisten. Entsprechend der gro\u00dfen Breite von Hugo Keipers Interessen und Themen der Forschung sind dies ganz unterschiedliche Zeugnisse von fachlicher Zusammenarbeit bei anglistischen oder interdisziplin\u00e4ren Projekten; freundschaftlich-sachliches Nachzeichnen teils von fachlicher Kooperation, teils pers\u00f6nlicher Beziehung, bis zu literaturkritischen Texten in von Hugo (mit) inspirierten Bereichen, sowie Berichte von universit\u00e4ren Kooperationen, von Lehrveranstaltungen und ihren \u201eFolgen\u201c.<\/p>\n<p><strong>Beitr\u00e4ger\/innen: <\/strong>Gerfried Ambrosch, Christina Bern\u00f6gger (Budweis), Michael Bertl, Christoph Bode (M\u00fcnchen), G\u00fcnther Burndorfer, Lilian Faschinger, Monika Fludernik (Freiburg), Wolfgang G\u00f6rtschacher (Salzburg), Volker Horn, Bernadette Keiper-Fimbinger, Maximilian Keiper, Victor Kennedy (Maribor), Krisitan Kolar (Maribor), Eveline Krummen (Graz), Martin L\u00f6schnigg (Graz), Andreas Mahler (Berlin), Manfred Pfister (Berlin), Aljaz Robic, Franz Karl Stanzel (Graz), Kristin Steindl, Johannes Wally (Graz).<\/p>\n<p><strong>Preis:<\/strong> AT \u20ac 25,00 \/ DE \u20ac 24,32<\/p>\n<p><strong>ISBN13: <\/strong>978-3-903322-75-2<\/p>\n<p><strong>Erscheinungsdatum:<\/strong> 14. Oktober 2023<\/p>\n<p><strong>Seiten:<\/strong> 376<\/p>\n<p><strong>Sprache:<\/strong> Deutsch\/Englisch<\/p>\n<p><strong>Format:<\/strong> 20 x 12 cm; Klappenbroschur<\/p>\n<p><a href=\"https:\/\/www.editionkeiper.at\/shop\/wp-content\/uploads\/2023\/01\/Leseprobe_Kern_Horn_Volker_Bernadette_keiper_Fimbinger_Memoriam_Keiper_Hugo_.pdf\" target=\"_blank\" rel=\"noopener\"><img loading=\"lazy\" loading=\"lazy\" decoding=\"async\" class=\"alignnone size-full wp-image-9320\" src=\"https:\/\/www.editionkeiper.at\/shop\/wp-content\/uploads\/2021\/06\/Leseprobe_Verlag_Keiper.png\" alt=\"\" width=\"90\" height=\"125\" srcset=\"https:\/\/www.editionkeiper.at\/shop\/wp-content\/uploads\/2021\/06\/Leseprobe_Verlag_Keiper.png 90w, https:\/\/www.editionkeiper.at\/shop\/wp-content\/uploads\/2021\/06\/Leseprobe_Verlag_Keiper-7x10.png 7w\" sizes=\"auto, (max-width: 90px) 100vw, 90px\" \/><\/a><\/p>\n","protected":false},"excerpt":{"rendered":"<p>Was Hugo Keiper an einem Grazer Uni-Institut geschaffen und erm\u00f6glicht hat: das zeigt dieser Band, mit fachlichen und pers\u00f6nlichen Beitr\u00e4gen f\u00fcr nicht spezialisierte Leser. Zum Gedenken, und auf Gegenwart und Zukunft ausgerichtet.<\/p>\n<ul>\n<li>Individuell wie auch kollaborativ arbeiten in geisteswissenschaftlicher Forschung und Lehre zu teils unkonventionellen, kontroversen Themen \u2013 gibt es das?<\/li>\n<li>Hugo Keiper, Anglist der Universit\u00e4t Graz, schaffte dies, wie in- und ausl\u00e4ndische Kolleginnen, Kollegen, Studierende, Freunde bezeugen.<\/li>\n<li>Ein Band der W\u00fcrdigung, mit pers\u00f6nlichen Texten wie auch Aufs\u00e4tzen fachlicher Art, von Shakespeare bis Popkultur: nicht aus dem Elfenbeinturm.<\/li>\n<\/ul>\n<p>&nbsp;<\/p>\n","protected":false},"featured_media":11985,"comment_status":"open","ping_status":"closed","template":"","meta":[],"etheme_brands":[],"product_brand":[],"product_cat":[3506],"product_tag":[],"yst_prominent_words":[3185,3390,3387,3285,3243],"class_list":{"0":"post-11984","1":"product","2":"type-product","3":"status-publish","4":"has-post-thumbnail","6":"product_cat-essays","8":"first","9":"instock","10":"shipping-taxable","11":"purchasable","12":"product-type-simple"},"_links":{"self":[{"href":"https:\/\/www.editionkeiper.at\/shop\/wp-json\/wp\/v2\/product\/11984","targetHints":{"allow":["GET"]}}],"collection":[{"href":"https:\/\/www.editionkeiper.at\/shop\/wp-json\/wp\/v2\/product"}],"about":[{"href":"https:\/\/www.editionkeiper.at\/shop\/wp-json\/wp\/v2\/types\/product"}],"replies":[{"embeddable":true,"href":"https:\/\/www.editionkeiper.at\/shop\/wp-json\/wp\/v2\/comments?post=11984"}],"wp:featuredmedia":[{"embeddable":true,"href":"https:\/\/www.editionkeiper.at\/shop\/wp-json\/wp\/v2\/media\/11985"}],"wp:attachment":[{"href":"https:\/\/www.editionkeiper.at\/shop\/wp-json\/wp\/v2\/media?parent=11984"}],"wp:term":[{"taxonomy":"brand","embeddable":true,"href":"https:\/\/www.editionkeiper.at\/shop\/wp-json\/wp\/v2\/etheme_brands?post=11984"},{"taxonomy":"product_brand","embeddable":true,"href":"https:\/\/www.editionkeiper.at\/shop\/wp-json\/wp\/v2\/product_brand?post=11984"},{"taxonomy":"product_cat","embeddable":true,"href":"https:\/\/www.editionkeiper.at\/shop\/wp-json\/wp\/v2\/product_cat?post=11984"},{"taxonomy":"product_tag","embeddable":true,"href":"https:\/\/www.editionkeiper.at\/shop\/wp-json\/wp\/v2\/product_tag?post=11984"},{"taxonomy":"yst_prominent_words","embeddable":true,"href":"https:\/\/www.editionkeiper.at\/shop\/wp-json\/wp\/v2\/yst_prominent_words?post=11984"}],"curies":[{"name":"wp","href":"https:\/\/api.w.org\/{rel}","templated":true}]}}