{"id":11979,"date":"2023-01-16T11:51:09","date_gmt":"2023-01-16T10:51:09","guid":{"rendered":"https:\/\/www.editionkeiper.at\/shop\/?post_type=product&#038;p=11979"},"modified":"2025-10-30T16:53:10","modified_gmt":"2025-10-30T15:53:10","slug":"die-buechermagier","status":"publish","type":"product","link":"https:\/\/www.editionkeiper.at\/shop\/produkt\/die-buechermagier\/","title":{"rendered":"Die B\u00fcchermagier I"},"content":{"rendered":"<h2 class=\"p1\">Die B\u00fcchermagier<\/h2>\n<p class=\"p2\">Ein Abenteuer des Kajetan Knapp<\/p>\n<p class=\"p3\"><span class=\"s1\">von <a href=\"https:\/\/www.editionkeiper.at\/shop\/preis-robert\/\">Robert J. Preis<\/a><\/span><\/p>\n<p class=\"p1\"><span class=\"s1\">Nirgendwo sonst ist Magie gr\u00f6\u00dfer als in einer Buchhandlung. Deshalb nimmt die Geschichte hier ihren Ausgang: Kajetan, der sechzehnj\u00e4hrige, introvertierte Buchh\u00e4ndlerlehrling, bekommt eines Tages Besuch von einem Hund, Grimm, und einem M\u00e4dchen, das ihn irritiert. Ihre kryptischen Ank\u00fcndigungen l\u00f6sen ein B\u00fcndel an Ereignissen aus, die Kajetan an einen sonderbaren Ort treiben, in eine sonderbare Zeit. Kreaturen uralter Sagen und Legenden werden Wirklichkeit und versetzen die Welt in Angst und Schrecken. Selbst Inspektor Polterer von der Mordkommission, der ins Geschehen eingreifen muss, ist den M\u00e4chten aus dem Reich der Sagen hilflos ausgeliefert. Denn wenn die Grenzen einmal \u00fcberschritten sind, dann geht es so richtig los. Eine kleine Verliebtheit inklusive!<\/span><\/p>\n<p><strong>Preis:<\/strong> AT \u20ac 26,00 \/ DE \u20ac 25,30<br \/>\n<strong>ISBN13: <\/strong>978-3-903322-89-9<br \/>\n<strong>Erscheinungsdatum:<\/strong> 17. Februar 2023<br \/>\n<strong>Seiten:<\/strong> ca. 340<br \/>\n<strong>Sprache:<\/strong>\u00a0Deutsch<br \/>\n<strong>Format:<\/strong> 20 x 12 cm; Hardcover, mit Schwarz-Wei\u00df-Illustrationen<\/p>\n<p><a href=\"https:\/\/www.editionkeiper.at\/shop\/wp-content\/uploads\/2023\/01\/Leseprobe_Preis_Robert_Der_Buechermagier_I_edition_keiper_Fantasy.pdf\" target=\"_blank\" rel=\"noopener\"><img loading=\"lazy\" loading=\"lazy\" decoding=\"async\" class=\"alignleft size-full wp-image-13777\" src=\"https:\/\/www.editionkeiper.at\/shop\/wp-content\/uploads\/2024\/01\/Leseprobe_Verlag_Keiper.png\" alt=\"\" width=\"90\" height=\"125\" srcset=\"https:\/\/www.editionkeiper.at\/shop\/wp-content\/uploads\/2024\/01\/Leseprobe_Verlag_Keiper.png 90w, https:\/\/www.editionkeiper.at\/shop\/wp-content\/uploads\/2024\/01\/Leseprobe_Verlag_Keiper-7x10.png 7w\" sizes=\"auto, (max-width: 90px) 100vw, 90px\" \/><\/a><\/p>\n","protected":false},"excerpt":{"rendered":"<p>Jeder wei\u00df, dass die Figuren aus den B\u00fcchern, die wir lesen, uns fortziehen in ihre imagin\u00e4re Welt.<br \/>\nRobert Preis aber geht weiter und stellt sich die Frage: Was passiert, wenn die Figuren uns Leserinnen und Leser zu Hilfe rufen?<\/p>\n<ul>\n<li>Wenn die Welt vor dem Abgrund steht, braucht es Helden. Blo\u00df \u2026 manchmal wissen diese Helden nichts von ihren Kr\u00e4ften.<\/li>\n<li>Ort: Ein Dorf zwischen der Welt, die ihr kennt, und jener, die ihr im Geist erschaffen habt.<\/li>\n<li>Zeit: Als noch Hexen herrschten und wo es schon eine SOKO gibt.<\/li>\n<\/ul>\n","protected":false},"featured_media":11991,"comment_status":"open","ping_status":"closed","template":"","meta":[],"etheme_brands":[],"product_brand":[],"product_cat":[1089,3690],"product_tag":[],"yst_prominent_words":[],"class_list":{"0":"post-11979","1":"product","2":"type-product","3":"status-publish","4":"has-post-thumbnail","6":"product_cat-fantasy","7":"product_cat-jugendromane","9":"first","10":"instock","11":"shipping-taxable","12":"purchasable","13":"product-type-simple"},"_links":{"self":[{"href":"https:\/\/www.editionkeiper.at\/shop\/wp-json\/wp\/v2\/product\/11979","targetHints":{"allow":["GET"]}}],"collection":[{"href":"https:\/\/www.editionkeiper.at\/shop\/wp-json\/wp\/v2\/product"}],"about":[{"href":"https:\/\/www.editionkeiper.at\/shop\/wp-json\/wp\/v2\/types\/product"}],"replies":[{"embeddable":true,"href":"https:\/\/www.editionkeiper.at\/shop\/wp-json\/wp\/v2\/comments?post=11979"}],"wp:featuredmedia":[{"embeddable":true,"href":"https:\/\/www.editionkeiper.at\/shop\/wp-json\/wp\/v2\/media\/11991"}],"wp:attachment":[{"href":"https:\/\/www.editionkeiper.at\/shop\/wp-json\/wp\/v2\/media?parent=11979"}],"wp:term":[{"taxonomy":"brand","embeddable":true,"href":"https:\/\/www.editionkeiper.at\/shop\/wp-json\/wp\/v2\/etheme_brands?post=11979"},{"taxonomy":"product_brand","embeddable":true,"href":"https:\/\/www.editionkeiper.at\/shop\/wp-json\/wp\/v2\/product_brand?post=11979"},{"taxonomy":"product_cat","embeddable":true,"href":"https:\/\/www.editionkeiper.at\/shop\/wp-json\/wp\/v2\/product_cat?post=11979"},{"taxonomy":"product_tag","embeddable":true,"href":"https:\/\/www.editionkeiper.at\/shop\/wp-json\/wp\/v2\/product_tag?post=11979"},{"taxonomy":"yst_prominent_words","embeddable":true,"href":"https:\/\/www.editionkeiper.at\/shop\/wp-json\/wp\/v2\/yst_prominent_words?post=11979"}],"curies":[{"name":"wp","href":"https:\/\/api.w.org\/{rel}","templated":true}]}}