{"id":11971,"date":"2023-01-16T11:15:06","date_gmt":"2023-01-16T10:15:06","guid":{"rendered":"https:\/\/www.editionkeiper.at\/shop\/?post_type=product&#038;p=11971"},"modified":"2023-09-28T10:30:44","modified_gmt":"2023-09-28T08:30:44","slug":"tag-mit-motte","status":"publish","type":"product","link":"https:\/\/www.editionkeiper.at\/shop\/produkt\/tag-mit-motte\/","title":{"rendered":"Tag mit Motte"},"content":{"rendered":"<h2>Tag mit Motte \u2013 Gedichte<\/h2>\n<p>von <a href=\"https:\/\/www.editionkeiper.at\/shop\/hladicz-mario\/\">Mario Hladicz<\/a><\/p>\n<p class=\"p1\"><span class=\"s1\">Mario Hladicz ist ein verschmitzter Poet. Sein Vorsatz \u201eLet all be simple\u201d (Charles Simic) strahlt \u00fcber die vorliegenden Satzkompositionen, die durch die sanfte Formung in Gedichte Bedeutung gewinnen. Keine Wahrnehmung, keine Beobachtung ist dem behutsamen Formulierer zu leise. Keine Nebens\u00e4chlichkeit zu nebens\u00e4chlich. Nur selten durchbricht Hladicz die gew\u00e4hlte Gestalt seiner Verdichtungen, und wenn, dann um sich dem japanischen Tanka zuzuwenden:<\/span><\/p>\n<p class=\"p1\"><span class=\"s1\">\u201eDer Nachbar schleppt sein neues Einzelbett st\u00f6hnend die Stiegen hinauf \u201d\u2013 was f\u00fcr traurige Bilder die Einsamkeit hervorbringt! Man muss staunen, wie wenig simpel \u201eLet all be simple\u201c sein kann.<\/span><\/p>\n<p><strong>Preis:<\/strong> AT \u20ac 20,00 \/ DE \u20ac 19,46<\/p>\n<p><strong>ISBN13: <\/strong>978-3-903322-88-2<\/p>\n<p><strong>Erscheinungsdatum:<\/strong> 2. M\u00e4rz 2023<\/p>\n<p><strong>Seiten:<\/strong> ca. 100<\/p>\n<p><strong>Sprache:<\/strong>\u00a0Deutsch<\/p>\n<p><strong>Format:<\/strong> 20 x 12 cm; Hardcover<\/p>\n<p><a href=\"https:\/\/www.editionkeiper.at\/shop\/wp-content\/uploads\/2023\/01\/Leseprobe_HladiczMario_Tag_mit_Motte_Gedichte_edition_keiper.pdf\" target=\"_blank\" rel=\"noopener\"><img loading=\"lazy\" loading=\"lazy\" decoding=\"async\" class=\"alignnone size-full wp-image-11414\" src=\"https:\/\/www.editionkeiper.at\/shop\/wp-content\/uploads\/2022\/05\/Leseprobe_Verlag_Keiper.png\" alt=\"\" width=\"90\" height=\"125\" \/><\/a><\/p>\n","protected":false},"excerpt":{"rendered":"<p>Mario Hladicz ist ein Meister darin, sich der Form unterzuordnen. Wie ohne M\u00fche. Das Ergebnis dieser \u201eUnterordnung\u201c ist feinste Kunst. Ein Gespinst von au\u00dferordentlicher Zartheit \u2013 wie die Fl\u00fcgel einer Motte.<\/p>\n<ul>\n<li>Das Leben ist ein Gedicht.<\/li>\n<li>Feine Kompositionskunst trifft sich mit Hladiczs ganz eigenem Humor.<\/li>\n<li>Allt\u00e4gliches und schlichte Beobachtungen raffiniert in Poesie gegossen.<\/li>\n<\/ul>\n","protected":false},"featured_media":11972,"comment_status":"open","ping_status":"closed","template":"","meta":[],"etheme_brands":[],"product_brand":[],"product_cat":[3686],"product_tag":[],"yst_prominent_words":[],"class_list":{"0":"post-11971","1":"product","2":"type-product","3":"status-publish","4":"has-post-thumbnail","6":"product_cat-gedichte","8":"first","9":"instock","10":"shipping-taxable","11":"purchasable","12":"product-type-simple"},"_links":{"self":[{"href":"https:\/\/www.editionkeiper.at\/shop\/wp-json\/wp\/v2\/product\/11971","targetHints":{"allow":["GET"]}}],"collection":[{"href":"https:\/\/www.editionkeiper.at\/shop\/wp-json\/wp\/v2\/product"}],"about":[{"href":"https:\/\/www.editionkeiper.at\/shop\/wp-json\/wp\/v2\/types\/product"}],"replies":[{"embeddable":true,"href":"https:\/\/www.editionkeiper.at\/shop\/wp-json\/wp\/v2\/comments?post=11971"}],"wp:featuredmedia":[{"embeddable":true,"href":"https:\/\/www.editionkeiper.at\/shop\/wp-json\/wp\/v2\/media\/11972"}],"wp:attachment":[{"href":"https:\/\/www.editionkeiper.at\/shop\/wp-json\/wp\/v2\/media?parent=11971"}],"wp:term":[{"taxonomy":"brand","embeddable":true,"href":"https:\/\/www.editionkeiper.at\/shop\/wp-json\/wp\/v2\/etheme_brands?post=11971"},{"taxonomy":"product_brand","embeddable":true,"href":"https:\/\/www.editionkeiper.at\/shop\/wp-json\/wp\/v2\/product_brand?post=11971"},{"taxonomy":"product_cat","embeddable":true,"href":"https:\/\/www.editionkeiper.at\/shop\/wp-json\/wp\/v2\/product_cat?post=11971"},{"taxonomy":"product_tag","embeddable":true,"href":"https:\/\/www.editionkeiper.at\/shop\/wp-json\/wp\/v2\/product_tag?post=11971"},{"taxonomy":"yst_prominent_words","embeddable":true,"href":"https:\/\/www.editionkeiper.at\/shop\/wp-json\/wp\/v2\/yst_prominent_words?post=11971"}],"curies":[{"name":"wp","href":"https:\/\/api.w.org\/{rel}","templated":true}]}}