{"id":11964,"date":"2023-01-13T12:34:35","date_gmt":"2023-01-13T11:34:35","guid":{"rendered":"https:\/\/www.editionkeiper.at\/shop\/?post_type=product&#038;p=11964"},"modified":"2023-09-28T10:32:06","modified_gmt":"2023-09-28T08:32:06","slug":"venezianische-spaziergaenge-erzaehlungen","status":"publish","type":"product","link":"https:\/\/www.editionkeiper.at\/shop\/produkt\/venezianische-spaziergaenge-erzaehlungen\/","title":{"rendered":"Venezianische Spazierg\u00e4nge &#8211; Erz\u00e4hlungen"},"content":{"rendered":"<h2>Venezianische Spazierg\u00e4nge<\/h2>\n<p>von <a href=\"https:\/\/www.editionkeiper.at\/shop\/markart-mike\/\">Mike Markart<\/a><\/p>\n<p class=\"p1\">Mike Markart erwandert sich Venedig und seine Geheimnisse. Er geht von Gespr\u00e4ch zu Gespr\u00e4ch, lauscht in die Schatten und dunklen Gassen, l\u00e4sst sich in die entferntesten Winkel treiben und trinkt zwischendurch gerne mal ein Glas Wein. In den Lokalen der Einheimischen erf\u00e4hrt er von einem anderen Venedig, in dem man sich verabreden und verlieren kann, wo die Friedhofsinsel mit Angeln an die Stadt herangezogen wird und wo sich Sardinen von selbst in frisches \u00d6l st\u00fcrzen, um dem echten Venezianer ein mit Zwiebeln vermischter Genuss zu werden.Venedig von einem, der stets die Nuancen hinter dem Sichtbaren wahrnimmt. Das Dahinterliegende hinter dem Dahinterliegenden. Welche Stadt w\u00fcrde sich besser f\u00fcr diese tiefe Schau eignen als Venedig?<\/p>\n<p><strong>Preis:<\/strong> AT \u20ac 22,00 \/ DE \u20ac 21,40<\/p>\n<p><strong>ISBN13: <\/strong>978-3-903322-85-1<\/p>\n<p><strong>Erscheinungsdatum:<\/strong> 27. Februar 2023<\/p>\n<p><strong>Seiten:<\/strong> ca. 152<\/p>\n<p><strong>Sprache:<\/strong>\u00a0Deutsch<\/p>\n<p><strong>Format:<\/strong> 20 x 12 cm; Hardcover, mit Schwarz-Wei\u00df-Fotos<\/p>\n","protected":false},"excerpt":{"rendered":"<p class=\"p1\">Mike Markarts Spazierg\u00e4nge in Venedig sind so venezianisch, dass man sie \u201ePasseggiate\u201c nennen muss. Auch deswegen, weil sich Markart nicht als Tourist dieser unergr\u00fcndlichen Stadt n\u00e4hert, sondern als einer, der dort mit den Venezianern und ihren Geheimnissen lebt.<span class=\"Apple-converted-space\">\u00a0<\/span><\/p>\n<ul>\n<li>Spazierwege entlang der Schatten und des Windhauchs.<\/li>\n<li>Passeggiate mit allen Sinnen, mit Ger\u00fcchen, mit Wein, mit Cicchetti und ab und zu einem Caff\u00e8.<\/li>\n<li>Die Venezianischen Spazierg\u00e4nge werden als H\u00f6rspiele im Literaturmagazin von Radio Steiermark und auf \u00d61 gesendet.<\/li>\n<\/ul>\n","protected":false},"featured_media":12370,"comment_status":"open","ping_status":"closed","template":"","meta":[],"etheme_brands":[],"product_brand":[],"product_cat":[3685],"product_tag":[],"yst_prominent_words":[],"class_list":{"0":"post-11964","1":"product","2":"type-product","3":"status-publish","4":"has-post-thumbnail","6":"product_cat-erzaehlungen","8":"first","9":"instock","10":"shipping-taxable","11":"purchasable","12":"product-type-simple"},"_links":{"self":[{"href":"https:\/\/www.editionkeiper.at\/shop\/wp-json\/wp\/v2\/product\/11964","targetHints":{"allow":["GET"]}}],"collection":[{"href":"https:\/\/www.editionkeiper.at\/shop\/wp-json\/wp\/v2\/product"}],"about":[{"href":"https:\/\/www.editionkeiper.at\/shop\/wp-json\/wp\/v2\/types\/product"}],"replies":[{"embeddable":true,"href":"https:\/\/www.editionkeiper.at\/shop\/wp-json\/wp\/v2\/comments?post=11964"}],"wp:featuredmedia":[{"embeddable":true,"href":"https:\/\/www.editionkeiper.at\/shop\/wp-json\/wp\/v2\/media\/12370"}],"wp:attachment":[{"href":"https:\/\/www.editionkeiper.at\/shop\/wp-json\/wp\/v2\/media?parent=11964"}],"wp:term":[{"taxonomy":"brand","embeddable":true,"href":"https:\/\/www.editionkeiper.at\/shop\/wp-json\/wp\/v2\/etheme_brands?post=11964"},{"taxonomy":"product_brand","embeddable":true,"href":"https:\/\/www.editionkeiper.at\/shop\/wp-json\/wp\/v2\/product_brand?post=11964"},{"taxonomy":"product_cat","embeddable":true,"href":"https:\/\/www.editionkeiper.at\/shop\/wp-json\/wp\/v2\/product_cat?post=11964"},{"taxonomy":"product_tag","embeddable":true,"href":"https:\/\/www.editionkeiper.at\/shop\/wp-json\/wp\/v2\/product_tag?post=11964"},{"taxonomy":"yst_prominent_words","embeddable":true,"href":"https:\/\/www.editionkeiper.at\/shop\/wp-json\/wp\/v2\/yst_prominent_words?post=11964"}],"curies":[{"name":"wp","href":"https:\/\/api.w.org\/{rel}","templated":true}]}}