{"id":10928,"date":"2022-05-19T11:41:21","date_gmt":"2022-05-19T09:41:21","guid":{"rendered":"https:\/\/www.editionkeiper.at\/shop\/?post_type=product&#038;p=10928"},"modified":"2024-06-24T15:49:34","modified_gmt":"2024-06-24T13:49:34","slug":"durch-sturm-und-stille-jugendroman","status":"publish","type":"product","link":"https:\/\/www.editionkeiper.at\/shop\/produkt\/durch-sturm-und-stille-jugendroman\/","title":{"rendered":"Durch Sturm und Stille &#8211; Jugendroman"},"content":{"rendered":"<h2>Durch Sturm und Stille<\/h2>\n<h4>Jugendroman<\/h4>\n<p>von <a href=\"https:\/\/www.editionkeiper.at\/shop\/kitting-rainer\/\">Rainer Kitting<\/a><\/p>\n<p>Um die Fu\u00dfballfreunde Christian, Paul, Ben und Rami ist es ein wenig still geworden. F\u00fcr kurze Zeit hat es sie in mehrere Richtungen versprengt. Christian ist in England, wo er versucht seine Karriere voranzutreiben; seine Beziehung zu Layla erweist sich als br\u00fcchig. Paul ist aus der Akademie geflogen und k\u00e4mpft sich mit seinem Vater ab. Durch eine \u00fcberraschende Begegnung bekommt sein Leben wieder neuen Schwung. Ben hat eine erfolgreiche Musiktournee mit Nick hinter sich. Doch Nick wird krank und nun muss Ben schauen, wie es f\u00fcr ihn weitergeht. Rami steht kurz davor, sein Ziel innerhalb des FC T\u00fcche zu erreichen \u2013 und wird unerwartet ausgebootet. Das Pokalfinale soll ihm Gelegenheit bieten, den FC T\u00fcche zu \u00fcberzeugen. Ob das gelingen wird und die vier Freunde wieder auf die Kraft der Freundschaft ansto\u00dfen k\u00f6nnen?<\/p>\n<p><strong>Preis:<\/strong> AT \u20ac 18,00 \/ DE \u20ac 17,51<\/p>\n<p><strong>ISBN13: <\/strong>978-3-903322-71-4<\/p>\n<p><strong>Erscheinungsdatum:<\/strong> 21. September 2022<\/p>\n<p><strong>Seiten:<\/strong> ca. 250<\/p>\n<p><strong>Sprache:<\/strong>\u00a0Deutsch<\/p>\n<p><strong>Format:<\/strong> 12 x 20 cm; broschiert<\/p>\n<p><a href=\"https:\/\/www.editionkeiper.at\/shop\/wp-content\/uploads\/2022\/05\/Leseprobe_Kitting_Rainer_Sturm_nd_Stille_Jugendbuch_Jugend_schreibt.pdf\" target=\"_blank\" rel=\"noopener\"><img loading=\"lazy\" loading=\"lazy\" decoding=\"async\" class=\"alignnone size-full wp-image-9320\" src=\"https:\/\/www.editionkeiper.at\/shop\/wp-content\/uploads\/2021\/06\/Leseprobe_Verlag_Keiper.png\" alt=\"\" width=\"90\" height=\"125\" srcset=\"https:\/\/www.editionkeiper.at\/shop\/wp-content\/uploads\/2021\/06\/Leseprobe_Verlag_Keiper.png 90w, https:\/\/www.editionkeiper.at\/shop\/wp-content\/uploads\/2021\/06\/Leseprobe_Verlag_Keiper-7x10.png 7w\" sizes=\"auto, (max-width: 90px) 100vw, 90px\" \/><\/a><\/p>\n<p>&nbsp;<\/p>\n","protected":false},"excerpt":{"rendered":"<p>Eine bemerkenswerte Geschichte des jungen Autors im Umfeld von Fu\u00dfball, Fans und Lebenstr\u00e4umen. Charmant verwobene Lebensentw\u00fcrfe, schlicht erz\u00e4hlt und doch raffiniert aufgebaut.<br \/>\n1:0 f\u00fcr den Autor!<\/p>\n<ul>\n<li>Nach <em>Auf Jubel gebaut<\/em> der zweite Roman von Rainer Kitting um die Fu\u00dfballspieler Christian, Paul, Ben und Rami.<\/li>\n<li>Vier Freunde sind durch die Kraft der Freundschaft und den Willen, das Leben selbstbestimmt in die Hand zu nehmen, verbunden.<\/li>\n<li>Temporeich. Facettenreich. Und so, wie man sich das w\u00fcnscht, wenn man jung ist.<\/li>\n<\/ul>\n<p>&nbsp;<\/p>\n","protected":false},"featured_media":10959,"comment_status":"closed","ping_status":"closed","template":"","meta":[],"etheme_brands":[],"product_brand":[],"product_cat":[4648,4629,3690],"product_tag":[911,577,4278,4274,115,113,4279,1362,876,156,2571,4275,720,323,218,4280,4276,4277,109],"yst_prominent_words":[],"class_list":{"0":"post-10928","1":"product","2":"type-product","3":"status-publish","4":"has-post-thumbnail","6":"product_cat-jugend","7":"product_cat-jugend-schreibt","8":"product_cat-jugendromane","9":"product_tag-buch","10":"product_tag-erzaehlungen","11":"product_tag-facettenreich","12":"product_tag-fans","13":"product_tag-freunde","14":"product_tag-freundschaft","15":"product_tag-fussballfans","16":"product_tag-fussball","17":"product_tag-hund","18":"product_tag-jugendbuch","19":"product_tag-jugendroman","20":"product_tag-lebenstraum","21":"product_tag-musik","22":"product_tag-oesterreich","23":"product_tag-roman","24":"product_tag-selbstbestimmung","25":"product_tag-sport","26":"product_tag-tournee","27":"product_tag-www-editionkeiper-at","29":"first","30":"instock","31":"shipping-taxable","32":"purchasable","33":"product-type-simple"},"_links":{"self":[{"href":"https:\/\/www.editionkeiper.at\/shop\/wp-json\/wp\/v2\/product\/10928","targetHints":{"allow":["GET"]}}],"collection":[{"href":"https:\/\/www.editionkeiper.at\/shop\/wp-json\/wp\/v2\/product"}],"about":[{"href":"https:\/\/www.editionkeiper.at\/shop\/wp-json\/wp\/v2\/types\/product"}],"replies":[{"embeddable":true,"href":"https:\/\/www.editionkeiper.at\/shop\/wp-json\/wp\/v2\/comments?post=10928"}],"wp:featuredmedia":[{"embeddable":true,"href":"https:\/\/www.editionkeiper.at\/shop\/wp-json\/wp\/v2\/media\/10959"}],"wp:attachment":[{"href":"https:\/\/www.editionkeiper.at\/shop\/wp-json\/wp\/v2\/media?parent=10928"}],"wp:term":[{"taxonomy":"brand","embeddable":true,"href":"https:\/\/www.editionkeiper.at\/shop\/wp-json\/wp\/v2\/etheme_brands?post=10928"},{"taxonomy":"product_brand","embeddable":true,"href":"https:\/\/www.editionkeiper.at\/shop\/wp-json\/wp\/v2\/product_brand?post=10928"},{"taxonomy":"product_cat","embeddable":true,"href":"https:\/\/www.editionkeiper.at\/shop\/wp-json\/wp\/v2\/product_cat?post=10928"},{"taxonomy":"product_tag","embeddable":true,"href":"https:\/\/www.editionkeiper.at\/shop\/wp-json\/wp\/v2\/product_tag?post=10928"},{"taxonomy":"yst_prominent_words","embeddable":true,"href":"https:\/\/www.editionkeiper.at\/shop\/wp-json\/wp\/v2\/yst_prominent_words?post=10928"}],"curies":[{"name":"wp","href":"https:\/\/api.w.org\/{rel}","templated":true}]}}