{"id":10925,"date":"2022-05-19T12:13:19","date_gmt":"2022-05-19T10:13:19","guid":{"rendered":"https:\/\/www.editionkeiper.at\/shop\/?post_type=product&#038;p=10925"},"modified":"2023-02-17T12:47:31","modified_gmt":"2023-02-17T11:47:31","slug":"sonne-singt-mond-kitzelt","status":"publish","type":"product","link":"https:\/\/www.editionkeiper.at\/shop\/produkt\/sonne-singt-mond-kitzelt\/","title":{"rendered":"SONNE SINGT MOND KITZELT"},"content":{"rendered":"<h2>SONNE SINGT MOND KITZELT<\/h2>\n<h4>Gedichte<\/h4>\n<p>von<a href=\"https:\/\/www.editionkeiper.at\/shop\/mellak-frederik\/\"> Frederik Mellak <\/a>\u00a0und Fotografien von <a href=\"https:\/\/www.editionkeiper.at\/shop\/dietze-mellak-brigit\/\">Birgit Dietze-Mellak<\/a><\/p>\n<p>F\u00fcr den M\u00e4rchenerz\u00e4hler Frederik Mellak sind seine t\u00e4glichen Spazierg\u00e4nge eine Quelle der Inspiration. Man kann fast sagen, er trinkt \u201emit Augen und Ohren\u201c &#8211; und danach verdichtet er, verdichtet sich sein Erleben zu kleinen Geschichten. Ebenso liebt er die Stille, denn sie ist die Voraussetzung daf\u00fcr, dass sich seine Wahrnehmung nach innen \u00f6ffnen kann.\u201eWildwege zieht er\u201c, wie es in einem seiner Gedichte hei\u00dft, \u201espinnt sich ein in bergende Erde\u201c und begegnet \u201everborgenen Seelentieren\u201c. In seinen Geschichten und Gedichten durchdringen \u00e4u\u00dfere und innere Beobachtungen einander. Was f\u00fcr ein Gl\u00fccksfall, dass Frederik Mellak die Kunstfotograin Birgit Dietze-Mellak an seiner Seite hat, die beim Aufnehmen ihrer Bilder gleichsam in Pflanzen oder Landschaften versinkt. In dieser Begegnung zeigen sie der Fotografin ihr Wesen und ihre Sch\u00f6nheit. Ihre Fotografien bilden eine perfekte Inszenierung, einen eindrucksvollen und einmaligen Rahmen f\u00fcr die Texte ihres Mannes. N\u00e4heres zum Autor und zur Fotografin unter <a href=\"http:\/\/wwww.freudeanmaerchen.at\">wwww.freudeanmaerchen.at<\/a> und <a href=\"http:\/\/www.birgit-dietze-mellak.at\">www.birgit-dietze-mellak.at<\/a><\/p>\n<p><strong>Preis:<\/strong> AT \u20ac 22,00 \/ DE \u20ac 21,40<\/p>\n<p><strong>ISBN13: <\/strong>978-3-903322-76-9<\/p>\n<p><strong>Erscheinungsdatum:<\/strong> 5. Oktober 2022<\/p>\n<p><strong>Seiten:<\/strong> ca. 80<\/p>\n<p><strong>Sprache:<\/strong>\u00a0Deutsch<\/p>\n<p><strong>Format:<\/strong> 21,0 x 21,0 cm; Pappband, durchgehend Farbfotos<\/p>\n<p><a href=\"https:\/\/www.editionkeiper.at\/shop\/wp-content\/uploads\/2022\/05\/Leseprobe_Sonne_singt_Mellak_Frederik_Bildband_Gedichte.pdf\" target=\"_blank\" rel=\"noopener\"><img loading=\"lazy\" loading=\"lazy\" decoding=\"async\" class=\"alignnone size-full wp-image-11414\" src=\"https:\/\/www.editionkeiper.at\/shop\/wp-content\/uploads\/2022\/05\/Leseprobe_Verlag_Keiper.png\" alt=\"\" width=\"90\" height=\"125\" \/><\/a><\/p>\n","protected":false},"excerpt":{"rendered":"<p>Frederik Mellak pr\u00e4sentiert n\u00e4hrende Gedichte, die eine T\u00fcr zur Innenseite der Welt \u00f6ffnen. Wortspiel und -spa\u00df kommen dabei nicht zu kurz.<\/p>\n<ul>\n<li>Lyrische Streifz\u00fcge durch die Natur.<\/li>\n<li>Eine Poesie der Sinne.<\/li>\n<li>Naturfotografien von Birgit Dietze-Mellak.<\/li>\n<\/ul>\n","protected":false},"featured_media":10994,"comment_status":"closed","ping_status":"closed","template":"","meta":[],"etheme_brands":[],"product_brand":[],"product_cat":[3686,1364],"product_tag":[336,356,124,289,241,117,978,174,4299,4302,4298,323,2031,4301,209,4300,121,1165,4303,109],"yst_prominent_words":[],"class_list":{"0":"post-10925","1":"product","2":"type-product","3":"status-publish","4":"has-post-thumbnail","6":"product_cat-gedichte","7":"product_cat-kunst-und-fotografie","8":"product_tag-belletristik","9":"product_tag-edition-keiper","10":"product_tag-fotografie","11":"product_tag-gedichte","12":"product_tag-graz","13":"product_tag-keiper","14":"product_tag-landschaft","15":"product_tag-lyrik","16":"product_tag-lyrische-streifzuege","17":"product_tag-maerchenerzaehler","18":"product_tag-naturfotografie","19":"product_tag-oesterreich","20":"product_tag-poesie","21":"product_tag-schoenheit","22":"product_tag-steiermark","23":"product_tag-stille","24":"product_tag-verlag","25":"product_tag-wahrnehmung","26":"product_tag-wortspiel","27":"product_tag-www-editionkeiper-at","29":"first","30":"instock","31":"shipping-taxable","32":"purchasable","33":"product-type-simple"},"_links":{"self":[{"href":"https:\/\/www.editionkeiper.at\/shop\/wp-json\/wp\/v2\/product\/10925","targetHints":{"allow":["GET"]}}],"collection":[{"href":"https:\/\/www.editionkeiper.at\/shop\/wp-json\/wp\/v2\/product"}],"about":[{"href":"https:\/\/www.editionkeiper.at\/shop\/wp-json\/wp\/v2\/types\/product"}],"replies":[{"embeddable":true,"href":"https:\/\/www.editionkeiper.at\/shop\/wp-json\/wp\/v2\/comments?post=10925"}],"wp:featuredmedia":[{"embeddable":true,"href":"https:\/\/www.editionkeiper.at\/shop\/wp-json\/wp\/v2\/media\/10994"}],"wp:attachment":[{"href":"https:\/\/www.editionkeiper.at\/shop\/wp-json\/wp\/v2\/media?parent=10925"}],"wp:term":[{"taxonomy":"brand","embeddable":true,"href":"https:\/\/www.editionkeiper.at\/shop\/wp-json\/wp\/v2\/etheme_brands?post=10925"},{"taxonomy":"product_brand","embeddable":true,"href":"https:\/\/www.editionkeiper.at\/shop\/wp-json\/wp\/v2\/product_brand?post=10925"},{"taxonomy":"product_cat","embeddable":true,"href":"https:\/\/www.editionkeiper.at\/shop\/wp-json\/wp\/v2\/product_cat?post=10925"},{"taxonomy":"product_tag","embeddable":true,"href":"https:\/\/www.editionkeiper.at\/shop\/wp-json\/wp\/v2\/product_tag?post=10925"},{"taxonomy":"yst_prominent_words","embeddable":true,"href":"https:\/\/www.editionkeiper.at\/shop\/wp-json\/wp\/v2\/yst_prominent_words?post=10925"}],"curies":[{"name":"wp","href":"https:\/\/api.w.org\/{rel}","templated":true}]}}