{"id":10921,"date":"2022-05-19T09:54:38","date_gmt":"2022-05-19T07:54:38","guid":{"rendered":"https:\/\/www.editionkeiper.at\/shop\/?post_type=product&#038;p=10921"},"modified":"2025-07-20T18:30:20","modified_gmt":"2025-07-20T16:30:20","slug":"eisenhagel-2-die-krah","status":"publish","type":"product","link":"https:\/\/www.editionkeiper.at\/shop\/produkt\/eisenhagel-2-die-krah\/","title":{"rendered":"Eisenhagel 2 &#8211; Die Krah"},"content":{"rendered":"<h2>Eisenhagel 2<\/h2>\n<h4>Die Krah<\/h4>\n<p>von <a href=\"https:\/\/www.editionkeiper.at\/shop\/wanko-martin-g-2\/\">Martin G. Wanko<\/a><\/p>\n<p>Wie geht es weiter in Eisenhagel? Endlich gibt es den neuen Steiermark-Krimi von Martin G. Wanko. Gewitzt erz\u00e4hlt, noch bissiger und noch knackiger. Ein echter Wanko eben.<\/p>\n<p>Worum es geht? Nun, der Herbst l\u00e4utet in Eisenhagel die Krampuszeit ein. Da gen\u00fcgt der erste Nebel, der sich aus den W\u00e4ldern nach Eisenhagel in die Gem\u00e4cher einschleicht, oder das erste Kaminfeuer, das angemacht wird. Eisenhagel versinkt in winterlicher Stille. Aber nur fast, denn man bereitet bereits den n\u00e4chsten Krampuslauf vor. Doch Jenny, Kevin und Annika haben noch M\u00fche, den Krampuslauf vom letzten Jahr zu verdauen, besonders Jenny, die ehemalige Krampusprinzessin, hat mit dem Krampuslauf diesmal nichts am Hut. Doch aus dem Nichts erscheint Edi, verteilt Kr\u00e4hen aus Schokolade und mietet sich in die sagenumwobene Krah ein. Aber wer kommt schon ohne Absichten nach Eisenhagel? Dazu taucht aus einem Nachlass ein Bild mit einem M\u00e4dchen auf, das auf best\u00fcrzende Weise mehr als nur ein Bild ist. Ja, am 5. Dezember wird Eisenhagel wohl erbeben, denn dann kommt der Krampus zur\u00fcck! It\u2019s Krampus-Time!<\/p>\n<p>Wer den schr\u00e4gen Autor n\u00e4her kennenlernen m\u00f6chte &#8211; hier ist seine <a href=\"http:\/\/www.m-wanko.at\">Website<\/a>.<\/p>\n<p><strong>Preis:<\/strong> AT \u20ac 22,00 \/ DE \u20ac 21,40<\/p>\n<p><strong>ISBN13: <\/strong>978-3-903322-67-7<\/p>\n<p><strong>Erscheinungsdatum:<\/strong> 5. Oktober 2022<\/p>\n<p><strong>Seiten:<\/strong> 352<\/p>\n<p><strong>Sprache:<\/strong>\u00a0Deutsch<\/p>\n<p><strong>Format:<\/strong> 12 x 20 cm; broschiert.<\/p>\n<p><strong>Autorenfoto: <\/strong>Clarissa Berner<\/p>\n<p><a href=\"https:\/\/www.editionkeiper.at\/shop\/wp-content\/uploads\/2022\/05\/Leseprobe_Wanko_Martin_Steiermark-Krimi_keiper_Verlag.pdf\" target=\"_blank\" rel=\"noopener\"><img loading=\"lazy\" loading=\"lazy\" decoding=\"async\" class=\"alignnone size-full wp-image-11414\" src=\"https:\/\/www.editionkeiper.at\/shop\/wp-content\/uploads\/2022\/05\/Leseprobe_Verlag_Keiper.png\" alt=\"\" width=\"90\" height=\"125\" \/><\/a><\/p>\n<p>&nbsp;<\/p>\n","protected":false},"excerpt":{"rendered":"<p>Was ist Eisenhagel? Eisenhagel ist ein fiktiver Ort, den doch jeder von uns kennt.<br \/>\nHier liegen Gut und B\u00f6se eng beieinander. Eisenhagel l\u00e4sst Gedanken Wirklichkeit werden, die man lieber nie gehabt h\u00e4tte.<\/p>\n<ul>\n<li>Der zweite Steiermark-Krimi aus Eisenhagel!<\/li>\n<li>Wenn es Eisenhagel nicht g\u00e4be, m\u00fcsste man es erfinden.<\/li>\n<li>Typisch Wanko \u2013 ohne Maulkorb und schr\u00e4g wie immer.<\/li>\n<\/ul>\n<p>&nbsp;<\/p>\n","protected":false},"featured_media":10949,"comment_status":"open","ping_status":"closed","template":"","meta":[],"etheme_brands":[],"product_brand":[],"product_cat":[1394],"product_tag":[336,356,241,117,4254,3528,558,198,1125,668,323,207,218,4253,589,209,3493,121,109],"yst_prominent_words":[],"class_list":{"0":"post-10921","1":"product","2":"type-product","3":"status-publish","4":"has-post-thumbnail","6":"product_cat-krimi","7":"product_tag-belletristik","8":"product_tag-edition-keiper","9":"product_tag-graz","10":"product_tag-keiper","11":"product_tag-kraehe","12":"product_tag-krampus","13":"product_tag-krimi","14":"product_tag-kriminalroman","15":"product_tag-martin-g-wanko","16":"product_tag-neuerscheinung","17":"product_tag-oesterreich","18":"product_tag-regionalkrimi","19":"product_tag-roman","20":"product_tag-schraeger-krimi","21":"product_tag-spannung","22":"product_tag-steiermark","23":"product_tag-steiermark-krimi","24":"product_tag-verlag","25":"product_tag-www-editionkeiper-at","27":"first","28":"instock","29":"shipping-taxable","30":"purchasable","31":"product-type-simple"},"_links":{"self":[{"href":"https:\/\/www.editionkeiper.at\/shop\/wp-json\/wp\/v2\/product\/10921","targetHints":{"allow":["GET"]}}],"collection":[{"href":"https:\/\/www.editionkeiper.at\/shop\/wp-json\/wp\/v2\/product"}],"about":[{"href":"https:\/\/www.editionkeiper.at\/shop\/wp-json\/wp\/v2\/types\/product"}],"replies":[{"embeddable":true,"href":"https:\/\/www.editionkeiper.at\/shop\/wp-json\/wp\/v2\/comments?post=10921"}],"wp:featuredmedia":[{"embeddable":true,"href":"https:\/\/www.editionkeiper.at\/shop\/wp-json\/wp\/v2\/media\/10949"}],"wp:attachment":[{"href":"https:\/\/www.editionkeiper.at\/shop\/wp-json\/wp\/v2\/media?parent=10921"}],"wp:term":[{"taxonomy":"brand","embeddable":true,"href":"https:\/\/www.editionkeiper.at\/shop\/wp-json\/wp\/v2\/etheme_brands?post=10921"},{"taxonomy":"product_brand","embeddable":true,"href":"https:\/\/www.editionkeiper.at\/shop\/wp-json\/wp\/v2\/product_brand?post=10921"},{"taxonomy":"product_cat","embeddable":true,"href":"https:\/\/www.editionkeiper.at\/shop\/wp-json\/wp\/v2\/product_cat?post=10921"},{"taxonomy":"product_tag","embeddable":true,"href":"https:\/\/www.editionkeiper.at\/shop\/wp-json\/wp\/v2\/product_tag?post=10921"},{"taxonomy":"yst_prominent_words","embeddable":true,"href":"https:\/\/www.editionkeiper.at\/shop\/wp-json\/wp\/v2\/yst_prominent_words?post=10921"}],"curies":[{"name":"wp","href":"https:\/\/api.w.org\/{rel}","templated":true}]}}