{"id":1049,"date":"2008-05-01T14:20:59","date_gmt":"2008-05-01T12:20:59","guid":{"rendered":"https:\/\/www.editionkeiper.at\/shop\/produkt\/unter-hakenkreuz-und-trikolore\/"},"modified":"2021-03-08T14:23:27","modified_gmt":"2021-03-08T13:23:27","slug":"unter-hakenkreuz-und-trikolore","status":"publish","type":"product","link":"https:\/\/www.editionkeiper.at\/shop\/produkt\/unter-hakenkreuz-und-trikolore\/","title":{"rendered":"Unter Hakenkreuz und Trikolore"},"content":{"rendered":"<h2>Unter Hakenkreuz und Trikolore<\/h2>\n<p><strong>Memoiren<\/strong><\/p>\n<p>von\u00a0<strong><a href=\"https:\/\/www.editionkeiper.at\/shop\/scherzer-oscar\/\">Oscar Scherzer<\/a><br \/>\n<\/strong><\/p>\n<p>Einleitung von Margarete Nezbeda, Engelbert Fink, Anita Keiper und Bernadette Keiper.<\/p>\n<p>Die Erinnerungen von Oscar Scherzer, der als Jude vor den Nazis 1933 aus Deutschland, 1938 aus Wien und 1939 aus Frankreich fl\u00fcchten musste, lesen sich spannend und erschreckend zugleich. Frieden und ein neues Leben fand Scherzer in den USA, wo er nicht nur auf seine ebenfalls gefl\u00fcchtete Familie traf, sondern auch als Gesch\u00e4ftsmann erfolgreich re\u00fcssieren konnte. &#8222;Unter Hakenkreuz und Trikolore&#8220; beruht auf Oscar Scherzers Tageb\u00fcchern, die in seiner Zeit in Paris entstanden sind. Es ist ein ber\u00fchrendes Dokument eines Zeitzeugen, das keinen Leser und keine Leserin unbeeindruckt lassen wird.<\/p>\n<p>&nbsp;<\/p>\n<p><strong>Preis:<\/strong> AT \u20ac 19,80 \/ DE \u20ac 19.26<\/p>\n<p><strong>Seiten:<\/strong>\u00a0276<\/p>\n<p><strong>ISBN13:<\/strong>\u00a0978-3-9502516-1-6<\/p>\n<p><strong>Erscheinungsdatum:<\/strong>\u00a005.2008<\/p>\n<p><strong>Sprache:<\/strong>\u00a0Deutsch<\/p>\n<p><strong>Format:<\/strong>\u00a020,5 x 14,5 cm;\u00a0Paperback;\u00a0Buch flexibler Einband (Paperback)<\/p>\n<p>25 Illustration(en), schwarz-wei\u00df<\/p>\n","protected":false},"excerpt":{"rendered":"<p>Mit einer Einleitung von Margarete Nezbeda, Engelbert Fink, Anita Keiper und Bernadette Keiper.<\/p>\n<p>Die Erinnerungen von Oscar Scherzer, der als Jude vor den Nazis 1933 aus Deutschland, 1938 aus Wien und 1939 aus Frankreich fl\u00fcchten musste, lesen sich spannend und erschreckend zugleich. Frieden und ein neues Leben fand Scherzer in den USA, wo er nicht nur auf seine ebenfalls gefl\u00fcchtete Familie traf, sondern auch als Gesch\u00e4ftsmann erfolgreich re\u00fcssieren konnte.<\/p>\n","protected":false},"featured_media":1545,"comment_status":"closed","ping_status":"closed","template":"","meta":[],"etheme_brands":[],"product_brand":[],"product_cat":[3089,3682],"product_tag":[1357,1355,1356,1358,536],"yst_prominent_words":[3285],"class_list":{"0":"post-1049","1":"product","2":"type-product","3":"status-publish","4":"has-post-thumbnail","6":"product_cat-biografie","7":"product_cat-zeitgeschichte","8":"product_tag-1357","9":"product_tag-gedenkjahr","10":"product_tag-holocaust","11":"product_tag-juedischer-fluechtling","12":"product_tag-tagebuch","14":"first","15":"instock","16":"shipping-taxable","17":"purchasable","18":"product-type-simple"},"_links":{"self":[{"href":"https:\/\/www.editionkeiper.at\/shop\/wp-json\/wp\/v2\/product\/1049","targetHints":{"allow":["GET"]}}],"collection":[{"href":"https:\/\/www.editionkeiper.at\/shop\/wp-json\/wp\/v2\/product"}],"about":[{"href":"https:\/\/www.editionkeiper.at\/shop\/wp-json\/wp\/v2\/types\/product"}],"replies":[{"embeddable":true,"href":"https:\/\/www.editionkeiper.at\/shop\/wp-json\/wp\/v2\/comments?post=1049"}],"wp:featuredmedia":[{"embeddable":true,"href":"https:\/\/www.editionkeiper.at\/shop\/wp-json\/wp\/v2\/media\/1545"}],"wp:attachment":[{"href":"https:\/\/www.editionkeiper.at\/shop\/wp-json\/wp\/v2\/media?parent=1049"}],"wp:term":[{"taxonomy":"brand","embeddable":true,"href":"https:\/\/www.editionkeiper.at\/shop\/wp-json\/wp\/v2\/etheme_brands?post=1049"},{"taxonomy":"product_brand","embeddable":true,"href":"https:\/\/www.editionkeiper.at\/shop\/wp-json\/wp\/v2\/product_brand?post=1049"},{"taxonomy":"product_cat","embeddable":true,"href":"https:\/\/www.editionkeiper.at\/shop\/wp-json\/wp\/v2\/product_cat?post=1049"},{"taxonomy":"product_tag","embeddable":true,"href":"https:\/\/www.editionkeiper.at\/shop\/wp-json\/wp\/v2\/product_tag?post=1049"},{"taxonomy":"yst_prominent_words","embeddable":true,"href":"https:\/\/www.editionkeiper.at\/shop\/wp-json\/wp\/v2\/yst_prominent_words?post=1049"}],"curies":[{"name":"wp","href":"https:\/\/api.w.org\/{rel}","templated":true}]}}