{"id":1047,"date":"2008-09-27T14:20:59","date_gmt":"2008-09-27T12:20:59","guid":{"rendered":"https:\/\/www.editionkeiper.at\/shop\/produkt\/zweifellos\/"},"modified":"2021-03-08T14:24:21","modified_gmt":"2021-03-08T13:24:21","slug":"zweifellos","status":"publish","type":"product","link":"https:\/\/www.editionkeiper.at\/shop\/produkt\/zweifellos\/","title":{"rendered":"Zweifellos"},"content":{"rendered":"<h2>Zweifellos<\/h2>\n<p>von\u00a0<strong><a href=\"https:\/\/www.editionkeiper.at\/shop\/huemer-christof\/\" rel=\"noopener\"> Christof Huemer<\/a><br \/>\n<\/strong><\/p>\n<p>Beratender Herausgeber\u00a0 Bernadette Keiper<\/p>\n<p>Noch vor zwei Jahren wr DJ Andreas Mar ein gefeierter K\u00fcnstler. Nun kn\u00fcpfen sich seine Hoffnungen an ein geheimnisvolles Musikprojekt, das ihn von Berlin in seine Heimatstadt Graz f\u00fchrt. Dort will Andreas neu durchstarten, vor allem seine Ex-Freundin Lara zur\u00fcckgewinnen und endlich wieder Musik machen. Doch schon bei seiner Ankunft \u00fcberf\u00e4hrt er eine blinde Frau, deren Leiche verschwindet. Weitere bizarre Dinge geschehen und Andreas sieht sich pl\u00f6tzlich im Zentrum einer Verschw\u00f6rung.<\/p>\n<p>&nbsp;<\/p>\n<p><strong>Preis:<\/strong> AT \u20ac 17,60 \/ DE \u20ac 17.12<\/p>\n<p><strong>Seiten:<\/strong>\u00a0272<\/p>\n<p><strong>ISBN13:<\/strong>\u00a0978-3-9502516-2-3<\/p>\n<p><strong>Erscheinungsdatum:<\/strong>\u00a027.09.2008<\/p>\n<p><strong>Sprache:<\/strong>\u00a0Deutsch<\/p>\n<p><strong>Format:<\/strong>\u00a020,6 x 14,4 cm;\u00a0Paperback;\u00a0Buch flexibler Einband (Paperback)<\/p>\n","protected":false},"excerpt":{"rendered":"<p>Noch vor zwei Jahren wr DJ Andreas Mar ein gefeierter K\u00fcnstler. Nun kn\u00fcpfen sich seine Hoffnungen an ein geheimnisvolles Musikprojekt, das ihn von Berlin in seine Heimatstadt Graz f\u00fchrt.<\/p>\n","protected":false},"featured_media":1456,"comment_status":"closed","ping_status":"closed","template":"","meta":[],"etheme_brands":[],"product_brand":[],"product_cat":[3687],"product_tag":[1350,241,1351,218],"yst_prominent_words":[],"class_list":{"0":"post-1047","1":"product","2":"type-product","3":"status-publish","4":"has-post-thumbnail","6":"product_cat-romane","7":"product_tag-dj","8":"product_tag-graz","9":"product_tag-musiksszene","10":"product_tag-roman","12":"first","13":"instock","14":"shipping-taxable","15":"purchasable","16":"product-type-simple"},"_links":{"self":[{"href":"https:\/\/www.editionkeiper.at\/shop\/wp-json\/wp\/v2\/product\/1047","targetHints":{"allow":["GET"]}}],"collection":[{"href":"https:\/\/www.editionkeiper.at\/shop\/wp-json\/wp\/v2\/product"}],"about":[{"href":"https:\/\/www.editionkeiper.at\/shop\/wp-json\/wp\/v2\/types\/product"}],"replies":[{"embeddable":true,"href":"https:\/\/www.editionkeiper.at\/shop\/wp-json\/wp\/v2\/comments?post=1047"}],"wp:featuredmedia":[{"embeddable":true,"href":"https:\/\/www.editionkeiper.at\/shop\/wp-json\/wp\/v2\/media\/1456"}],"wp:attachment":[{"href":"https:\/\/www.editionkeiper.at\/shop\/wp-json\/wp\/v2\/media?parent=1047"}],"wp:term":[{"taxonomy":"brand","embeddable":true,"href":"https:\/\/www.editionkeiper.at\/shop\/wp-json\/wp\/v2\/etheme_brands?post=1047"},{"taxonomy":"product_brand","embeddable":true,"href":"https:\/\/www.editionkeiper.at\/shop\/wp-json\/wp\/v2\/product_brand?post=1047"},{"taxonomy":"product_cat","embeddable":true,"href":"https:\/\/www.editionkeiper.at\/shop\/wp-json\/wp\/v2\/product_cat?post=1047"},{"taxonomy":"product_tag","embeddable":true,"href":"https:\/\/www.editionkeiper.at\/shop\/wp-json\/wp\/v2\/product_tag?post=1047"},{"taxonomy":"yst_prominent_words","embeddable":true,"href":"https:\/\/www.editionkeiper.at\/shop\/wp-json\/wp\/v2\/yst_prominent_words?post=1047"}],"curies":[{"name":"wp","href":"https:\/\/api.w.org\/{rel}","templated":true}]}}