{"id":1045,"date":"2009-04-20T14:20:59","date_gmt":"2009-04-20T12:20:59","guid":{"rendered":"https:\/\/www.editionkeiper.at\/shop\/produkt\/wir-sind-graz\/"},"modified":"2021-03-08T14:27:07","modified_gmt":"2021-03-08T13:27:07","slug":"wir-sind-graz","status":"publish","type":"product","link":"https:\/\/www.editionkeiper.at\/shop\/produkt\/wir-sind-graz\/","title":{"rendered":"Wir sind Graz"},"content":{"rendered":"<h2>Wir sind Graz<\/h2>\n<p><strong>Grazer Kinder erz\u00e4hlen ihre M\u00e4rchen<\/strong><\/p>\n<p>von <strong><a href=\"https:\/\/www.editionkeiper.at\/shop\/kinder-von-4-grazer-volksschulen\/\">Grazer Volksschulkinder<\/a><br \/>\n<\/strong><\/p>\n<p>Vorwort von\u00a0 Siegfried Nagl; Bearbeitet von Martin G. Wanko; Illustriert von Grazer Volksschulkinder<\/p>\n<p>Ein Integrationsprojekt der etwas anderen Art hat der Grazer Autor Martin G. Wanko in Kooperation mit dem Kulturressort der Stadt Graz gestaltet. Kleine konnten ganz gro\u00df sein, denn am Projekt teilgenommen haben Kinder aus jenen Grazer Volksschulen, die einen Migrantenanteil von \u00fcber 78 Prozent aufweisen. Sie sammelten M\u00e4rchen aus ihren Herkunftsl\u00e4ndern, s\u00e4mtliche Illustrationen in diesem Buch stammen ebenfalls von den kleinen K\u00fcnstlerInnen.<\/p>\n<p>&nbsp;<\/p>\n<p><strong>Preis:<\/strong> AT \u20ac 19,80 \/ DE \u20ac 19.26<\/p>\n<p><strong>Seiten:<\/strong>\u00a0114<\/p>\n<p><strong>ISBN13:<\/strong>\u00a0978-3-9502516-5-4<\/p>\n<p><strong>Erscheinungsdatum:<\/strong>\u00a020.04.2009<\/p>\n<p><strong>Sprache:<\/strong>\u00a0Deutsch<\/p>\n<p><strong>Format:<\/strong>\u00a028,5 x 22,0 cm;\u00a0Gebunden;\u00a0Buch fester Einband (Hardcover)<\/p>\n<p>Junge Erwachsene; Vor-, Grund- und weiterf\u00fchrende Schulen; Kinder\/Jugendliche; MPAA rating; Lesealter (in Jahren): ab 6; Kinder, Erwachsene, Integrationsh\u00e4user<\/p>\n","protected":false},"excerpt":{"rendered":"<p>Ein Integrationsprojekt der etwas anderen Art hat der Grazer Autor Martin G. Wanko in Kooperation mit dem Kulturressort der Stadt Graz gestaltet. Kleine konnten ganz gro\u00df sein, denn am Projekt teilgenommen haben Kinder aus jenen Grazer Volksschulen, die einen Migrantenanteil von \u00fcber 78 Prozent aufweisen.<\/p>\n","protected":false},"featured_media":2209,"comment_status":"closed","ping_status":"closed","template":"","meta":[],"etheme_brands":[],"product_brand":[],"product_cat":[1396],"product_tag":[],"yst_prominent_words":[3185,3232],"class_list":{"0":"post-1045","1":"product","2":"type-product","3":"status-publish","4":"has-post-thumbnail","6":"product_cat-kinderbuch","8":"first","9":"outofstock","10":"shipping-taxable","11":"purchasable","12":"product-type-simple"},"_links":{"self":[{"href":"https:\/\/www.editionkeiper.at\/shop\/wp-json\/wp\/v2\/product\/1045","targetHints":{"allow":["GET"]}}],"collection":[{"href":"https:\/\/www.editionkeiper.at\/shop\/wp-json\/wp\/v2\/product"}],"about":[{"href":"https:\/\/www.editionkeiper.at\/shop\/wp-json\/wp\/v2\/types\/product"}],"replies":[{"embeddable":true,"href":"https:\/\/www.editionkeiper.at\/shop\/wp-json\/wp\/v2\/comments?post=1045"}],"wp:featuredmedia":[{"embeddable":true,"href":"https:\/\/www.editionkeiper.at\/shop\/wp-json\/wp\/v2\/media\/2209"}],"wp:attachment":[{"href":"https:\/\/www.editionkeiper.at\/shop\/wp-json\/wp\/v2\/media?parent=1045"}],"wp:term":[{"taxonomy":"brand","embeddable":true,"href":"https:\/\/www.editionkeiper.at\/shop\/wp-json\/wp\/v2\/etheme_brands?post=1045"},{"taxonomy":"product_brand","embeddable":true,"href":"https:\/\/www.editionkeiper.at\/shop\/wp-json\/wp\/v2\/product_brand?post=1045"},{"taxonomy":"product_cat","embeddable":true,"href":"https:\/\/www.editionkeiper.at\/shop\/wp-json\/wp\/v2\/product_cat?post=1045"},{"taxonomy":"product_tag","embeddable":true,"href":"https:\/\/www.editionkeiper.at\/shop\/wp-json\/wp\/v2\/product_tag?post=1045"},{"taxonomy":"yst_prominent_words","embeddable":true,"href":"https:\/\/www.editionkeiper.at\/shop\/wp-json\/wp\/v2\/yst_prominent_words?post=1045"}],"curies":[{"name":"wp","href":"https:\/\/api.w.org\/{rel}","templated":true}]}}