{"id":1044,"date":"2009-07-30T14:20:47","date_gmt":"2009-07-30T12:20:47","guid":{"rendered":"https:\/\/www.editionkeiper.at\/shop\/produkt\/im-nebel-wurde-die-silhouette-eines-mittelpraechtigen-hauses-sichtbar\/"},"modified":"2021-03-08T14:27:33","modified_gmt":"2021-03-08T13:27:33","slug":"im-nebel-wurde-die-silhouette-eines-mittelpraechtigen-hauses-sichtbar","status":"publish","type":"product","link":"https:\/\/www.editionkeiper.at\/shop\/produkt\/im-nebel-wurde-die-silhouette-eines-mittelpraechtigen-hauses-sichtbar\/","title":{"rendered":"Im Nebel wurde die Silhouette eines mittelpr\u00e4chtigen Hauses sichtbar."},"content":{"rendered":"<h2>Im Nebel wurde die Silhouette eines mittelpr\u00e4chtigen Hauses sichtbar.<\/h2>\n<p><strong>Ein Roman f\u00fcr Denker.<\/strong><\/p>\n<p>von <strong><a href=\"https:\/\/www.editionkeiper.at\/shop\/fink-und-friedschroeder\/\">Barbara Fink<\/a> und <a href=\"https:\/\/www.editionkeiper.at\/shop\/friedschroeder-thomas\/\">Thomas Friedschr\u00f6der<\/a><br \/>\n<\/strong><\/p>\n<p>Vorwort von Johannes Hahn; Umschlaggestaltung von Anna Maria Jung<\/p>\n<p>Tag f\u00fcr Tag ruft die Gesch\u00e4ftswelt unz\u00e4hlige Fragen auf: Wieso sind allt\u00e4gliche Aufgaben mit KollegInnen oder MitarbeiterInnen immer komplizierter zu l\u00f6sen? Kann man das Geschehene steuern, oder geschieht einfach das, was geschehen soll? Antworten darauf liefert dieser Roman. Die Autoren bedienen sich der Erkenntnisse der Systemtheorie und schicken die LeserInnen auf eine Reise durch unsere Gesellschaft. Begleitet werden sie dabei von einem wunderlichen Fremdenf\u00fchrer. Weit abseits von trockener, theoretischer Ratgeberliteratur!<\/p>\n<p>&nbsp;<\/p>\n<p><strong>Preis:<\/strong> AT \u20ac 19,80 \/ DE \u20ac 19.26<\/p>\n<p><strong>Seiten:<\/strong>\u00a0232<\/p>\n<p><strong>ISBN13:<\/strong>\u00a0978-3-9502516-7-8<\/p>\n<p><strong>Erscheinungsdatum:<\/strong>\u00a030.07.2009<\/p>\n<p><strong>Sprache:<\/strong>\u00a0Deutsch<\/p>\n<p><strong>Format:<\/strong>\u00a020,4 x 14,3 cm;\u00a0Paperback;\u00a0Buch flexibler Einband (Paperback)<\/p>\n<p>Ein Buch f\u00fcr Denker &#8211; Manager\/innen, Wissenschafter\/innen, alle, die immer schon wissen wollten, wie Dinge zusammenh\u00e4ngen.; Allgemein<\/p>\n","protected":false},"excerpt":{"rendered":"<p>Vorwort von Johannes Hahn; Umschlaggestaltung von Anna Maria Jung<\/p>\n<p>Tag f\u00fcr Tag ruft die Gesch\u00e4ftswelt unz\u00e4hlige Fragen auf: Wieso sind allt\u00e4gliche Aufgaben mit KollegInnen oder MitarbeiterInnen immer komplizierter zu l\u00f6sen? Kann man das Geschehene steuern, oder geschieht einfach das, was geschehen soll? Antworten darauf liefert dieser Roman.<\/p>\n","protected":false},"featured_media":1426,"comment_status":"closed","ping_status":"closed","template":"","meta":[],"etheme_brands":[],"product_brand":[],"product_cat":[3687],"product_tag":[748,1342,1343,218,1341,1340],"yst_prominent_words":[3360],"class_list":{"0":"post-1044","1":"product","2":"type-product","3":"status-publish","4":"has-post-thumbnail","6":"product_cat-romane","7":"product_tag-gesellschaft","8":"product_tag-manager","9":"product_tag-netzwerke","10":"product_tag-roman","11":"product_tag-systemtheorie","12":"product_tag-wissenschaft","14":"first","15":"instock","16":"shipping-taxable","17":"purchasable","18":"product-type-simple"},"_links":{"self":[{"href":"https:\/\/www.editionkeiper.at\/shop\/wp-json\/wp\/v2\/product\/1044","targetHints":{"allow":["GET"]}}],"collection":[{"href":"https:\/\/www.editionkeiper.at\/shop\/wp-json\/wp\/v2\/product"}],"about":[{"href":"https:\/\/www.editionkeiper.at\/shop\/wp-json\/wp\/v2\/types\/product"}],"replies":[{"embeddable":true,"href":"https:\/\/www.editionkeiper.at\/shop\/wp-json\/wp\/v2\/comments?post=1044"}],"wp:featuredmedia":[{"embeddable":true,"href":"https:\/\/www.editionkeiper.at\/shop\/wp-json\/wp\/v2\/media\/1426"}],"wp:attachment":[{"href":"https:\/\/www.editionkeiper.at\/shop\/wp-json\/wp\/v2\/media?parent=1044"}],"wp:term":[{"taxonomy":"brand","embeddable":true,"href":"https:\/\/www.editionkeiper.at\/shop\/wp-json\/wp\/v2\/etheme_brands?post=1044"},{"taxonomy":"product_brand","embeddable":true,"href":"https:\/\/www.editionkeiper.at\/shop\/wp-json\/wp\/v2\/product_brand?post=1044"},{"taxonomy":"product_cat","embeddable":true,"href":"https:\/\/www.editionkeiper.at\/shop\/wp-json\/wp\/v2\/product_cat?post=1044"},{"taxonomy":"product_tag","embeddable":true,"href":"https:\/\/www.editionkeiper.at\/shop\/wp-json\/wp\/v2\/product_tag?post=1044"},{"taxonomy":"yst_prominent_words","embeddable":true,"href":"https:\/\/www.editionkeiper.at\/shop\/wp-json\/wp\/v2\/yst_prominent_words?post=1044"}],"curies":[{"name":"wp","href":"https:\/\/api.w.org\/{rel}","templated":true}]}}