{"id":1043,"date":"2009-09-17T14:20:47","date_gmt":"2009-09-17T12:20:47","guid":{"rendered":"https:\/\/www.editionkeiper.at\/shop\/produkt\/kornblumen\/"},"modified":"2021-03-08T14:28:05","modified_gmt":"2021-03-08T13:28:05","slug":"kornblumen","status":"publish","type":"product","link":"https:\/\/www.editionkeiper.at\/shop\/produkt\/kornblumen\/","title":{"rendered":"KORNBLUMEN"},"content":{"rendered":"<h2>KORNBLUMEN<\/h2>\n<p>von\u00a0<strong> Mathias Grilj, Birgit P\u00f6lzl, Flora Neuwirth, Atelier pl\u00fc, Clemens Setz, Ute Baumhackl, Nina Markart, Barbara Frischmuth, G\u00fcnter Eichberger,\u00a0 Joachim J V\u00f6tter, Alfred Kolleritsch, Stephan Eibl Erzberg,\u00a0 Andrea<\/strong> <strong>Sailer,<\/strong><strong> Martin G Wanko.<br \/>\n<\/strong><\/p>\n<p>Herausgegeben von <a href=\"https:\/\/www.editionkeiper.at\/shop\/faschingbauer-sigi\/\">Sigi Faschingbauer<\/a> mit einem Nachwort von Heimo Steps<\/p>\n<p>Der Ausl\u00f6ser: Ein Herrgottswinkel mit Hitlerbild und Kornblumenkr\u00e4nzchen in einer privaten K\u00e4rtner Mostschank Die Idee: Ein interdisziplin\u00e4res Projekt zum Thema Kornblumen. Der Inititator: Sigi Faschingbauer. Die Beteiligten: 36 namhafte steirische K\u00fcnstlerinnen und K\u00fcnstler (Barbara Frischmuth, Alfred Kolleritsch, Clemens Setz, Richard Kriesche, Mathias Grilj, G\u00fcnter Eichberger, Enzo G. Troger, Joachim J. V\u00f6tter, Martin G. Wanko, Nina Markart, Andrea Sailer, Birgit P\u00f6ltl, christian Marczik, Wolfgang Dobrowsky, Wilhelm Hengstler, Klaus Kofler usf.) Das Ergebnis: Kornblumen, 206 Seiten, gebunden, durchgehend Farbdruck, mit Originalgrafik von Faschingbauer am Einband.<\/p>\n<p>&nbsp;<\/p>\n<p><strong>Preis:<\/strong> AT \u20ac 29,90 \/ DE \u20ac 29.08<\/p>\n<p><strong>Seiten:<\/strong>\u00a0206<\/p>\n<p><strong>ISBN13:<\/strong>\u00a0978-3-9502516-6-1<\/p>\n<p><strong>Erscheinungsdatum:<\/strong>\u00a017.09.2009<\/p>\n<p><strong>Sprache:<\/strong>\u00a0Deutsch<\/p>\n<p><strong>Format:<\/strong>\u00a031,0 x 24,5 cm;\u00a0Gebunden;\u00a0Buch fester Einband (Hardcover)<\/p>\n","protected":false},"excerpt":{"rendered":"<p>Herausgegeben von Sigi Faschingbauer mit einem Nachwort von Heimo Steps.<\/p>\n<p>Der Ausl\u00f6ser: Ein Herrgottswinkel mit Hitlerbild und Kornblumenkr\u00e4nzchen in einer privaten K\u00e4rtner Mostschank Die Idee: Ein interdisziplin\u00e4res Projekt zum Thema Kornblumen.<\/p>\n","protected":false},"featured_media":2078,"comment_status":"closed","ping_status":"closed","template":"","meta":[],"etheme_brands":[],"product_brand":[],"product_cat":[1364],"product_tag":[1316,1337,707,119,348,1339],"yst_prominent_words":[],"class_list":{"0":"post-1043","1":"product","2":"type-product","3":"status-publish","4":"has-post-thumbnail","6":"product_cat-kunst-und-fotografie","7":"product_tag-demokratie","8":"product_tag-gemeinschaftsprodukt","9":"product_tag-kultur","10":"product_tag-kunst","11":"product_tag-literatur","12":"product_tag-steirische-kuenstler","14":"first","15":"instock","16":"shipping-taxable","17":"purchasable","18":"product-type-simple"},"_links":{"self":[{"href":"https:\/\/www.editionkeiper.at\/shop\/wp-json\/wp\/v2\/product\/1043","targetHints":{"allow":["GET"]}}],"collection":[{"href":"https:\/\/www.editionkeiper.at\/shop\/wp-json\/wp\/v2\/product"}],"about":[{"href":"https:\/\/www.editionkeiper.at\/shop\/wp-json\/wp\/v2\/types\/product"}],"replies":[{"embeddable":true,"href":"https:\/\/www.editionkeiper.at\/shop\/wp-json\/wp\/v2\/comments?post=1043"}],"wp:featuredmedia":[{"embeddable":true,"href":"https:\/\/www.editionkeiper.at\/shop\/wp-json\/wp\/v2\/media\/2078"}],"wp:attachment":[{"href":"https:\/\/www.editionkeiper.at\/shop\/wp-json\/wp\/v2\/media?parent=1043"}],"wp:term":[{"taxonomy":"brand","embeddable":true,"href":"https:\/\/www.editionkeiper.at\/shop\/wp-json\/wp\/v2\/etheme_brands?post=1043"},{"taxonomy":"product_brand","embeddable":true,"href":"https:\/\/www.editionkeiper.at\/shop\/wp-json\/wp\/v2\/product_brand?post=1043"},{"taxonomy":"product_cat","embeddable":true,"href":"https:\/\/www.editionkeiper.at\/shop\/wp-json\/wp\/v2\/product_cat?post=1043"},{"taxonomy":"product_tag","embeddable":true,"href":"https:\/\/www.editionkeiper.at\/shop\/wp-json\/wp\/v2\/product_tag?post=1043"},{"taxonomy":"yst_prominent_words","embeddable":true,"href":"https:\/\/www.editionkeiper.at\/shop\/wp-json\/wp\/v2\/yst_prominent_words?post=1043"}],"curies":[{"name":"wp","href":"https:\/\/api.w.org\/{rel}","templated":true}]}}