{"id":1029,"date":"2011-10-19T14:20:47","date_gmt":"2011-10-19T12:20:47","guid":{"rendered":"https:\/\/www.editionkeiper.at\/shop\/produkt\/der-clown-und-der-tod\/"},"modified":"2021-03-08T14:36:55","modified_gmt":"2021-03-08T13:36:55","slug":"der-clown-und-der-tod","status":"publish","type":"product","link":"https:\/\/www.editionkeiper.at\/shop\/produkt\/der-clown-und-der-tod\/","title":{"rendered":"Der Clown und der Tod"},"content":{"rendered":"<h2>Der Clown und der Tod<\/h2>\n<p><strong>Miniaturen in die Gegenwart<\/strong><\/p>\n<p>von <strong><a href=\"https:\/\/www.editionkeiper.at\/shop\/bielau-klaus\/\">Klaus Bielau<\/a><br \/>\n<\/strong><\/p>\n<p>Illustriert von Jenisch, Georg<\/p>\n<p>Nahezu ausschlie\u00dflich durch Gespr\u00e4che entstanden viele Miniaturen, Poems, Fragmente und Aphorismen. Sie beschreiben die Suche aus den T\u00e4lern des Irrtums in die Gebiete bewusst erlebter, klarer Gegenwart; berichten vom Weg des Menschen, sich als zweifaches Wesen zu erkennen, auf der einen Seite irdisch und verg\u00e4nglich, auf der anderen Seite so unsterblich, wie das Licht selbst unsterblich ist.<\/p>\n<p>&nbsp;<\/p>\n<p><strong>Preis:<\/strong> AT \u20ac 17,60 \/ DE \u20ac 17.12<\/p>\n<p><strong>Seiten:<\/strong>\u00a0102<\/p>\n<p><strong>ISBN13:<\/strong>\u00a0978-3-9503184-2-5<\/p>\n<p><strong>Erscheinungsdatum:<\/strong>\u00a019.10.2011<\/p>\n<p><strong>Sprache:<\/strong>\u00a0Deutsch<\/p>\n<p><strong>Format:<\/strong>\u00a018,6 x 12,6 cm;\u00a0Paperback;\u00a0Buch flexibler Einband (Paperback)<\/p>\n<p>8 Illustration(en), farbig<\/p>\n","protected":false},"excerpt":{"rendered":"<p>Illustriert von Jenisch, Georg<\/p>\n<p>Nahezu ausschlie\u00dflich durch Gespr\u00e4che entstanden viele Miniaturen, Poems, Fragmente und Aphorismen.<\/p>\n","protected":false},"featured_media":1410,"comment_status":"closed","ping_status":"closed","template":"","meta":[],"etheme_brands":[],"product_brand":[],"product_cat":[3683],"product_tag":[747,1086,1279,289,116,1088,494,286,158,917,1280],"yst_prominent_words":[],"class_list":{"0":"post-1029","1":"product","2":"type-product","3":"status-publish","4":"has-post-thumbnail","6":"product_cat-aphorismen","7":"product_tag-aphorismen","8":"product_tag-bielau","9":"product_tag-clown","10":"product_tag-gedichte","11":"product_tag-illustrationen","12":"product_tag-jenisch","13":"product_tag-leben","14":"product_tag-lebenshilfe","15":"product_tag-menschen","16":"product_tag-tod","17":"product_tag-vergaenglichkeit","19":"first","20":"instock","21":"shipping-taxable","22":"purchasable","23":"product-type-simple"},"_links":{"self":[{"href":"https:\/\/www.editionkeiper.at\/shop\/wp-json\/wp\/v2\/product\/1029","targetHints":{"allow":["GET"]}}],"collection":[{"href":"https:\/\/www.editionkeiper.at\/shop\/wp-json\/wp\/v2\/product"}],"about":[{"href":"https:\/\/www.editionkeiper.at\/shop\/wp-json\/wp\/v2\/types\/product"}],"replies":[{"embeddable":true,"href":"https:\/\/www.editionkeiper.at\/shop\/wp-json\/wp\/v2\/comments?post=1029"}],"wp:featuredmedia":[{"embeddable":true,"href":"https:\/\/www.editionkeiper.at\/shop\/wp-json\/wp\/v2\/media\/1410"}],"wp:attachment":[{"href":"https:\/\/www.editionkeiper.at\/shop\/wp-json\/wp\/v2\/media?parent=1029"}],"wp:term":[{"taxonomy":"brand","embeddable":true,"href":"https:\/\/www.editionkeiper.at\/shop\/wp-json\/wp\/v2\/etheme_brands?post=1029"},{"taxonomy":"product_brand","embeddable":true,"href":"https:\/\/www.editionkeiper.at\/shop\/wp-json\/wp\/v2\/product_brand?post=1029"},{"taxonomy":"product_cat","embeddable":true,"href":"https:\/\/www.editionkeiper.at\/shop\/wp-json\/wp\/v2\/product_cat?post=1029"},{"taxonomy":"product_tag","embeddable":true,"href":"https:\/\/www.editionkeiper.at\/shop\/wp-json\/wp\/v2\/product_tag?post=1029"},{"taxonomy":"yst_prominent_words","embeddable":true,"href":"https:\/\/www.editionkeiper.at\/shop\/wp-json\/wp\/v2\/yst_prominent_words?post=1029"}],"curies":[{"name":"wp","href":"https:\/\/api.w.org\/{rel}","templated":true}]}}