{"id":1027,"date":"2011-11-25T14:20:47","date_gmt":"2011-11-25T13:20:47","guid":{"rendered":"https:\/\/www.editionkeiper.at\/shop\/produkt\/woerter-die-der-nacht-gehoeren\/"},"modified":"2021-03-08T14:37:37","modified_gmt":"2021-03-08T13:37:37","slug":"woerter-die-der-nacht-gehoeren","status":"publish","type":"product","link":"https:\/\/www.editionkeiper.at\/shop\/produkt\/woerter-die-der-nacht-gehoeren\/","title":{"rendered":"W\u00f6rter die der Nacht geh\u00f6ren"},"content":{"rendered":"<h2>W\u00f6rter die der Nacht geh\u00f6ren<\/h2>\n<p>von\u00a0<strong><a href=\"https:\/\/www.editionkeiper.at\/shop\/voetter-joachim-j\/\"> Joachim J. V\u00f6tter<\/a><br \/>\n<\/strong><\/p>\n<p>Nachwort von Keiper, Hugo; Beitr\u00e4ge von Lang, Bernhard; Beitr\u00e4ge von Kramar, Hubert; Illustriert von Schimunek, G\u00fcnter; Illustriert von Wurm, Josef<\/p>\n<p>Ein erfrischend kaleidoskopisches Potpourri des Werks eines Erz\u00e4hlers, Dramatikers, Theoretikers, Lyrikers, \u00fcber den Werner Krause (Kleine Zeitung) schrieb: \u201eDer Grazer Wortartist Joachim J. V\u00f6tter h\u00e4tte sich schon l\u00e4ngst mehr Aufmerksamkeit verdient. Mit seinem Sprachfuror ist er, alles andere als epigonal, bestens eingebettet zwischen Bernhard, Schwab und Jonke, auch Beckett l\u00e4sst wohlwollend gr\u00fc\u00dfen\u201c.<\/p>\n<p>&nbsp;<\/p>\n<p><strong>Preis:<\/strong> AT \u20ac 22,50 \/ DE \u20ac 21.89<\/p>\n<p><strong>Seiten:<\/strong>\u00a0244<\/p>\n<p><strong>ISBN13:<\/strong>\u00a0978-3-9502761-0-7<\/p>\n<p><strong>Erscheinungsdatum:<\/strong>\u00a025.11.2011<\/p>\n<p><strong>Sprache:<\/strong>\u00a0Deutsch<\/p>\n<p><strong>Format:<\/strong>\u00a020,0 x 12,1 cm;\u00a0Paperback;\u00a0Buch (nicht weiter definiert)<\/p>\n<p>Illustrationen von Josef Wurm und G\u00fcnter Schimunek, 10 Illustration(en), schwarz-wei\u00df<\/p>\n","protected":false},"excerpt":{"rendered":"<p>Nachwort von Keiper, Hugo; Beitr\u00e4ge von Lang, Bernhard; Beitr\u00e4ge von Kramar, Hubert; Illustriert von Schimunek, G\u00fcnter; Illustriert von Wurm, Josef<\/p>\n<p>Ein erfrischend kaleidoskopisches Potpourri des Werks eines Erz\u00e4hlers, Dramatikers, Theoretikers, Lyrikers, \u00fcber den Werner Krause (Kleine Zeitung) schrieb: \u201eDer Grazer Wortartist Joachim J. V\u00f6tter h\u00e4tte sich schon l\u00e4ngst mehr Aufmerksamkeit verdient.<\/p>\n","protected":false},"featured_media":1571,"comment_status":"closed","ping_status":"closed","template":"","meta":[],"etheme_brands":[],"product_brand":[],"product_cat":[3506],"product_tag":[1265,1269,1266,1268,1253,1270,1267,1271],"yst_prominent_words":[3193,3308,3307],"class_list":{"0":"post-1027","1":"product","2":"type-product","3":"status-publish","4":"has-post-thumbnail","6":"product_cat-essays","7":"product_tag-bernhard-lang","8":"product_tag-guenter-schimunek","9":"product_tag-hubert-kramar","10":"product_tag-joachim-j-voetter","11":"product_tag-josef-wurm","12":"product_tag-schreber","13":"product_tag-theaterstuecke","14":"product_tag-walzermembrane","16":"first","17":"instock","18":"shipping-taxable","19":"purchasable","20":"product-type-simple"},"_links":{"self":[{"href":"https:\/\/www.editionkeiper.at\/shop\/wp-json\/wp\/v2\/product\/1027","targetHints":{"allow":["GET"]}}],"collection":[{"href":"https:\/\/www.editionkeiper.at\/shop\/wp-json\/wp\/v2\/product"}],"about":[{"href":"https:\/\/www.editionkeiper.at\/shop\/wp-json\/wp\/v2\/types\/product"}],"replies":[{"embeddable":true,"href":"https:\/\/www.editionkeiper.at\/shop\/wp-json\/wp\/v2\/comments?post=1027"}],"wp:featuredmedia":[{"embeddable":true,"href":"https:\/\/www.editionkeiper.at\/shop\/wp-json\/wp\/v2\/media\/1571"}],"wp:attachment":[{"href":"https:\/\/www.editionkeiper.at\/shop\/wp-json\/wp\/v2\/media?parent=1027"}],"wp:term":[{"taxonomy":"brand","embeddable":true,"href":"https:\/\/www.editionkeiper.at\/shop\/wp-json\/wp\/v2\/etheme_brands?post=1027"},{"taxonomy":"product_brand","embeddable":true,"href":"https:\/\/www.editionkeiper.at\/shop\/wp-json\/wp\/v2\/product_brand?post=1027"},{"taxonomy":"product_cat","embeddable":true,"href":"https:\/\/www.editionkeiper.at\/shop\/wp-json\/wp\/v2\/product_cat?post=1027"},{"taxonomy":"product_tag","embeddable":true,"href":"https:\/\/www.editionkeiper.at\/shop\/wp-json\/wp\/v2\/product_tag?post=1027"},{"taxonomy":"yst_prominent_words","embeddable":true,"href":"https:\/\/www.editionkeiper.at\/shop\/wp-json\/wp\/v2\/yst_prominent_words?post=1027"}],"curies":[{"name":"wp","href":"https:\/\/api.w.org\/{rel}","templated":true}]}}