{"id":1022,"date":"2012-03-27T14:20:38","date_gmt":"2012-03-27T12:20:38","guid":{"rendered":"https:\/\/www.editionkeiper.at\/shop\/produkt\/twelve-bars\/"},"modified":"2021-03-08T14:39:16","modified_gmt":"2021-03-08T13:39:16","slug":"twelve-bars","status":"publish","type":"product","link":"https:\/\/www.editionkeiper.at\/shop\/produkt\/twelve-bars\/","title":{"rendered":"Twelve Bars"},"content":{"rendered":"<h2>Twelve Bars<\/h2>\n<p><strong>Warum Bob Dylan niemals in Kumberg lebte<\/strong><\/p>\n<p>von <strong><a href=\"https:\/\/www.editionkeiper.at\/shop\/podesser-oliver\/\">Oliver Podesser<\/a><br \/>\n<\/strong><\/p>\n<p>Vorwort von Ripoff Raskolnikov,\u00a0 Nachwort von &#8222;Sir&#8220; Oliver Mally<\/p>\n<p>\u201eTwelve Bars\u201c, zw\u00f6lf Takte, steht als Synonym fu\u0308r ein Lebensgef\u00fchl und vermittelt sinnliche und aberwitzige Erfahrungen mit dem Allzumenschlichen. Der Ich-Erz\u00e4hler berichtet aus dem Leben eines musikalischen Wanderpredigers auf den B\u00fchnen dieser Welt, geht hart, aber humorvoll mit Vorurteilen und Erwartungshaltungen ins Gericht und skizziert die Realit\u00e4t der angeblichen Sex-, Drugs- and Rock\u2019n\u2019Roll-Szene. Wer st\u00e4ndig on the road ist und mit zw\u00f6lf Takten sein Leben fristet, wer sich am Schwebebalken des Lebens bewegt, hat viel zu verlieren, wird deshalb genauer in der Beobachtung und nat\u00fcrlich im Handeln. Wer den Blues liebt, wird diesen Roman lieben!<\/p>\n<p>&nbsp;<\/p>\n<p><strong>Preis:<\/strong> AT \u20ac 16,50 \/ DE \u20ac 16.05<\/p>\n<p><strong>Seiten:<\/strong>\u00a0215<\/p>\n<p><strong>ISBN13:<\/strong>\u00a0978-3-9503337-3-2<\/p>\n<p><strong>Erscheinungsdatum:<\/strong>\u00a027.03.2012<\/p>\n<p><strong>Sprache:<\/strong>\u00a0Deutsch<\/p>\n<p><strong>Format:<\/strong>\u00a018,6 x 12,6 cm;\u00a0Paperback;\u00a0Buch flexibler Einband (Paperback)<\/p>\n","protected":false},"excerpt":{"rendered":"<p>Mit einem Vorwort von Ripoff Raskolnikov, Nachwort von &#8222;Sir&#8220; Oliver Mally.<\/p>\n<p>\u201eTwelve Bars\u201c, zw\u00f6lf Takte, steht als Synonym fu\u0308r ein Lebensgefu\u0308hl und vermittelt sinnliche und aberwitzige Erfahrungen mit dem Allzumenschlichen. Der Ich-Erz\u00e4hler berichtet aus dem Leben eines musikalischen Wanderpredigers auf den Bu\u0308hnen dieser Welt, geht hart, aber humorvoll mit Vorurteilen und Erwartungshaltungen ins Gericht und skizziert die Realit\u00e4t der angeblichen Sex-, Drugs- and Rock\u2019n\u2019Roll-Szene.<\/p>\n","protected":false},"featured_media":1522,"comment_status":"closed","ping_status":"closed","template":"","meta":[],"etheme_brands":[],"product_brand":[],"product_cat":[3701],"product_tag":[712,1152,1242,720,1241,1246,1245,1243,312,1244],"yst_prominent_words":[3208],"class_list":{"0":"post-1022","1":"product","2":"type-product","3":"status-publish","4":"has-post-thumbnail","6":"product_cat-fiktion","7":"product_tag-blues","8":"product_tag-bob-dylan","9":"product_tag-drugs","10":"product_tag-musik","11":"product_tag-oliver-mally","12":"product_tag-oliver-podesser","13":"product_tag-ripoff-raskolnikov","14":"product_tag-rocknroll","15":"product_tag-sex","16":"product_tag-twelve-bars","18":"first","19":"instock","20":"shipping-taxable","21":"purchasable","22":"product-type-simple"},"_links":{"self":[{"href":"https:\/\/www.editionkeiper.at\/shop\/wp-json\/wp\/v2\/product\/1022","targetHints":{"allow":["GET"]}}],"collection":[{"href":"https:\/\/www.editionkeiper.at\/shop\/wp-json\/wp\/v2\/product"}],"about":[{"href":"https:\/\/www.editionkeiper.at\/shop\/wp-json\/wp\/v2\/types\/product"}],"replies":[{"embeddable":true,"href":"https:\/\/www.editionkeiper.at\/shop\/wp-json\/wp\/v2\/comments?post=1022"}],"wp:featuredmedia":[{"embeddable":true,"href":"https:\/\/www.editionkeiper.at\/shop\/wp-json\/wp\/v2\/media\/1522"}],"wp:attachment":[{"href":"https:\/\/www.editionkeiper.at\/shop\/wp-json\/wp\/v2\/media?parent=1022"}],"wp:term":[{"taxonomy":"brand","embeddable":true,"href":"https:\/\/www.editionkeiper.at\/shop\/wp-json\/wp\/v2\/etheme_brands?post=1022"},{"taxonomy":"product_brand","embeddable":true,"href":"https:\/\/www.editionkeiper.at\/shop\/wp-json\/wp\/v2\/product_brand?post=1022"},{"taxonomy":"product_cat","embeddable":true,"href":"https:\/\/www.editionkeiper.at\/shop\/wp-json\/wp\/v2\/product_cat?post=1022"},{"taxonomy":"product_tag","embeddable":true,"href":"https:\/\/www.editionkeiper.at\/shop\/wp-json\/wp\/v2\/product_tag?post=1022"},{"taxonomy":"yst_prominent_words","embeddable":true,"href":"https:\/\/www.editionkeiper.at\/shop\/wp-json\/wp\/v2\/yst_prominent_words?post=1022"}],"curies":[{"name":"wp","href":"https:\/\/api.w.org\/{rel}","templated":true}]}}