{"id":1020,"date":"2012-03-23T14:20:38","date_gmt":"2012-03-23T13:20:38","guid":{"rendered":"https:\/\/www.editionkeiper.at\/shop\/produkt\/das-grosse-abenteuer-der-kunst-assoziationen-nach-der-moderne\/"},"modified":"2021-03-08T14:38:59","modified_gmt":"2021-03-08T13:38:59","slug":"das-grosse-abenteuer-der-kunst-assoziationen-nach-der-moderne","status":"publish","type":"product","link":"https:\/\/www.editionkeiper.at\/shop\/produkt\/das-grosse-abenteuer-der-kunst-assoziationen-nach-der-moderne\/","title":{"rendered":"Das gro\u00dfe Abenteuer der Kunst &#8211; Assoziationen nach der Moderne"},"content":{"rendered":"<h2>Das gro\u00dfe Abenteuer der Kunst &#8211; Assoziationen nach der Moderne<\/h2>\n<p>Herausgegeben von <a href=\"https:\/\/www.editionkeiper.at\/shop\/kury-und-breisach\/\">Astrid Kury und Emil Breisach <\/a><\/p>\n<p>Beitr\u00e4ge von Clemens Setz, Andreas Unterweger, Helwig Brunner, Peter Strasser, Bj\u00f6rn K\u00e4mmerer, Tobias Pils Luster, Friederike Mayr\u00f6cker<\/p>\n<p>Was kommt nach der Moderne? Hat sich die Kunst in den Grenz\u00fcberschreitungen des 20. Jahrhunderts ersch\u00f6pft? Was ist das gro\u00dfe Abenteuer der Kunst im 21. Jahrhundert? Diese Fragen haben Emil Breisach und Astrid Kury bildenden K\u00fcnstlerInnen, KomponistInnen, SchriftstellerInnen und PhilosophInnen gestellt. Die Antworten kamen als Essays, Gedichte, Briefe und Grafiken, sie bilden ein vielstimmiges Pl\u00e4doyer f\u00fcr die Freiheit der Kunst in Zeiten der Eventkultur. Mit Beitr\u00e4gen von: Thomas Assheuer, Andreas Unterweger, Beat Furrer, Clemens Setz, Dimitr\u00e9 Dinev, Elisabeth von Samsonow, Erwin Bohatsch, Friederike Mayr\u00f6cker, G.R.A.M. \/ Martin Behr und G\u00fcnther Holler-Schuster, Georg Petz, Gustav Troger, Helwig Brunner, Friedrich Cerha, Fritz Panzer, Stefan Glettler, Hubert Schmalix, Johannes Maria Staud, Klaus Lang, Maria Lassnig, Konrad Paul Liessmann, Michael Kienzer, Rudolf Burger, Petra Sterry, Peter Strasser, Thomas Macho, Wilhelm Scher\u00fcbl, Valerie Fritsch.<\/p>\n<p>&nbsp;<\/p>\n<p><strong>Preis:<\/strong> AT \u20ac 20,00 \/ DE \u20ac 19.45<\/p>\n<p><strong>Seiten:<\/strong>\u00a080<\/p>\n<p><strong>ISBN13:<\/strong>\u00a0978-3-9503343-8-8<\/p>\n<p><strong>Erscheinungsdatum:<\/strong>\u00a023.03.2012<\/p>\n<p><strong>Sprache:<\/strong>\u00a0Deutsch<\/p>\n<p><strong>Format:<\/strong>\u00a027,0 x 20,0 cm;\u00a0Paperback;\u00a0Buch flexibler Einband (Paperback)<\/p>\n","protected":false},"excerpt":{"rendered":"<p>Beitr\u00e4ge von Clemens Setz, Andreas Unterweger, Helwig Brunner, Peter Strasser, Bj\u00f6rn K\u00e4mmerer, Tobias Pils Luster, Friederike Mayr\u00f6cker<\/p>\n<p>Was kommt nach der Moderne? Hat sich die Kunst in den Grenz\u00fcberschreitungen des 20. Jahrhunderts ersch\u00f6pft? Was ist das gro\u00dfe Abenteuer der Kunst im 21. Jahrhundert? Diese Fragen haben Emil Breisach und Astrid Kury bildenden K\u00fcnstlerInnen, KomponistInnen, SchriftstellerInnen und PhilosophInnen gestellt.<\/p>\n","protected":false},"featured_media":1489,"comment_status":"closed","ping_status":"closed","template":"","meta":[],"etheme_brands":[],"product_brand":[],"product_cat":[1364],"product_tag":[1239,1238,458,1237],"yst_prominent_words":[3322],"class_list":{"0":"post-1020","1":"product","2":"type-product","3":"status-publish","4":"has-post-thumbnail","6":"product_cat-kunst-und-fotografie","7":"product_tag-abenteuer-der-kunst","8":"product_tag-astrid-kury","9":"product_tag-emil-breisach","10":"product_tag-moderne","12":"first","13":"instock","14":"shipping-taxable","15":"purchasable","16":"product-type-simple"},"_links":{"self":[{"href":"https:\/\/www.editionkeiper.at\/shop\/wp-json\/wp\/v2\/product\/1020","targetHints":{"allow":["GET"]}}],"collection":[{"href":"https:\/\/www.editionkeiper.at\/shop\/wp-json\/wp\/v2\/product"}],"about":[{"href":"https:\/\/www.editionkeiper.at\/shop\/wp-json\/wp\/v2\/types\/product"}],"replies":[{"embeddable":true,"href":"https:\/\/www.editionkeiper.at\/shop\/wp-json\/wp\/v2\/comments?post=1020"}],"wp:featuredmedia":[{"embeddable":true,"href":"https:\/\/www.editionkeiper.at\/shop\/wp-json\/wp\/v2\/media\/1489"}],"wp:attachment":[{"href":"https:\/\/www.editionkeiper.at\/shop\/wp-json\/wp\/v2\/media?parent=1020"}],"wp:term":[{"taxonomy":"brand","embeddable":true,"href":"https:\/\/www.editionkeiper.at\/shop\/wp-json\/wp\/v2\/etheme_brands?post=1020"},{"taxonomy":"product_brand","embeddable":true,"href":"https:\/\/www.editionkeiper.at\/shop\/wp-json\/wp\/v2\/product_brand?post=1020"},{"taxonomy":"product_cat","embeddable":true,"href":"https:\/\/www.editionkeiper.at\/shop\/wp-json\/wp\/v2\/product_cat?post=1020"},{"taxonomy":"product_tag","embeddable":true,"href":"https:\/\/www.editionkeiper.at\/shop\/wp-json\/wp\/v2\/product_tag?post=1020"},{"taxonomy":"yst_prominent_words","embeddable":true,"href":"https:\/\/www.editionkeiper.at\/shop\/wp-json\/wp\/v2\/yst_prominent_words?post=1020"}],"curies":[{"name":"wp","href":"https:\/\/api.w.org\/{rel}","templated":true}]}}