{"id":1016,"date":"2012-05-11T14:20:38","date_gmt":"2012-05-11T12:20:38","guid":{"rendered":"https:\/\/www.editionkeiper.at\/shop\/produkt\/citybooks-graz\/"},"modified":"2021-03-08T14:51:48","modified_gmt":"2021-03-08T13:51:48","slug":"citybooks-graz","status":"publish","type":"product","link":"https:\/\/www.editionkeiper.at\/shop\/produkt\/citybooks-graz\/","title":{"rendered":"citybooks graz"},"content":{"rendered":"<h2>citybooks graz<\/h2>\n<p>Beitr\u00e4ge von <strong>Andrea Stift, Wener Schandor, Milena Flasar, Onno Kosters, Lea Titz, Simone Lenaerts<br \/>\n<\/strong><\/p>\n<p>Herausgegeben von <a href=\"https:\/\/www.editionkeiper.at\/shop\/kloos-luise\/\">Luise Kloos<\/a><\/p>\n<p>Illustriert von Lea Titz<\/p>\n<p>citybooks, ein EU-Projekt, an dem ausgew\u00e4hlte europ\u00e4ische St\u00e4dte teilnehmen und das von Luise Kloos vom next-Verein f\u00fcr zeitgen\u00f6ssische Kunst auch nach Graz geholt wurde, begreift die Stadt als eine Sammlung von Erz\u00e4hlungen und schafft \u00fcber einen literarischen und k\u00fcnstlerischen Zugang sehr pers\u00f6nliche Stadtportr\u00e4ts. citybooks macht reisen ohne zu reisen m\u00f6glich und damit auch Europa als gro\u00dfes Ganzes erlebbar. \u201eEs geht um die Vernetzung von Lebenssituationen einer Stadt mit anderen in Europa\u201c, erz\u00e4hlt Luise Kloos, \u201eaber auch um die Vernetzung von unterschiedlichen kulturellen Disziplinen und Medien.\u201c Alle teilnehmenden St\u00e4dte werden \u00fcber die Zug\u00e4nge &#8222;read, listen, watch&#8220; ausgelotet. Autorinnen und Autoren: Milena Flasar, Onno Kosters, Simone Lenaerts, Werner Schandor, Andrea Stift, Lea Titz. cityoneminutes: Die 24 Stunden eines Tages werden in 24 Filmminuten wiedergegeben. 6 Videok\u00fcnstlerInnen und -k\u00fcnstler stellen je 4 Minuten zur Verf\u00fcgung. Videok\u00fcnstlerinnen und -k\u00fcnstler: Klaus Pamminger, Lotte Schreiber, XXkunstkabel und Lea Titz aus \u00d6sterreich, franck H perrot aus Frankreich und Josip Zanki sowie Martina Mezak aus Kroatien. Der \u00f6sterreichische Komponist Gerhard Nierhaus hat dem Projekt eine musikalische Stimme verliehen. Deutsch \/ Englisch, 232 Seiten, broschiert, EUR 8,90 www.city-books.eu<\/p>\n<p>&nbsp;<\/p>\n<p><strong>Preis:<\/strong> AT \u20ac 8,90 \/ DE \u20ac 8.66<\/p>\n<p><strong>Seiten:<\/strong>\u00a0232<\/p>\n<p><strong>ISBN13:<\/strong>\u00a0978-3-9503343-6-4<\/p>\n<p><strong>Erscheinungsdatum:<\/strong>\u00a011.05.2012<\/p>\n<p><strong>Sprache:<\/strong>\u00a0Englisch; Deutsch<\/p>\n<p><strong>Format:<\/strong>\u00a016,0 x 11,2 cm;\u00a0Paperback;\u00a0Buch (nicht weiter definiert)<\/p>\n","protected":false},"excerpt":{"rendered":"<p>citybooks, ein EU-Projekt, an dem ausgew\u00e4hlte europ\u00e4ische St\u00e4dte teilnehmen und das von Luise Kloos vom next-Verein f\u00fcr zeitgen\u00f6ssische Kunst auch nach Graz geholt wurde, begreift die Stadt als eine Sammlung von Erz\u00e4hlungen und schafft \u00fcber einen literarischen und k\u00fcnstlerischen Zugang sehr pers\u00f6nliche Stadtportr\u00e4ts. citybooks macht reisen ohne zu reisen m\u00f6glich und damit auch Europa als gro\u00dfes Ganzes erlebbar.<\/p>\n","protected":false},"featured_media":1471,"comment_status":"closed","ping_status":"closed","template":"","meta":[],"etheme_brands":[],"product_brand":[],"product_cat":[3681],"product_tag":[1066,1225,241,1224,1127],"yst_prominent_words":[3185],"class_list":{"0":"post-1016","1":"product","2":"type-product","3":"status-publish","4":"has-post-thumbnail","6":"product_cat-anthologie","7":"product_tag-andrea-stift","8":"product_tag-citybooks","9":"product_tag-graz","10":"product_tag-videokuenstler","11":"product_tag-werner-schandor","13":"first","14":"instock","15":"shipping-taxable","16":"purchasable","17":"product-type-simple"},"_links":{"self":[{"href":"https:\/\/www.editionkeiper.at\/shop\/wp-json\/wp\/v2\/product\/1016","targetHints":{"allow":["GET"]}}],"collection":[{"href":"https:\/\/www.editionkeiper.at\/shop\/wp-json\/wp\/v2\/product"}],"about":[{"href":"https:\/\/www.editionkeiper.at\/shop\/wp-json\/wp\/v2\/types\/product"}],"replies":[{"embeddable":true,"href":"https:\/\/www.editionkeiper.at\/shop\/wp-json\/wp\/v2\/comments?post=1016"}],"wp:featuredmedia":[{"embeddable":true,"href":"https:\/\/www.editionkeiper.at\/shop\/wp-json\/wp\/v2\/media\/1471"}],"wp:attachment":[{"href":"https:\/\/www.editionkeiper.at\/shop\/wp-json\/wp\/v2\/media?parent=1016"}],"wp:term":[{"taxonomy":"brand","embeddable":true,"href":"https:\/\/www.editionkeiper.at\/shop\/wp-json\/wp\/v2\/etheme_brands?post=1016"},{"taxonomy":"product_brand","embeddable":true,"href":"https:\/\/www.editionkeiper.at\/shop\/wp-json\/wp\/v2\/product_brand?post=1016"},{"taxonomy":"product_cat","embeddable":true,"href":"https:\/\/www.editionkeiper.at\/shop\/wp-json\/wp\/v2\/product_cat?post=1016"},{"taxonomy":"product_tag","embeddable":true,"href":"https:\/\/www.editionkeiper.at\/shop\/wp-json\/wp\/v2\/product_tag?post=1016"},{"taxonomy":"yst_prominent_words","embeddable":true,"href":"https:\/\/www.editionkeiper.at\/shop\/wp-json\/wp\/v2\/yst_prominent_words?post=1016"}],"curies":[{"name":"wp","href":"https:\/\/api.w.org\/{rel}","templated":true}]}}