{"id":1014,"date":"2012-06-12T14:20:38","date_gmt":"2012-06-12T12:20:38","guid":{"rendered":"https:\/\/www.editionkeiper.at\/shop\/produkt\/der-taenzer-2\/"},"modified":"2021-03-08T14:55:26","modified_gmt":"2021-03-08T13:55:26","slug":"der-taenzer-2","status":"publish","type":"product","link":"https:\/\/www.editionkeiper.at\/shop\/produkt\/der-taenzer-2\/","title":{"rendered":"Der T\u00e4nzer"},"content":{"rendered":"<h2>Der T\u00e4nzer<\/h2>\n<p><strong>Werkbuch<\/strong><\/p>\n<p>von\u00a0<strong><a href=\"https:\/\/www.editionkeiper.at\/shop\/faschingbauer-sigi\/\">Sigi Faschingbauer<\/a><br \/>\n<\/strong><\/p>\n<p>Foto(s) von\u00a0 Werner Krug, Maler\u00a0 Sigi Faschingbauer, Einleitung von Wenzel Mracek<\/p>\n<p>Sigi Faschingbauer ist Autor respektive Dichter, Zeichner, Maler und Plastiker, wobei die Frage nach Henne oder Ei bei ihm eigentlich keine Rolle spielt. Angesichts mehrerer Projekte der vergangenen Jahre kann man betreffend seine genre\u00fcbergreifende Arbeitsweise durchaus von inhaltlichen wie formalen Metamorphosen sprechen, nach denen erz\u00e4hlender Text zu (Hand-)Schrift im anderen Medium wird oder zuvor entstandene Bilder zu narrativem Text gewisserma\u00dfen umgeformt werden. Den nun pr\u00e4sentierten AUFZEICHNUNGEN ging Faschingbauers neuer Roman DER T\u00c4NZER voraus. Dabei handelt es sich keineswegs um Illustrationen der Erz\u00e4hlungen des Romans, vielmehr werden Handlungsstr\u00e4nge in assoziativen Bildern und Objekten weitergef\u00fchrt. Gemalte Handschrift wird hier zum kompositorischen, den Bildraum und -rhythmus bestimmenden Element, mit dem abstrahierte Figuren bzw. K\u00f6rper \u2013 wie im Tanz \u2013 zu interagieren scheinen. TextBilder nennt Faschingbauer dieses kompositorische, sein Werk bezeichnende Prinzip von \u00dcberg\u00e4ngen zwischen Schrift und Ornament, zwischen Ornament und Figuration. Entw\u00fcrfe, Notizen, Probedrucke und allf\u00e4lliges Material werden in quaderf\u00f6rmige Objekte verpackt, damit die Genese des Romans, die schlie\u00dflich auch in die Ausstellung f\u00fchrte, zum einen verschleiert; erhalten dagegen bleibt sie insofern, als die literarischen Inhalte nun in anderer und neuer Form \u2013 als Plastiken \u2013 wieder erscheinen.<\/p>\n<p>&nbsp;<\/p>\n<p><strong>Preis:<\/strong> AT \u20ac 29,80 \/ DE \u20ac 28.99<\/p>\n<p><strong>Seiten:<\/strong>\u00a0128<\/p>\n<p><strong>ISBN13:<\/strong>\u00a0978-3-9503337-1-8<\/p>\n<p><strong>Erscheinungsdatum:<\/strong>\u00a012.06.2012<\/p>\n<p><strong>Sprache:<\/strong>\u00a0Deutsch<\/p>\n<p><strong>Format:<\/strong>\u00a031,5 x 25,0 cm;\u00a0Gebunden;\u00a0Buch fester Einband (Hardcover)<\/p>\n<p>150 Abbildung(en)<\/p>\n","protected":false},"excerpt":{"rendered":"<p>Foto(s) von\u00a0 Werner Krug, Maler\u00a0 Sigi Faschingbauer, Einleitung von Wenzel Mracek<\/p>\n<p>Sigi Faschingbauer ist Autor respektive Dichter, Zeichner, Maler und Plastiker, wobei die Frage nach Henne oder Ei bei ihm eigentlich keine Rolle spielt. Angesichts mehrerer Projekte der vergangenen Jahre kann man betreffend seine genre\u00fcbergreifende Arbeitsweise durchaus von inhaltlichen wie formalen Metamorphosen sprechen, nach denen erz\u00e4hlender Text zu (Hand-)Schrift im anderen Medium wird oder zuvor entstandene Bilder zu narrativem Text gewisserma\u00dfen umgeformt werden.<\/p>\n","protected":false},"featured_media":1421,"comment_status":"closed","ping_status":"closed","template":"","meta":[],"etheme_brands":[],"product_brand":[],"product_cat":[1364],"product_tag":[1217,356,119,697,294,979,1216,1218,301,121,1219,109],"yst_prominent_words":[],"class_list":{"0":"post-1014","1":"product","2":"type-product","3":"status-publish","4":"has-post-thumbnail","6":"product_cat-kunst-und-fotografie","7":"product_tag-bildskizzen","8":"product_tag-edition-keiper","9":"product_tag-kunst","10":"product_tag-kunstbuch","11":"product_tag-kuenstler","12":"product_tag-malerei","13":"product_tag-skripturale-bildwerke","14":"product_tag-skripturale-malerei","15":"product_tag-taenzer-leonhard","16":"product_tag-verlag","17":"product_tag-werkbuch","18":"product_tag-www-editionkeiper-at","20":"first","21":"instock","22":"shipping-taxable","23":"purchasable","24":"product-type-simple"},"_links":{"self":[{"href":"https:\/\/www.editionkeiper.at\/shop\/wp-json\/wp\/v2\/product\/1014","targetHints":{"allow":["GET"]}}],"collection":[{"href":"https:\/\/www.editionkeiper.at\/shop\/wp-json\/wp\/v2\/product"}],"about":[{"href":"https:\/\/www.editionkeiper.at\/shop\/wp-json\/wp\/v2\/types\/product"}],"replies":[{"embeddable":true,"href":"https:\/\/www.editionkeiper.at\/shop\/wp-json\/wp\/v2\/comments?post=1014"}],"wp:featuredmedia":[{"embeddable":true,"href":"https:\/\/www.editionkeiper.at\/shop\/wp-json\/wp\/v2\/media\/1421"}],"wp:attachment":[{"href":"https:\/\/www.editionkeiper.at\/shop\/wp-json\/wp\/v2\/media?parent=1014"}],"wp:term":[{"taxonomy":"brand","embeddable":true,"href":"https:\/\/www.editionkeiper.at\/shop\/wp-json\/wp\/v2\/etheme_brands?post=1014"},{"taxonomy":"product_brand","embeddable":true,"href":"https:\/\/www.editionkeiper.at\/shop\/wp-json\/wp\/v2\/product_brand?post=1014"},{"taxonomy":"product_cat","embeddable":true,"href":"https:\/\/www.editionkeiper.at\/shop\/wp-json\/wp\/v2\/product_cat?post=1014"},{"taxonomy":"product_tag","embeddable":true,"href":"https:\/\/www.editionkeiper.at\/shop\/wp-json\/wp\/v2\/product_tag?post=1014"},{"taxonomy":"yst_prominent_words","embeddable":true,"href":"https:\/\/www.editionkeiper.at\/shop\/wp-json\/wp\/v2\/yst_prominent_words?post=1014"}],"curies":[{"name":"wp","href":"https:\/\/api.w.org\/{rel}","templated":true}]}}