{"id":1009,"date":"2012-07-31T14:20:38","date_gmt":"2012-07-31T12:20:38","guid":{"rendered":"https:\/\/www.editionkeiper.at\/shop\/produkt\/das-buch-der-schlaefer\/"},"modified":"2021-03-09T11:41:42","modified_gmt":"2021-03-09T10:41:42","slug":"das-buch-der-schlaefer","status":"publish","type":"product","link":"https:\/\/www.editionkeiper.at\/shop\/produkt\/das-buch-der-schlaefer\/","title":{"rendered":"Das Buch der Schl\u00e4fer"},"content":{"rendered":"<h2>Das Buch der Schl\u00e4fer<\/h2>\n<p>von\u00a0<strong><a href=\"https:\/\/www.editionkeiper.at\/shop\/schmidt-alfred-paul\/\">Alfred Paul Schmidt<\/a><br \/>\n<\/strong><\/p>\n<p>In diesem &#8218;philosophischen Kriminalroman&#8216; zieht Alfred Paul Schmidt alle Register seiner Sprach- und Erz\u00e4hlkunst. In einer so subtilen wie hintergr\u00fcndigen literarischen Tour-de-force jagt er seinen Ich-Erz\u00e4hler, selbst Schriftsteller und &#8218;Schl\u00e4fer&#8216;, im mehrfachen Sinne, durch die Stadt Schenn und deren \u00d6rtlichkeiten, die Haftanstalt eingeschlossen, vor allem aber durch ein prek\u00e4res Katz-und-Maus-Spiel mit dem Ermittler Dr. Reh und zugleich durch ein schwindelerregendes Kaleidoskop von Fragen, Verunsicherungen, Beziehungen, Verzweiflungen und Tr\u00f6stungen \u2013 ein Hoch auf die Imagination, gew\u00fcrzt mit den f\u00fcr Schmidt charakteristischen Aphorismen und Aper\u00e7us, witzig und ber\u00fchrend zugleich, voll Lokalkolorit und doch universell, im gleichen Ma\u00dfe getragen von tiefgr\u00fcndiger Lebensweisheit und paradoxem Witz: ein Trost der Philosophie und der Vorstellungskraft, f\u00fcr den Helden des Romans wie dessen Leser.<\/p>\n<p>&nbsp;<\/p>\n<p><strong>Preis:<\/strong> AT \u20ac 18,70 \/ DE \u20ac 18.19<\/p>\n<p><strong>Seiten:<\/strong>\u00a0227<\/p>\n<p><strong>ISBN13:<\/strong>\u00a0978-3-9503343-9-5<\/p>\n<p><strong>Erscheinungsdatum:<\/strong>\u00a031.07.2012<\/p>\n<p><strong>Sprache:<\/strong>\u00a0Deutsch<\/p>\n<p><strong>Format:<\/strong>\u00a020,0 x 12,1 cm;\u00a0Paperback;\u00a0Buch<\/p>\n","protected":false},"excerpt":{"rendered":"<p>In diesem &#8218;philosophischen Kriminalroman&#8216; zieht Alfred Paul Schmidt alle Register seiner Sprach- und Erz\u00e4hlkunst.<\/p>\n","protected":false},"featured_media":1548,"comment_status":"closed","ping_status":"closed","template":"","meta":[],"etheme_brands":[],"product_brand":[],"product_cat":[1394],"product_tag":[336,356,117,348,1380,1332,323,218,209,445,440,121,109],"yst_prominent_words":[3473,3471,3470,3472],"class_list":{"0":"post-1009","1":"product","2":"type-product","3":"status-publish","4":"has-post-thumbnail","6":"product_cat-krimi","7":"product_tag-belletristik","8":"product_tag-edition-keiper","9":"product_tag-keiper","10":"product_tag-literatur","11":"product_tag-orf","12":"product_tag-orf-krimireihen","13":"product_tag-oesterreich","14":"product_tag-roman","15":"product_tag-steiermark","16":"product_tag-stockinger","17":"product_tag-tatort","18":"product_tag-verlag","19":"product_tag-www-editionkeiper-at","21":"first","22":"instock","23":"shipping-taxable","24":"purchasable","25":"product-type-simple"},"_links":{"self":[{"href":"https:\/\/www.editionkeiper.at\/shop\/wp-json\/wp\/v2\/product\/1009","targetHints":{"allow":["GET"]}}],"collection":[{"href":"https:\/\/www.editionkeiper.at\/shop\/wp-json\/wp\/v2\/product"}],"about":[{"href":"https:\/\/www.editionkeiper.at\/shop\/wp-json\/wp\/v2\/types\/product"}],"replies":[{"embeddable":true,"href":"https:\/\/www.editionkeiper.at\/shop\/wp-json\/wp\/v2\/comments?post=1009"}],"wp:featuredmedia":[{"embeddable":true,"href":"https:\/\/www.editionkeiper.at\/shop\/wp-json\/wp\/v2\/media\/1548"}],"wp:attachment":[{"href":"https:\/\/www.editionkeiper.at\/shop\/wp-json\/wp\/v2\/media?parent=1009"}],"wp:term":[{"taxonomy":"brand","embeddable":true,"href":"https:\/\/www.editionkeiper.at\/shop\/wp-json\/wp\/v2\/etheme_brands?post=1009"},{"taxonomy":"product_brand","embeddable":true,"href":"https:\/\/www.editionkeiper.at\/shop\/wp-json\/wp\/v2\/product_brand?post=1009"},{"taxonomy":"product_cat","embeddable":true,"href":"https:\/\/www.editionkeiper.at\/shop\/wp-json\/wp\/v2\/product_cat?post=1009"},{"taxonomy":"product_tag","embeddable":true,"href":"https:\/\/www.editionkeiper.at\/shop\/wp-json\/wp\/v2\/product_tag?post=1009"},{"taxonomy":"yst_prominent_words","embeddable":true,"href":"https:\/\/www.editionkeiper.at\/shop\/wp-json\/wp\/v2\/yst_prominent_words?post=1009"}],"curies":[{"name":"wp","href":"https:\/\/api.w.org\/{rel}","templated":true}]}}