{"id":1006,"date":"2012-08-31T14:20:37","date_gmt":"2012-08-31T12:20:37","guid":{"rendered":"https:\/\/www.editionkeiper.at\/shop\/produkt\/frauenzimmer-teilmoebliert\/"},"modified":"2021-03-08T14:57:37","modified_gmt":"2021-03-08T13:57:37","slug":"frauenzimmer-teilmoebliert","status":"publish","type":"product","link":"https:\/\/www.editionkeiper.at\/shop\/produkt\/frauenzimmer-teilmoebliert\/","title":{"rendered":"Frauenzimmer teilm\u00f6bliert"},"content":{"rendered":"<h2>Frauenzimmer teilm\u00f6bliert<\/h2>\n<p>von <strong><a href=\"https:\/\/www.editionkeiper.at\/shop\/kuchling-mirella\/\">Mirella Kuchling<\/a><br \/>\n<\/strong><\/p>\n<p>Die Suche nach der gro\u00dfen Liebe geht weiter. Oder geht es nach wie vor nur darum, Mobiliar f\u00fcr die nach wie vor halb leere Wohnung zu ergattern? &#8218;Frauenzimmer teilm\u00f6bliert&#8216;, der zweite Band der Frauenzimmer-Trilogie, f\u00fchrt die Protagonistin zum Speed-Daten, zum Akt-Shooting, in ein idyllisches Landschloss und beinahe in die Arme einer liebestollen Frau. Freundin Mona unterst\u00fctzt sie nach wie vor tatkr\u00e4ftig und wirft sie, wie es ihre Art ist, in die Arme der seltsamsten K\u00e4uze. Und damit es richtig gruselig wird, tauchen im zweiten Band auch Ratten auf \u2026<\/p>\n<p>&nbsp;<\/p>\n<p><strong>Preis:<\/strong> AT \u20ac 16,50 \/ DE \u20ac 16.05<\/p>\n<p><strong>Seiten:<\/strong>\u00a0140<\/p>\n<p><strong>ISBN13:<\/strong>\u00a0978-3-902901-02-6<\/p>\n<p><strong>Erscheinungsdatum:<\/strong>\u00a031.08.2012<\/p>\n<p><strong>Sprache:<\/strong>\u00a0Deutsch<\/p>\n<p><strong>Format:<\/strong>\u00a018,6 x 12,6 cm;\u00a0Paperback;\u00a0Buch (nicht weiter definiert)<\/p>\n","protected":false},"excerpt":{"rendered":"<p>Die Suche nach der gro\u00dfen Liebe geht weiter. Oder geht es nach wie vor nur darum, Mobiliar f\u00fcr die nach wie vor halb leere Wohnung zu ergattern? &#8218;Frauenzimmer teilm\u00f6bliert&#8216;, der zweite Band der Frauenzimmer-Trilogie, f\u00fchrt die Protagonistin zum Speed-Daten, zum Akt-Shooting, in ein idyllisches Landschloss und beinahe in die Arme einer liebestollen Frau.<\/p>\n","protected":false},"featured_media":1485,"comment_status":"closed","ping_status":"closed","template":"","meta":[],"etheme_brands":[],"product_brand":[],"product_cat":[3693],"product_tag":[317,356,751,241,117,382,305,323,1388,209,121,109],"yst_prominent_words":[],"class_list":{"0":"post-1006","1":"product","2":"type-product","3":"status-publish","4":"has-post-thumbnail","6":"product_cat-liebesromane","7":"product_tag-beziehung","8":"product_tag-edition-keiper","9":"product_tag-frau","10":"product_tag-graz","11":"product_tag-keiper","12":"product_tag-liebe","13":"product_tag-maenner","14":"product_tag-oesterreich","15":"product_tag-probleme","16":"product_tag-steiermark","17":"product_tag-verlag","18":"product_tag-www-editionkeiper-at","20":"first","21":"instock","22":"shipping-taxable","23":"purchasable","24":"product-type-simple"},"_links":{"self":[{"href":"https:\/\/www.editionkeiper.at\/shop\/wp-json\/wp\/v2\/product\/1006","targetHints":{"allow":["GET"]}}],"collection":[{"href":"https:\/\/www.editionkeiper.at\/shop\/wp-json\/wp\/v2\/product"}],"about":[{"href":"https:\/\/www.editionkeiper.at\/shop\/wp-json\/wp\/v2\/types\/product"}],"replies":[{"embeddable":true,"href":"https:\/\/www.editionkeiper.at\/shop\/wp-json\/wp\/v2\/comments?post=1006"}],"wp:featuredmedia":[{"embeddable":true,"href":"https:\/\/www.editionkeiper.at\/shop\/wp-json\/wp\/v2\/media\/1485"}],"wp:attachment":[{"href":"https:\/\/www.editionkeiper.at\/shop\/wp-json\/wp\/v2\/media?parent=1006"}],"wp:term":[{"taxonomy":"brand","embeddable":true,"href":"https:\/\/www.editionkeiper.at\/shop\/wp-json\/wp\/v2\/etheme_brands?post=1006"},{"taxonomy":"product_brand","embeddable":true,"href":"https:\/\/www.editionkeiper.at\/shop\/wp-json\/wp\/v2\/product_brand?post=1006"},{"taxonomy":"product_cat","embeddable":true,"href":"https:\/\/www.editionkeiper.at\/shop\/wp-json\/wp\/v2\/product_cat?post=1006"},{"taxonomy":"product_tag","embeddable":true,"href":"https:\/\/www.editionkeiper.at\/shop\/wp-json\/wp\/v2\/product_tag?post=1006"},{"taxonomy":"yst_prominent_words","embeddable":true,"href":"https:\/\/www.editionkeiper.at\/shop\/wp-json\/wp\/v2\/yst_prominent_words?post=1006"}],"curies":[{"name":"wp","href":"https:\/\/api.w.org\/{rel}","templated":true}]}}