{"id":1002,"date":"2012-10-28T14:20:26","date_gmt":"2012-10-28T13:20:26","guid":{"rendered":"https:\/\/www.editionkeiper.at\/shop\/produkt\/kleine-kubanische-grammatik\/"},"modified":"2021-03-04T16:48:20","modified_gmt":"2021-03-04T15:48:20","slug":"kleine-kubanische-grammatik","status":"publish","type":"product","link":"https:\/\/www.editionkeiper.at\/shop\/produkt\/kleine-kubanische-grammatik\/","title":{"rendered":"kleine kubanische grammatik \u2013 keiper lyrik 5"},"content":{"rendered":"<h2>kleine kubanische grammatik \u2013 keiper lyrik 5<\/h2>\n<p>von <strong><a href=\"https:\/\/www.editionkeiper.at\/shop\/kawasser-udo\/\">Udo Kawasser<\/a><br \/>\n<\/strong><\/p>\n<p>Die h\u00f6chst widerspr\u00fcchliche Realit\u00e4t der Karibikinsel hat den Kubakenner und \u00dcbersetzer Udo Kawasser ein Jahrzehnt lang zu immer neuen poetischen Ann\u00e4herungsversuchen herausgefordert. Sprachliche Fundst\u00fccke aus dem kubanischen Alltag oder aus dem Museum der Revolution treffen auf fein ausbalancierte lyrische Gebilde. Mit Augenzwinkern verspricht der in Wien lebende Dichter Abhilfe in allen &#8222;Zweifelsf\u00e4llen des Kubanischen&#8220;. (Helwig Brunner, Herausgeber der Reihe keiper lyrik)<\/p>\n<p>&nbsp;<\/p>\n<p><strong>Preis:<\/strong> AT \u20ac 15,40 \/ DE \u20ac 14.98<\/p>\n<p><strong>Seiten:<\/strong>\u00a096<\/p>\n<p><strong>ISBN13:<\/strong>\u00a0978-3-9503343-1-9<\/p>\n<p><strong>Erscheinungsdatum:<\/strong>\u00a028.10.2012<\/p>\n<p><strong>Sprache:<\/strong>\u00a0Spanisch; Deutsch<\/p>\n<p><strong>Format:<\/strong>\u00a017,6 x 11,0 cm;\u00a0broschiert<\/p>\n","protected":false},"excerpt":{"rendered":"<p>Die h\u00f6chst widerspr\u00fcchliche Realit\u00e4t der Karibikinsel hat den Kubakenner und \u00dcbersetzer Udo Kawasser ein Jahrzehnt lang zu immer neuen poetischen Ann\u00e4herungsversuchen herausgefordert.<\/p>\n","protected":false},"featured_media":1467,"comment_status":"closed","ping_status":"closed","template":"","meta":[],"etheme_brands":[],"product_brand":[],"product_cat":[2604],"product_tag":[356,117,557,348,174,323,209,121,109],"yst_prominent_words":[3285,3345,3306],"class_list":{"0":"post-1002","1":"product","2":"type-product","3":"status-publish","4":"has-post-thumbnail","6":"product_cat-die-reihe-keiper-lyrik","7":"product_tag-edition-keiper","8":"product_tag-keiper","9":"product_tag-keiper-lyrik","10":"product_tag-literatur","11":"product_tag-lyrik","12":"product_tag-oesterreich","13":"product_tag-steiermark","14":"product_tag-verlag","15":"product_tag-www-editionkeiper-at","17":"first","18":"instock","19":"shipping-taxable","20":"purchasable","21":"product-type-simple"},"_links":{"self":[{"href":"https:\/\/www.editionkeiper.at\/shop\/wp-json\/wp\/v2\/product\/1002","targetHints":{"allow":["GET"]}}],"collection":[{"href":"https:\/\/www.editionkeiper.at\/shop\/wp-json\/wp\/v2\/product"}],"about":[{"href":"https:\/\/www.editionkeiper.at\/shop\/wp-json\/wp\/v2\/types\/product"}],"replies":[{"embeddable":true,"href":"https:\/\/www.editionkeiper.at\/shop\/wp-json\/wp\/v2\/comments?post=1002"}],"wp:featuredmedia":[{"embeddable":true,"href":"https:\/\/www.editionkeiper.at\/shop\/wp-json\/wp\/v2\/media\/1467"}],"wp:attachment":[{"href":"https:\/\/www.editionkeiper.at\/shop\/wp-json\/wp\/v2\/media?parent=1002"}],"wp:term":[{"taxonomy":"brand","embeddable":true,"href":"https:\/\/www.editionkeiper.at\/shop\/wp-json\/wp\/v2\/etheme_brands?post=1002"},{"taxonomy":"product_brand","embeddable":true,"href":"https:\/\/www.editionkeiper.at\/shop\/wp-json\/wp\/v2\/product_brand?post=1002"},{"taxonomy":"product_cat","embeddable":true,"href":"https:\/\/www.editionkeiper.at\/shop\/wp-json\/wp\/v2\/product_cat?post=1002"},{"taxonomy":"product_tag","embeddable":true,"href":"https:\/\/www.editionkeiper.at\/shop\/wp-json\/wp\/v2\/product_tag?post=1002"},{"taxonomy":"yst_prominent_words","embeddable":true,"href":"https:\/\/www.editionkeiper.at\/shop\/wp-json\/wp\/v2\/yst_prominent_words?post=1002"}],"curies":[{"name":"wp","href":"https:\/\/api.w.org\/{rel}","templated":true}]}}