{"id":6233,"date":"2020-07-08T16:43:41","date_gmt":"2020-07-08T14:43:41","guid":{"rendered":"https:\/\/www.editionkeiper.at\/shop\/?page_id=6233"},"modified":"2024-11-14T15:04:20","modified_gmt":"2024-11-14T14:04:20","slug":"youtube-lesungen","status":"publish","type":"page","link":"https:\/\/www.editionkeiper.at\/shop\/youtube-lesungen\/","title":{"rendered":"YouTube-Lesungen"},"content":{"rendered":"\t\t<div data-elementor-type=\"wp-page\" data-elementor-id=\"6233\" class=\"elementor elementor-6233\" data-elementor-post-type=\"page\">\n\t\t\t\t\t\t<section class=\"elementor-section elementor-top-section elementor-element elementor-element-6cff57a elementor-section-boxed elementor-section-height-default elementor-section-height-default\" data-id=\"6cff57a\" data-element_type=\"section\" data-e-type=\"section\">\n\t\t\t\t\t\t<div class=\"elementor-container elementor-column-gap-default\">\n\t\t\t\t\t<div class=\"elementor-column elementor-col-100 elementor-top-column elementor-element elementor-element-71a9eac\" data-id=\"71a9eac\" data-element_type=\"column\" data-e-type=\"column\">\n\t\t\t<div class=\"elementor-widget-wrap elementor-element-populated\">\n\t\t\t\t\t\t<div class=\"elementor-element elementor-element-693208e elementor-widget elementor-widget-text-editor\" data-id=\"693208e\" data-element_type=\"widget\" data-e-type=\"widget\" data-widget_type=\"text-editor.default\">\n\t\t\t\t<div class=\"elementor-widget-container\">\n\t\t\t\t\t\t\t\t\t<h3 style=\"text-align: center;\">Aktuelle Lesungen auf YouTube:<\/h3>\t\t\t\t\t\t\t\t<\/div>\n\t\t\t\t<\/div>\n\t\t\t\t\t<\/div>\n\t\t<\/div>\n\t\t\t\t\t<\/div>\n\t\t<\/section>\n\t\t\t\t<section class=\"elementor-section elementor-top-section elementor-element elementor-element-3300055 elementor-section-boxed elementor-section-height-default elementor-section-height-default\" data-id=\"3300055\" data-element_type=\"section\" data-e-type=\"section\">\n\t\t\t\t\t\t<div class=\"elementor-container elementor-column-gap-default\">\n\t\t\t\t\t<div class=\"elementor-column elementor-col-33 elementor-top-column elementor-element elementor-element-ab6ff3f\" data-id=\"ab6ff3f\" data-element_type=\"column\" data-e-type=\"column\">\n\t\t\t<div class=\"elementor-widget-wrap elementor-element-populated\">\n\t\t\t\t\t\t<div class=\"elementor-element elementor-element-d936bb5 elementor-widget elementor-widget-video\" data-id=\"d936bb5\" data-element_type=\"widget\" data-e-type=\"widget\" data-settings=\"{&quot;youtube_url&quot;:&quot;https:\\\/\\\/youtu.be\\\/rnIMMczVKbA?si=i-Qb5KiTv3jpF4is&quot;,&quot;video_type&quot;:&quot;youtube&quot;,&quot;controls&quot;:&quot;yes&quot;}\" data-widget_type=\"video.default\">\n\t\t\t\t<div class=\"elementor-widget-container\">\n\t\t\t\t\t\t\t<div class=\"elementor-wrapper elementor-open-inline\">\n\t\t\t<div class=\"elementor-video\"><\/div>\t\t<\/div>\n\t\t\t\t\t\t<\/div>\n\t\t\t\t<\/div>\n\t\t\t\t\t<\/div>\n\t\t<\/div>\n\t\t\t\t<div class=\"elementor-column elementor-col-66 elementor-top-column elementor-element elementor-element-df76c8b\" data-id=\"df76c8b\" data-element_type=\"column\" data-e-type=\"column\">\n\t\t\t<div class=\"elementor-widget-wrap elementor-element-populated\">\n\t\t\t\t\t\t<div class=\"elementor-element elementor-element-359e1f2 elementor-widget elementor-widget-heading\" data-id=\"359e1f2\" data-element_type=\"widget\" data-e-type=\"widget\" data-widget_type=\"heading.default\">\n\t\t\t\t<div class=\"elementor-widget-container\">\n\t\t\t\t\t<h2 class=\"elementor-heading-title elementor-size-default\">Heimat - Kapitel 1<\/h2>\t\t\t\t<\/div>\n\t\t\t\t<\/div>\n\t\t\t\t<div class=\"elementor-element elementor-element-29507cc elementor-widget elementor-widget-text-editor\" data-id=\"29507cc\" data-element_type=\"widget\" data-e-type=\"widget\" data-widget_type=\"text-editor.default\">\n\t\t\t\t<div class=\"elementor-widget-container\">\n\t\t\t\t\t\t\t\t\t<p>Roman von August Schm\u00f6lzer. Es liest der Autor.<\/p>\n<p>Im idyllischen St. Vinzenz, einer kleinen Gemeinde in der S\u00fcdsteiermark, zieht ein Gewitter auf. Josef Sudi, pensionierter Kriminalbeamter, genie\u00dft die friedliche Atmosph\u00e4re im Garten der Keusche von Frau Klug, einer eigenwilligen 90-j\u00e4hrigen Dame. Sie bietet ihm an, ihre Keusche auf Leibrente zu \u00fcbernehmen. W\u00e4hrend das Unwetter n\u00e4herkommt, vertiefen sich ihre Gespr\u00e4che \u00fcber das Leben, das Erbe und die Natur. Ein neuer Lebensabschnitt beginnt f\u00fcr Josef, doch dunkle Erinnerungen und die Geister der Vergangenheit lassen ihn nicht los.<br \/><span style=\"color: inherit; font-family: inherit; font-size: inherit; font-weight: var( --e-global-typography-text-font-weight ); background-color: var(--et_container-bg-color,transparent);\">#Literatur #Roman #Schilcherland #S\u00fcdsteiermark #Pension #Neubeginn #Natur<\/span><\/p>\t\t\t\t\t\t\t\t<\/div>\n\t\t\t\t<\/div>\n\t\t\t\t\t<\/div>\n\t\t<\/div>\n\t\t\t\t\t<\/div>\n\t\t<\/section>\n\t\t\t\t<section class=\"elementor-section elementor-top-section elementor-element elementor-element-e2025fb elementor-section-boxed elementor-section-height-default elementor-section-height-default\" data-id=\"e2025fb\" data-element_type=\"section\" data-e-type=\"section\">\n\t\t\t\t\t\t<div class=\"elementor-container elementor-column-gap-default\">\n\t\t\t\t\t<div class=\"elementor-column elementor-col-100 elementor-top-column elementor-element elementor-element-ad207db\" data-id=\"ad207db\" data-element_type=\"column\" data-e-type=\"column\">\n\t\t\t<div class=\"elementor-widget-wrap elementor-element-populated\">\n\t\t\t\t\t\t<div class=\"elementor-element elementor-element-3f4a425 elementor-widget-divider--view-line elementor-widget elementor-widget-divider\" data-id=\"3f4a425\" data-element_type=\"widget\" data-e-type=\"widget\" data-widget_type=\"divider.default\">\n\t\t\t\t<div class=\"elementor-widget-container\">\n\t\t\t\t\t\t\t<div class=\"elementor-divider\">\n\t\t\t<span class=\"elementor-divider-separator\">\n\t\t\t\t\t\t<\/span>\n\t\t<\/div>\n\t\t\t\t\t\t<\/div>\n\t\t\t\t<\/div>\n\t\t\t\t\t<\/div>\n\t\t<\/div>\n\t\t\t\t\t<\/div>\n\t\t<\/section>\n\t\t\t\t<section class=\"elementor-section elementor-top-section elementor-element elementor-element-e474501 elementor-section-boxed elementor-section-height-default elementor-section-height-default\" data-id=\"e474501\" data-element_type=\"section\" data-e-type=\"section\">\n\t\t\t\t\t\t<div class=\"elementor-container elementor-column-gap-default\">\n\t\t\t\t\t<div class=\"elementor-column elementor-col-100 elementor-top-column elementor-element elementor-element-29b1522\" data-id=\"29b1522\" data-element_type=\"column\" data-e-type=\"column\">\n\t\t\t<div class=\"elementor-widget-wrap elementor-element-populated\">\n\t\t\t\t\t\t<div class=\"elementor-element elementor-element-3e30819 elementor-widget elementor-widget-text-editor\" data-id=\"3e30819\" data-element_type=\"widget\" data-e-type=\"widget\" data-widget_type=\"text-editor.default\">\n\t\t\t\t<div class=\"elementor-widget-container\">\n\t\t\t\t\t\t\t\t\t<h3 style=\"text-align: center;\">Weitere Clips der edition keiper auf YouTube:<\/h3>\t\t\t\t\t\t\t\t<\/div>\n\t\t\t\t<\/div>\n\t\t\t\t\t<\/div>\n\t\t<\/div>\n\t\t\t\t\t<\/div>\n\t\t<\/section>\n\t\t\t\t<section class=\"elementor-section elementor-top-section elementor-element elementor-element-049ef6d elementor-section-boxed elementor-section-height-default elementor-section-height-default\" data-id=\"049ef6d\" data-element_type=\"section\" data-e-type=\"section\">\n\t\t\t\t\t\t<div class=\"elementor-container elementor-column-gap-default\">\n\t\t\t\t\t<div class=\"elementor-column elementor-col-33 elementor-top-column elementor-element elementor-element-497f503\" data-id=\"497f503\" data-element_type=\"column\" data-e-type=\"column\">\n\t\t\t<div class=\"elementor-widget-wrap elementor-element-populated\">\n\t\t\t\t\t\t<div class=\"elementor-element elementor-element-9a021fa elementor-widget elementor-widget-video\" data-id=\"9a021fa\" data-element_type=\"widget\" data-e-type=\"widget\" data-settings=\"{&quot;youtube_url&quot;:&quot;https:\\\/\\\/youtu.be\\\/6nNSIn69Qr4?feature=shared&quot;,&quot;video_type&quot;:&quot;youtube&quot;,&quot;controls&quot;:&quot;yes&quot;}\" data-widget_type=\"video.default\">\n\t\t\t\t<div class=\"elementor-widget-container\">\n\t\t\t\t\t\t\t<div class=\"elementor-wrapper elementor-open-inline\">\n\t\t\t<div class=\"elementor-video\"><\/div>\t\t<\/div>\n\t\t\t\t\t\t<\/div>\n\t\t\t\t<\/div>\n\t\t\t\t\t<\/div>\n\t\t<\/div>\n\t\t\t\t<div class=\"elementor-column elementor-col-66 elementor-top-column elementor-element elementor-element-421f7d2\" data-id=\"421f7d2\" data-element_type=\"column\" data-e-type=\"column\">\n\t\t\t<div class=\"elementor-widget-wrap elementor-element-populated\">\n\t\t\t\t\t\t<div class=\"elementor-element elementor-element-61c8817 elementor-widget elementor-widget-heading\" data-id=\"61c8817\" data-element_type=\"widget\" data-e-type=\"widget\" data-widget_type=\"heading.default\">\n\t\t\t\t<div class=\"elementor-widget-container\">\n\t\t\t\t\t<h2 class=\"elementor-heading-title elementor-size-default\">Das Lied zum Kinderbuch \"Weil ich dich mag\"<\/h2>\t\t\t\t<\/div>\n\t\t\t\t<\/div>\n\t\t\t\t<div class=\"elementor-element elementor-element-dff501f elementor-widget elementor-widget-text-editor\" data-id=\"dff501f\" data-element_type=\"widget\" data-e-type=\"widget\" data-widget_type=\"text-editor.default\">\n\t\t\t\t<div class=\"elementor-widget-container\">\n\t\t\t\t\t\t\t\t\t<p>Erlebe das Lied zum Kinderbuch <em>\u201eWeil ich dich mag\u201c<\/em> \u2013 eine fr\u00f6hliche, musikalische Entdeckungsreise, die Kinderherzen h\u00f6her schlagen l\u00e4sst! Mit mitrei\u00dfenden Melodien und liebevollen Reimen tauchst du ein in eine farbenfrohe Welt voller Abenteuer. Jede Strophe zeigt dir, wie Liebe auf der ganzen Welt gefeiert wird \u2013 mal bunt, mal verspielt, immer herzlich. Der eing\u00e4ngige Refrain bleibt im Ohr und im Herzen: Liebe kennt keine Grenzen, sie ist \u00fcberall zuhause. Ein Song voller Lebensfreude, der garantiert zum Mitsingen einl\u00e4dt!<br \/>\u00a9 Julia Reichart (Liedtext als <a href=\"https:\/\/www.editionkeiper.at\/shop\/wp-content\/uploads\/2024\/07\/Weil-ich-dich-mag_Songtext_\u00a9Julia-Reichart.pdf\" target=\"_blank\" rel=\"noopener\"><span style=\"color: #800080;\">PDF zum Download<\/span><\/a>)<\/p>\n<p>#WeilIchDichMag #KinderbuchLiebe #MusikF\u00fcrKinder #LiederF\u00fcrKinder #Familienzeit #Kinderherzen #Mitsingen #Lebensfreude #LiebeFeiern\u00a0#MusikalischeReise<\/p>\t\t\t\t\t\t\t\t<\/div>\n\t\t\t\t<\/div>\n\t\t\t\t\t<\/div>\n\t\t<\/div>\n\t\t\t\t\t<\/div>\n\t\t<\/section>\n\t\t\t\t<section class=\"elementor-section elementor-top-section elementor-element elementor-element-16ba42b elementor-section-boxed elementor-section-height-default elementor-section-height-default\" data-id=\"16ba42b\" data-element_type=\"section\" data-e-type=\"section\">\n\t\t\t\t\t\t<div class=\"elementor-container elementor-column-gap-default\">\n\t\t\t\t\t<div class=\"elementor-column elementor-col-33 elementor-top-column elementor-element elementor-element-c4ad3ce\" data-id=\"c4ad3ce\" data-element_type=\"column\" data-e-type=\"column\">\n\t\t\t<div class=\"elementor-widget-wrap elementor-element-populated\">\n\t\t\t\t\t\t<div class=\"elementor-element elementor-element-bb5426d elementor-widget elementor-widget-video\" data-id=\"bb5426d\" data-element_type=\"widget\" data-e-type=\"widget\" data-settings=\"{&quot;youtube_url&quot;:&quot;https:\\\/\\\/youtu.be\\\/6nNSIn69Qr4?si=kq_tt7A9n6sVA3kh&quot;,&quot;video_type&quot;:&quot;youtube&quot;,&quot;controls&quot;:&quot;yes&quot;}\" data-widget_type=\"video.default\">\n\t\t\t\t<div class=\"elementor-widget-container\">\n\t\t\t\t\t\t\t<div class=\"elementor-wrapper elementor-open-inline\">\n\t\t\t<div class=\"elementor-video\"><\/div>\t\t<\/div>\n\t\t\t\t\t\t<\/div>\n\t\t\t\t<\/div>\n\t\t\t\t\t<\/div>\n\t\t<\/div>\n\t\t\t\t<div class=\"elementor-column elementor-col-66 elementor-top-column elementor-element elementor-element-7696f21\" data-id=\"7696f21\" data-element_type=\"column\" data-e-type=\"column\">\n\t\t\t<div class=\"elementor-widget-wrap elementor-element-populated\">\n\t\t\t\t\t\t<div class=\"elementor-element elementor-element-476bc51 elementor-widget elementor-widget-heading\" data-id=\"476bc51\" data-element_type=\"widget\" data-e-type=\"widget\" data-widget_type=\"heading.default\">\n\t\t\t\t<div class=\"elementor-widget-container\">\n\t\t\t\t\t<h2 class=\"elementor-heading-title elementor-size-default\">Karaokeversion zum Kinderbuchlied \"Weil ich dich mag\"<\/h2>\t\t\t\t<\/div>\n\t\t\t\t<\/div>\n\t\t\t\t<div class=\"elementor-element elementor-element-e7958da elementor-widget elementor-widget-text-editor\" data-id=\"e7958da\" data-element_type=\"widget\" data-e-type=\"widget\" data-widget_type=\"text-editor.default\">\n\t\t\t\t<div class=\"elementor-widget-container\">\n\t\t\t\t\t\t\t\t\t<p><span style=\"color: inherit; font-family: inherit; font-size: inherit; font-weight: var( --e-global-typography-text-font-weight ); background-color: var(--et_container-bg-color,transparent);\"><strong>Das Lied zum mitsingen!<\/strong>&nbsp;<\/span><span style=\"color: inherit; font-family: inherit; font-size: inherit; font-weight: var( --e-global-typography-text-font-weight ); background-color: var(--et_container-bg-color,transparent);\">Erlebe das Lied zum Kinderbuch \u201eWeil ich dich mag\u201c \u2013 eine heitere, musikalische Reise, die die Herzen von Kindern h\u00f6her schlagen l\u00e4sst! Mit schwungvollen Melodien und liebevoll gestalteten Reimen entf\u00fchrt es dich in eine farbenfrohe Welt voller Abenteuer. Jede Strophe zeigt auf spielerische Weise, wie Liebe \u00fcberall auf der Welt gefeiert wird \u2013 mal fr\u00f6hlich, mal verspielt, immer von Herzen. Der eing\u00e4ngige Refrain bleibt im Kopf und ber\u00fchrt das Herz: Liebe kennt keine Grenzen und ist \u00fcberall zuhause. Ein Song voller Lebensfreude, der einfach zum Mitsingen einl\u00e4dt!<br><\/span><span style=\"color: inherit; font-family: inherit; font-size: inherit; font-weight: var( --e-global-typography-text-font-weight ); background-color: var(--et_container-bg-color,transparent);\">\u00a9 Julia Reichart (Liedtext als <\/span><a href=\"https:\/\/www.editionkeiper.at\/shop\/wp-content\/uploads\/2024\/07\/Weil-ich-dich-mag_Songtext_\u00a9Julia-Reichart.pdf\" target=\"_blank\" rel=\"noopener\" style=\"font-family: inherit; font-size: inherit; font-weight: var( --e-global-typography-text-font-weight );\"><span style=\"color: #800080;\">PDF zum Download<\/span><\/a><span style=\"color: inherit; font-family: inherit; font-size: inherit; font-weight: var( --e-global-typography-text-font-weight ); background-color: var(--et_container-bg-color,transparent);\">)<br><\/span><span style=\"color: inherit; font-family: inherit; font-size: inherit; font-weight: var( --e-global-typography-text-font-weight ); background-color: var(--et_container-bg-color,transparent);\">#WeilIchDichMag #KinderbuchLiebe #MusikF\u00fcrKinder #LiederF\u00fcrKinder #Familienzeit #Kinderherzen #Mitsingen #Lebensfreude #LiebeFeiern&nbsp;#MusikalischeReise<\/span><\/p>\t\t\t\t\t\t\t\t<\/div>\n\t\t\t\t<\/div>\n\t\t\t\t\t<\/div>\n\t\t<\/div>\n\t\t\t\t\t<\/div>\n\t\t<\/section>\n\t\t\t\t<section class=\"elementor-section elementor-top-section elementor-element elementor-element-44b509c elementor-section-boxed elementor-section-height-default elementor-section-height-default\" data-id=\"44b509c\" data-element_type=\"section\" data-e-type=\"section\">\n\t\t\t\t\t\t<div class=\"elementor-container elementor-column-gap-default\">\n\t\t\t\t\t<div class=\"elementor-column elementor-col-100 elementor-top-column elementor-element elementor-element-8c73b04\" data-id=\"8c73b04\" data-element_type=\"column\" data-e-type=\"column\">\n\t\t\t<div class=\"elementor-widget-wrap elementor-element-populated\">\n\t\t\t\t\t\t<div class=\"elementor-element elementor-element-7926d16 elementor-widget-divider--view-line elementor-widget elementor-widget-divider\" data-id=\"7926d16\" data-element_type=\"widget\" data-e-type=\"widget\" data-widget_type=\"divider.default\">\n\t\t\t\t<div class=\"elementor-widget-container\">\n\t\t\t\t\t\t\t<div class=\"elementor-divider\">\n\t\t\t<span class=\"elementor-divider-separator\">\n\t\t\t\t\t\t<\/span>\n\t\t<\/div>\n\t\t\t\t\t\t<\/div>\n\t\t\t\t<\/div>\n\t\t\t\t\t<\/div>\n\t\t<\/div>\n\t\t\t\t\t<\/div>\n\t\t<\/section>\n\t\t\t\t<section class=\"elementor-section elementor-top-section elementor-element elementor-element-55d0a660 elementor-section-boxed elementor-section-height-default elementor-section-height-default\" data-id=\"55d0a660\" data-element_type=\"section\" data-e-type=\"section\">\n\t\t\t\t\t\t<div class=\"elementor-container elementor-column-gap-default\">\n\t\t\t\t\t<div class=\"elementor-column elementor-col-100 elementor-top-column elementor-element elementor-element-c054c5e\" data-id=\"c054c5e\" data-element_type=\"column\" data-e-type=\"column\">\n\t\t\t<div class=\"elementor-widget-wrap elementor-element-populated\">\n\t\t\t\t\t\t<div class=\"elementor-element elementor-element-668f5c7a elementor-widget elementor-widget-text-editor\" data-id=\"668f5c7a\" data-element_type=\"widget\" data-e-type=\"widget\" data-widget_type=\"text-editor.default\">\n\t\t\t\t<div class=\"elementor-widget-container\">\n\t\t\t\t\t\t\t\t\t\n<h4 class=\"wp-block-heading\">Die Gulasch-Daham-Lesungen<\/h4>\n\n\n\n<p>Die allj\u00e4hrlich stattfindende und beliebte Gulaschlesung der edition keiper musste im M\u00e4rz 2020 coronabedingt abgesagt werden. Unsere Autorinnen und Autoren haben uns deshalb Videoclips mit Lesungen aus Neuerscheinungen und Backlisttiteln geschickt, die wir hier vorstellen.<br> Alle B\u00fccher sind unter www.editionkeiper.at\/shop erh\u00e4ltlich und werden portofrei (\u00d6sterreich und Deutschland) verschickt.<\/p>\n\n\n\n<p>Zu allen 24 Gulasch-daham-Lesungen gelangen Sie unter folgendem <a rel=\"noreferrer noopener\" href=\"https:\/\/www.youtube.com\/playlist?list=PLcgPkam6qYW8TIvsi3KA20MFrZLcs6s_N\" target=\"_blank\">YouTube-Link<\/a>.<\/p>\n\n\n\n<p><\/p>\n\n\n\n<figure class=\"wp-block-embed-youtube wp-block-embed is-type-video is-provider-youtube wp-embed-aspect-16-9 wp-has-aspect-ratio\"><div class=\"wp-block-embed__wrapper\">\n<iframe loading=\"lazy\" title=\"Gulasch-Daham-Lesungen\" width=\"1170\" height=\"658\" src=\"https:\/\/www.youtube.com\/embed\/videoseries?list=PLcgPkam6qYW8TIvsi3KA20MFrZLcs6s_N\" frameborder=\"0\" allow=\"accelerometer; autoplay; clipboard-write; encrypted-media; gyroscope; picture-in-picture\" allowfullscreen><\/iframe>\n<\/div><figcaption><br><br><\/figcaption><\/figure>\n\n\n\n<h4 class=\"wp-block-heading\">Weitere Videos von keiper-Autor\/innen auf YouTube<\/h4>\n\n\n\n<p>Unter diesem <a href=\"https:\/\/www.youtube.com\/playlist?list=PL486CB579CB87058F\" target=\"_blank\" rel=\"noreferrer noopener\">YouTube-Link<\/a> finden Sie 35 weitere Lesungen und Veranstaltungsmitschnitte.<\/p>\n\n\n\n<figure class=\"wp-block-embed-youtube wp-block-embed is-type-video is-provider-youtube wp-embed-aspect-16-9 wp-has-aspect-ratio\"><div class=\"wp-block-embed__wrapper\">\n<iframe loading=\"lazy\" title=\"edition keiper\" width=\"1170\" height=\"658\" src=\"https:\/\/www.youtube.com\/embed\/videoseries?list=PL486CB579CB87058F\" frameborder=\"0\" allow=\"accelerometer; autoplay; clipboard-write; encrypted-media; gyroscope; picture-in-picture\" allowfullscreen><\/iframe>\n<\/div><\/figure>\n\t\t\t\t\t\t\t\t<\/div>\n\t\t\t\t<\/div>\n\t\t\t\t\t<\/div>\n\t\t<\/div>\n\t\t\t\t\t<\/div>\n\t\t<\/section>\n\t\t\t\t<\/div>\n\t\t","protected":false},"excerpt":{"rendered":"<p>Aktuelle Lesungen auf YouTube: https:\/\/youtu.be\/rnIMMczVKbA?si=i-Qb5KiTv3jpF4is Heimat &#8211; Kapitel 1 Roman von August Schm\u00f6lzer. Es liest der Autor. Im idyllischen St. Vinzenz, einer kleinen Gemeinde in&#8230;<\/p>\n","protected":false},"author":4,"featured_media":0,"parent":0,"menu_order":0,"comment_status":"closed","ping_status":"closed","template":"","meta":{"footnotes":""},"yst_prominent_words":[],"class_list":["post-6233","page","type-page","status-publish","hentry"],"_links":{"self":[{"href":"https:\/\/www.editionkeiper.at\/shop\/wp-json\/wp\/v2\/pages\/6233","targetHints":{"allow":["GET"]}}],"collection":[{"href":"https:\/\/www.editionkeiper.at\/shop\/wp-json\/wp\/v2\/pages"}],"about":[{"href":"https:\/\/www.editionkeiper.at\/shop\/wp-json\/wp\/v2\/types\/page"}],"author":[{"embeddable":true,"href":"https:\/\/www.editionkeiper.at\/shop\/wp-json\/wp\/v2\/users\/4"}],"replies":[{"embeddable":true,"href":"https:\/\/www.editionkeiper.at\/shop\/wp-json\/wp\/v2\/comments?post=6233"}],"version-history":[{"count":39,"href":"https:\/\/www.editionkeiper.at\/shop\/wp-json\/wp\/v2\/pages\/6233\/revisions"}],"predecessor-version":[{"id":14590,"href":"https:\/\/www.editionkeiper.at\/shop\/wp-json\/wp\/v2\/pages\/6233\/revisions\/14590"}],"wp:attachment":[{"href":"https:\/\/www.editionkeiper.at\/shop\/wp-json\/wp\/v2\/media?parent=6233"}],"wp:term":[{"taxonomy":"yst_prominent_words","embeddable":true,"href":"https:\/\/www.editionkeiper.at\/shop\/wp-json\/wp\/v2\/yst_prominent_words?post=6233"}],"curies":[{"name":"wp","href":"https:\/\/api.w.org\/{rel}","templated":true}]}}