{"id":3805,"date":"2018-05-23T12:56:59","date_gmt":"2018-05-23T10:56:59","guid":{"rendered":"https:\/\/www.editionkeiper.at\/shop\/?page_id=3805"},"modified":"2021-09-10T09:56:46","modified_gmt":"2021-09-10T07:56:46","slug":"datenschutzerklaerung","status":"publish","type":"page","link":"https:\/\/www.editionkeiper.at\/shop\/datenschutzerklaerung\/","title":{"rendered":"Datenschutzerkl\u00e4rung"},"content":{"rendered":"\t\t<div data-elementor-type=\"wp-page\" data-elementor-id=\"3805\" class=\"elementor elementor-3805\" data-elementor-post-type=\"page\">\n\t\t\t\t\t\t<section class=\"elementor-section elementor-top-section elementor-element elementor-element-7562f37c elementor-section-boxed elementor-section-height-default elementor-section-height-default\" data-id=\"7562f37c\" data-element_type=\"section\" data-e-type=\"section\">\n\t\t\t\t\t\t<div class=\"elementor-container elementor-column-gap-default\">\n\t\t\t\t\t<div class=\"elementor-column elementor-col-100 elementor-top-column elementor-element elementor-element-260f101e\" data-id=\"260f101e\" data-element_type=\"column\" data-e-type=\"column\">\n\t\t\t<div class=\"elementor-widget-wrap elementor-element-populated\">\n\t\t\t\t\t\t<div class=\"elementor-element elementor-element-8c5262e elementor-widget elementor-widget-text-editor\" data-id=\"8c5262e\" data-element_type=\"widget\" data-e-type=\"widget\" data-widget_type=\"text-editor.default\">\n\t\t\t\t<div class=\"elementor-widget-container\">\n\t\t\t\t\t\t\t\t\t<h1>Erkl\u00e4rung zur Informationspflicht<\/h1><h3>Datenschutzerkl\u00e4rung<\/h3><p>Der Schutz Ihrer pers\u00f6nlichen Daten ist uns ein besonderes Anliegen. Wir verarbeiten Ihre Daten daher ausschlie\u00dflich auf Grundlage der gesetzlichen Bestimmungen (DSGVO, TKG 2003). In diesen Datenschutzinformationen informieren wir Sie \u00fcber die wichtigsten Aspekte der Datenverarbeitung im Rahmen unserer Website.<\/p><h3>Kontakt mit uns<\/h3><p>Wenn Sie per Formular auf der Website oder per E-Mail Kontakt mit uns aufnehmen, werden Ihre angegebenen Daten zwecks Bearbeitung der Anfrage und f\u00fcr den Fall von Anschlussfragen bei uns gespeichert. Diese Daten geben wir nicht ohne Ihre Einwilligung weiter.<\/p><h3>Datenspeicherung<\/h3><p><strong>HINWEIS zur Datenspeicherung bei Veranstaltungen in Zeiten von CORONA:<\/strong> Daten, die bei der Anmeldung zu einer Veranstaltung im Zuge der coronabedingt notwendigen Registrierung erhoben werden, werden 4 Wochen nach der jeweiligen Veranstaltung gel\u00f6scht.<\/p><p>Sie erlauben uns, die im Zusammenhang mit einer Gesch\u00e4ftsbeziehung erhaltenen Daten im Sinne der Datenschutzgesetze zu verarbeiten, zu speichern und auszuwerten.<br \/>Wir verwenden Ihre pers\u00f6nlichen Daten nur zur Abwicklung der Auftr\u00e4ge und eventueller Reklamationen. Ihre E-Mail-Adresse nutzen wir f\u00fcr Informationsschreiben zu den Bestellungen und Auftr\u00e4gen sowie f\u00fcr Newsletter (in Papier- und elektronischer Form) oder f\u00fcr Hinweise auf bestehende oder vormalige Gesch\u00e4ftsbeziehungen.<\/p><h3>Web-Shop auf www.editionkeiper.at<\/h3><p>Wir weisen darauf hin, dass zum Zweck des einfacheren Einkaufsvorganges und zur sp\u00e4teren Vertragsabwicklung vom Webshop-Betreiber im Rahmen von Cookies die IP-Daten des Anschlussinhabers gespeichert werden, ebenso wie Name und Anschrift des K\u00e4ufers.<br \/>Die von Ihnen bereitgestellten Daten sind zur Vertragserf\u00fcllung bzw. zur Durchf\u00fchrung vorvertraglicher Ma\u00dfnahmen erforderlich. Ohne diese Daten k\u00f6nnen wir den Vertrag mit Ihnen nicht abschlie\u00dfen. Eine Daten\u00fcbermittlung an Dritte erfolgt nicht, mit Ausnahme der \u00dcbermittlung der Adresse an das von uns beauftragte Transportunternehmen\/Versandunternehmen zur Zustellung der Ware sowie an unseren Steuerberater zur Erf\u00fcllung unserer steuerrechtlichen Verpflichtungen.<br \/>Bei Abbruch des Einkaufsvorganges werden keine Daten gespeichert.<br \/>Im Falle eines Vertragsabschlusses werden s\u00e4mtliche Daten aus dem Vertragsverh\u00e4ltnis bis zum Ablauf der steuerrechtlichen Aufbewahrungsfrist (7 Jahre) gespeichert.<br \/>Die Daten Name, Anschrift, gekaufte Waren und Kaufdatum werden dar\u00fcber hinaus bis zum Ablauf der Produkthaftung (10 Jahre) gespeichert. Die Datenverarbeitung erfolgt auf Basis der gesetzlichen Bestimmungen des \u00a7 96 Abs 3 TKG sowie des Art 6 Abs 1 lit a (Einwilligung) und\/oder lit b (notwendig zur Vertragserf\u00fcllung) der DSGVO.<\/p><h3>Cookies<\/h3><p>Unsere Website verwendet sogenannte Cookies. Dabei handelt es sich um kleine Textdateien, die mit Hilfe des Browsers auf Ihrem Endger\u00e4t abgelegt werden. Sie richten keinen Schaden an.<br \/>Wir nutzen Cookies dazu, unser Angebot nutzerfreundlich zu gestalten. Einige Cookies bleiben auf Ihrem Endger\u00e4t gespeichert, bis Sie diese l\u00f6schen. Sie erm\u00f6glichen es uns, Ihren Browser beim n\u00e4chsten Besuch wiederzuerkennen.<br \/>Wenn Sie dies nicht w\u00fcnschen, so k\u00f6nnen Sie Ihren Browser so einrichten, dass er Sie \u00fcber das Setzen von Cookies informiert und Sie dies nur im Einzelfall erlauben.<br \/>Bei der Deaktivierung von Cookies kann die Funktionalit\u00e4t unserer Website eingeschr\u00e4nkt sein.<\/p><h3>Web-Analyse<\/h3><p>Unsere Website verwendet Funktionen des Webanalysedienstes Google Analytics. Dazu werden Cookies verwendet, die eine Analyse der Benutzung der Website durch Ihre Benutzer erm\u00f6glicht. Die dadurch erzeugten Informationen werden auf den Server des Anbieters \u00fcbertragen und dort gespeichert.<br \/>Sie k\u00f6nnen dies verhindern, indem Sie Ihren Browser so einrichten, dass keine Cookies gespeichert werden.\u00a0Sie k\u00f6nnen durch ein Browser-Plugin verhindern, dass die durch Cookies gesammelten Informationen (inklusive Ihrer IP-Adresse) an die Google Inc. gesendet und von der Google Inc. genutzt werden.<br \/>Folgender Link f\u00fchrt Sie zu dem entsprechenden Plugin: <a href=\"https:\/\/tools.google.com\/dlpage\/gaoptout?hl=de\" target=\"_blank\" rel=\"noopener\">https:\/\/tools.google.com\/dlpage\/gaoptout?hl=de\u2028<\/a><br \/>Hier finden Sie weitere Informationen zur Datennutzung durch die Google Inc.:<a href=\"https:\/\/support.google.com\/analytics\/answer\/6004245?hl=de\" target=\"_blank\" rel=\"noopener\"> https:\/\/support.google.com\/analytics\/answer\/6004245?hl=de<\/a>.<\/p><h3>Newsletter<\/h3><p>Sie haben die M\u00f6glichkeit, \u00fcber unsere Website unseren Newsletter zu abonnieren. Hierf\u00fcr ben\u00f6tigen wir Ihre E-Mail-Adresse und ihre Erkl\u00e4rung, dass Sie mit dem Bezug des Newsletters einverstanden sind.<br \/>Sobald Sie sich f\u00fcr den Newsletter angemeldet haben, senden wir Ihnen ein Best\u00e4tigungs-E-Mail mit einem Link zur Best\u00e4tigung der Anmeldung.<br \/>Das Abo des Newsletters k\u00f6nnen Sie jederzeit auf www.editionkeiper.at stornieren. Wir l\u00f6schen anschlie\u00dfend umgehend Ihre Daten im Zusammenhang mit dem Newsletter-Versand.<\/p><h3>Ihre Rechte<\/h3><p>Ihnen stehen grunds\u00e4tzlich die Rechte auf Auskunft, Berichtigung, L\u00f6schung, Einschr\u00e4nkung, Daten\u00fcbertragbarkeit, Widerruf und Widerspruch zu. Wenn Sie glauben, dass die Verarbeitung Ihrer Daten gegen das Datenschutzrecht verst\u00f6\u00dft oder Ihre datenschutzrechtlichen Anspr\u00fcche sonst in einer Weise verletzt worden sind, k\u00f6nnen Sie sich bei der Aufsichtsbeh\u00f6rde beschweren. In \u00d6sterreich ist dies die Datenschutzbeh\u00f6rde.\u00a0<\/p>\t\t\t\t\t\t\t\t<\/div>\n\t\t\t\t<\/div>\n\t\t\t\t\t<\/div>\n\t\t<\/div>\n\t\t\t\t\t<\/div>\n\t\t<\/section>\n\t\t\t\t<\/div>\n\t\t","protected":false},"excerpt":{"rendered":"<p>Erkl\u00e4rung zur Informationspflicht Datenschutzerkl\u00e4rung Der Schutz Ihrer pers\u00f6nlichen Daten ist uns ein besonderes Anliegen. Wir verarbeiten Ihre Daten daher ausschlie\u00dflich auf Grundlage der gesetzlichen Bestimmungen&#8230;<\/p>\n","protected":false},"author":4,"featured_media":0,"parent":0,"menu_order":0,"comment_status":"closed","ping_status":"closed","template":"","meta":{"footnotes":""},"yst_prominent_words":[],"class_list":["post-3805","page","type-page","status-publish","hentry"],"_links":{"self":[{"href":"https:\/\/www.editionkeiper.at\/shop\/wp-json\/wp\/v2\/pages\/3805","targetHints":{"allow":["GET"]}}],"collection":[{"href":"https:\/\/www.editionkeiper.at\/shop\/wp-json\/wp\/v2\/pages"}],"about":[{"href":"https:\/\/www.editionkeiper.at\/shop\/wp-json\/wp\/v2\/types\/page"}],"author":[{"embeddable":true,"href":"https:\/\/www.editionkeiper.at\/shop\/wp-json\/wp\/v2\/users\/4"}],"replies":[{"embeddable":true,"href":"https:\/\/www.editionkeiper.at\/shop\/wp-json\/wp\/v2\/comments?post=3805"}],"version-history":[{"count":0,"href":"https:\/\/www.editionkeiper.at\/shop\/wp-json\/wp\/v2\/pages\/3805\/revisions"}],"wp:attachment":[{"href":"https:\/\/www.editionkeiper.at\/shop\/wp-json\/wp\/v2\/media?parent=3805"}],"wp:term":[{"taxonomy":"yst_prominent_words","embeddable":true,"href":"https:\/\/www.editionkeiper.at\/shop\/wp-json\/wp\/v2\/yst_prominent_words?post=3805"}],"curies":[{"name":"wp","href":"https:\/\/api.w.org\/{rel}","templated":true}]}}