{"id":3438,"date":"2018-03-28T14:11:49","date_gmt":"2018-03-28T12:11:49","guid":{"rendered":"https:\/\/www.editionkeiper.at\/shop\/?page_id=3438"},"modified":"2026-01-28T12:12:26","modified_gmt":"2026-01-28T11:12:26","slug":"presse","status":"publish","type":"page","link":"https:\/\/www.editionkeiper.at\/shop\/presse\/","title":{"rendered":"Presse"},"content":{"rendered":"\t\t<div data-elementor-type=\"wp-page\" data-elementor-id=\"3438\" class=\"elementor elementor-3438\" data-elementor-post-type=\"page\">\n\t\t\t\t\t\t<section class=\"elementor-section elementor-top-section elementor-element elementor-element-b202174 elementor-section-boxed elementor-section-height-default elementor-section-height-default\" data-id=\"b202174\" data-element_type=\"section\" data-e-type=\"section\">\n\t\t\t\t\t\t<div class=\"elementor-container elementor-column-gap-default\">\n\t\t\t\t\t<div class=\"elementor-column elementor-col-100 elementor-top-column elementor-element elementor-element-8bd1dea\" data-id=\"8bd1dea\" data-element_type=\"column\" data-e-type=\"column\">\n\t\t\t<div class=\"elementor-widget-wrap elementor-element-populated\">\n\t\t\t\t\t\t<div class=\"elementor-element elementor-element-216d843 elementor-widget elementor-widget-text-editor\" data-id=\"216d843\" data-element_type=\"widget\" data-e-type=\"widget\" data-widget_type=\"text-editor.default\">\n\t\t\t\t<div class=\"elementor-widget-container\">\n\t\t\t\t\t\t\t\t\t<p>Sehr geehrte Medienpartnerinnen und Medienpartner,<\/p><p><span style=\"font-size: inherit; color: var( --e-global-color-text ); font-family: var( --e-global-typography-text-font-family ), Sans-serif; font-weight: var( --e-global-typography-text-font-weight ); background-color: transparent;\">hier finden Sie Informationen zum Verlag sowie druckf\u00e4higes Bildmaterial zu Verlag und Verlegerin.\u00a0<\/span><\/p><p><span style=\"font-size: inherit; color: var( --e-global-color-text ); font-family: var( --e-global-typography-text-font-family ), Sans-serif; font-weight: var( --e-global-typography-text-font-weight ); background-color: transparent;\">Informationen und Bildmaterial zu den B\u00fcchern sowie zu den Autorinnen und Autoren finden Sie direkt bei den B\u00fcchern bzw. im Autorenbereich.<br \/><\/span><\/p><p><strong>Seit wann gibt es die edition keiper und welche Idee steht dahinter?<\/strong><\/p><p>Das erste Buch der edition keiper erschien im April 2008. Das Programm war und ist offen f\u00fcr die deutschsprachige Gegenwartsliteratur mit Schwerpunkt \u00d6sterreich, und zwar in all ihren Facetten, Spektren und Genres. Seit Beginn leben wir einen Literaturbegriff, der undogmatisch und liberal ist \u2013 insofern verstehen wir uns als interessierte Ansprechpartner:innen gegen\u00fcber unterschiedlichen Zug\u00e4ngen zu Literatur, Kunst und \u00e4sthetischen Konzepten.\u00a0<\/p><p><strong>Warum der Schwerpunkt deutschsprachige, \u00f6sterreichische, steirische Literatur?<\/strong><\/p><p>Was steirische Literatur betrifft, so brauchen die steirischen Autor:innen keinen Vergleich zu scheuen und k\u00f6nnen auch mit Bestseller-Autor:innen von internationalem Rang mithalten. Dieses Potenzial sichtbar zu machen, ohne Angst vor der Regionalit\u00e4t zu haben, sehen wir als Privileg und lustvolle Aufgabe. Kein Verlag (abgesehen nat\u00fcrlich von den masseorientierten Konzernen) hat es heutzutage leicht, sich zu positionieren \u2013 wenn es also um Positionierung geht, dann r\u00fccken wir gerne und mit Begeisterung steirische Autorinnen und Autoren ins Zentrum.<\/p><p><strong>Wie viele Personen arbeiten in der edition keiper und was ist deren Funktion?<\/strong><\/p><p>Das Kernteam besteht aus vier Personen (Robert Fimbinger, Marketing und Vertrieb; Karin Kr\u00f6pfl, Design und Social Media, Maria Ankowitsch, Lektorat; Anita Keiper, Gesch\u00e4ftsleitung); daneben fungiert Helwig Brunner als Herausgeber unserer Reihe keiper lyrik. Aber nat\u00fcrlich sind noch viel mehr Menschen in das Verlagsleben integriert \u2013 dazu geh\u00f6rt die Verlagsagentur Neuhold, die uns im Buchhandel vertritt, unsere Auslieferungen in \u00d6sterreich und Deutschland, Mark Br\u00fcning, der sich der Druckbetreuung widmet, unsere Kooperationspartner im Medien- und Veranstaltungsbereich, und und und &#8230;<\/p><p><strong>Was hat es mit dem Begriff \u201eLiteraturwohnzimmer\u201c auf sich?<\/strong><\/p><p>Unser erstes B\u00fcro mit gerade mal 18 m<sup>2<\/sup>\u00a0und auch unser zweites mit 45 m<sup>2<\/sup>\u00a0waren zu klein geworden, wir suchten nach R\u00e4umlichkeiten, die wir auch f\u00fcr Buchpr\u00e4sentationen nutzen konnten. Und wie so oft im Leben ging genau zum richtigen Zeitpunkt eine T\u00fcr auf \u2013 die Tagger-Werke wurden von einer Privateigent\u00fcmergemeinschaft erworben, die nach einem Nutzungskonzept und nach Mietern suchte. Wir waren die ersten Mieter hier und haben die Ausrichtung des Areals wesentlich mitgepr\u00e4gt.<\/p><p>Unsere R\u00e4umlichkeiten spiegeln auch unsere pers\u00f6nlichen Werte: Nachhaltigkeit ist uns wichtig, wir zeigen eine Alternative zur Wegwerfgesellschaft unserer Zeit auf. Was immer sich bei uns befindet, jedes M\u00f6belst\u00fcck, jeder Teppich, selbst die meisten Elektroger\u00e4te und das Geschirr, kam schon andernorts zum Einsatz. Jetzt bilden diese Sachen hier bei uns ein kreatives und harmonisches Wohlf\u00fchlambiente. Von Besucher:innen wurde dann der Begriff \u201eLiteraturwohnzimmer\u201c gepr\u00e4gt \u2013 das sagt wohl alles aus \u00fcber die Besonderheit unserer R\u00e4umlichkeiten.\u00a0<\/p><p><strong>Wer war der erste Keiper-Autor?<\/strong><\/p><p>Der erste Autor des Verlags war Martin G. Wanko. Er hatte \u00fcber Umwege davon geh\u00f6rt, dass jemand einen Verlag gr\u00fcnden wollte und uns daraufhin kontaktiert \u2013 und den Verlag dann die ersten Jahre intensiv beratend begleitet.\u00a0<\/p><p><strong>Wenig Verlage bringen Lyrik heraus, der Keiperverlag hat sogar eine eigene Lyrikreihe. Warum?<\/strong><\/p><p>Zum guten Image des Verlags beigetragen hat mit Sicherheit die Reihe keiper lyrik, von der es mittlerweile bereits 34 B\u00e4nde gibt (Stand J\u00e4nner 2026). Herausgeber der Reihe ist Helwig Brunner. In unregelm\u00e4\u00dfigen Abst\u00e4nden, zwei- bis dreimal pro Jahr, ver\u00f6ffentlichen wir zeitgen\u00f6ssische Lyrik aus dem deutschen Sprachraum, und das auf h\u00f6chstem Niveau.<\/p><p><strong>Was sind die Schwerpunkte des Keiper-Verlagsprogramms?<\/strong><\/p><p>Unser Programm ist relativ breit angelegt und reicht von Lyrik \u00fcber Romane, Erz\u00e4hlb\u00e4nde und Essays bis hin zu Kinder- und Kunstb\u00fcchern. Daran werden wir auch nichts \u00e4ndern. Wir bilden n\u00e4mlich das Interesse der Leserschaft ziemlich realistisch ab. Das ist notwendig, da wir unsere B\u00fccher auch verkaufen m\u00fcssen, damit der Verlag \u00fcberleben kann \u2013 und die Bed\u00fcrfnisse des Marktes lassen sich nicht mit einem ausschlie\u00dflich elit\u00e4ren Buchprogramm erf\u00fcllen.<\/p><p><strong>Wie macht der Verlag seine B\u00fccher und Autor:innen bekannt?<\/strong><\/p><p>Wir tun sehr viel, um unsere Autor:innen auch \u00fcberregional bekannt zu machen \u2013 wir sind eingebunden in ein gro\u00dfes Branchennetzwerk mit guten Kontakten in die Veranstalter- und Medienszene. Nichtsdestotrotz sind uns Grenzen gesetzt, die schlicht und einfach mit Geld zu tun haben.<\/p><p><strong>Gestern. Heute. Morgen.<\/strong><\/p><p>Das gedruckte Buch wird weiterhin neben H\u00f6rb\u00fcchern und E-Books bestehen. Wir werden, so wie jetzt, alle drei Varianten im Programm f\u00fchren, denn wir sind klein und damit flexibel genug, uns nicht festlegen zu m\u00fcssen, weil wir auf Bed\u00fcrfnisse der Leserschaft (und damit des Marktes) unaufgeregt und rasch reagieren k\u00f6nnen.\u00a0<\/p><p><strong>Das Verlagsmotto<\/strong><\/p><p>\u201eJeden Tag lesen, Buch und Welt, Dinge und Gedanken.\u201c Dieser Satz stammt aus Manfred Mixners erstem Buch im Keiperverlag, \u201eVerstrickt in Geschichten\u201c (2012), und ist nicht nur das Verlagsmotto, sondern auch das Lebensmotto der Verlegerin.\u00a0<\/p>\t\t\t\t\t\t\t\t<\/div>\n\t\t\t\t<\/div>\n\t\t\t\t\t<\/div>\n\t\t<\/div>\n\t\t\t\t\t<\/div>\n\t\t<\/section>\n\t\t\t\t<section class=\"elementor-section elementor-top-section elementor-element elementor-element-5ed98431 elementor-section-boxed elementor-section-height-default elementor-section-height-default\" data-id=\"5ed98431\" data-element_type=\"section\" data-e-type=\"section\">\n\t\t\t\t\t\t<div class=\"elementor-container elementor-column-gap-default\">\n\t\t\t\t\t<div class=\"elementor-column elementor-col-100 elementor-top-column elementor-element elementor-element-15674c4\" data-id=\"15674c4\" data-element_type=\"column\" data-e-type=\"column\">\n\t\t\t<div class=\"elementor-widget-wrap elementor-element-populated\">\n\t\t\t\t\t\t<div class=\"elementor-element elementor-element-51fe4a54 elementor-widget elementor-widget-text-editor\" data-id=\"51fe4a54\" data-element_type=\"widget\" data-e-type=\"widget\" data-widget_type=\"text-editor.default\">\n\t\t\t\t<div class=\"elementor-widget-container\">\n\t\t\t\t\t\t\t\t\t<div id=\"attachment_3517\" style=\"width: 235px\" class=\"wp-caption alignnone\"><a href=\"https:\/\/www.editionkeiper.at\/shop\/wp-content\/uploads\/2018\/03\/Anita_Keiper_\u00a9Rudi_Ferder.jpg\" target=\"_blank\" rel=\"noopener\"><img loading=\"lazy\" loading=\"lazy\" decoding=\"async\" aria-describedby=\"caption-attachment-3517\" class=\"size-medium wp-image-3517\" src=\"https:\/\/www.editionkeiper.at\/shop\/wp-content\/uploads\/2018\/03\/Anita_Keiper_\u00a9Rudi_Ferder-225x300.jpg\" alt=\"\" width=\"225\" height=\"300\" srcset=\"https:\/\/www.editionkeiper.at\/shop\/wp-content\/uploads\/2018\/03\/Anita_Keiper_\u00a9Rudi_Ferder-225x300.jpg 225w, https:\/\/www.editionkeiper.at\/shop\/wp-content\/uploads\/2018\/03\/Anita_Keiper_\u00a9Rudi_Ferder-scaled-565x753.jpg 565w, https:\/\/www.editionkeiper.at\/shop\/wp-content\/uploads\/2018\/03\/Anita_Keiper_\u00a9Rudi_Ferder-scaled-574x765.jpg 574w, https:\/\/www.editionkeiper.at\/shop\/wp-content\/uploads\/2018\/03\/Anita_Keiper_\u00a9Rudi_Ferder-768x1024.jpg 768w, https:\/\/www.editionkeiper.at\/shop\/wp-content\/uploads\/2018\/03\/Anita_Keiper_\u00a9Rudi_Ferder-413x550.jpg 413w, https:\/\/www.editionkeiper.at\/shop\/wp-content\/uploads\/2018\/03\/Anita_Keiper_\u00a9Rudi_Ferder-scaled.jpg 1920w\" sizes=\"auto, (max-width: 225px) 100vw, 225px\" \/><\/a><p id=\"caption-attachment-3517\" class=\"wp-caption-text\">Verlegerin Anita Keiper \u00a9 Rudi Ferder<\/p><\/div><div id=\"attachment_3518\" style=\"width: 310px\" class=\"wp-caption alignnone\"><a href=\"https:\/\/www.editionkeiper.at\/shop\/wp-content\/uploads\/2018\/03\/edition_keiper_literaturwohnzimmer_\u00a9Ulrike_Rauch.jpg\" target=\"_blank\" rel=\"noopener\"><img loading=\"lazy\" loading=\"lazy\" decoding=\"async\" aria-describedby=\"caption-attachment-3518\" class=\"wp-image-3518 size-medium\" src=\"https:\/\/www.editionkeiper.at\/shop\/wp-content\/uploads\/2018\/03\/edition_keiper_literaturwohnzimmer_\u00a9Ulrike_Rauch-300x163.jpg\" alt=\"\" width=\"300\" height=\"163\" srcset=\"https:\/\/www.editionkeiper.at\/shop\/wp-content\/uploads\/2018\/03\/edition_keiper_literaturwohnzimmer_\u00a9Ulrike_Rauch-300x163.jpg 300w, https:\/\/www.editionkeiper.at\/shop\/wp-content\/uploads\/2018\/03\/edition_keiper_literaturwohnzimmer_\u00a9Ulrike_Rauch-565x307.jpg 565w, https:\/\/www.editionkeiper.at\/shop\/wp-content\/uploads\/2018\/03\/edition_keiper_literaturwohnzimmer_\u00a9Ulrike_Rauch-574x312.jpg 574w, https:\/\/www.editionkeiper.at\/shop\/wp-content\/uploads\/2018\/03\/edition_keiper_literaturwohnzimmer_\u00a9Ulrike_Rauch-768x418.jpg 768w, https:\/\/www.editionkeiper.at\/shop\/wp-content\/uploads\/2018\/03\/edition_keiper_literaturwohnzimmer_\u00a9Ulrike_Rauch-1024x557.jpg 1024w, https:\/\/www.editionkeiper.at\/shop\/wp-content\/uploads\/2018\/03\/edition_keiper_literaturwohnzimmer_\u00a9Ulrike_Rauch-425x231.jpg 425w, https:\/\/www.editionkeiper.at\/shop\/wp-content\/uploads\/2018\/03\/edition_keiper_literaturwohnzimmer_\u00a9Ulrike_Rauch.jpg 1600w\" sizes=\"auto, (max-width: 300px) 100vw, 300px\" \/><\/a><p id=\"caption-attachment-3518\" class=\"wp-caption-text\">Das Literaturwohnzimmer \u00a9 Ulrike Rauch<\/p><\/div><div id=\"attachment_3519\" style=\"width: 310px\" class=\"wp-caption alignnone\"><a href=\"https:\/\/www.editionkeiper.at\/shop\/wp-content\/uploads\/2018\/03\/edition_keiper_\u00a9Ulrike_Rauch.jpg\" target=\"_blank\" rel=\"noopener\"><img loading=\"lazy\" loading=\"lazy\" decoding=\"async\" aria-describedby=\"caption-attachment-3519\" class=\"size-medium wp-image-3519\" src=\"https:\/\/www.editionkeiper.at\/shop\/wp-content\/uploads\/2018\/03\/edition_keiper_Steirischer_Abend_\u00a9Ulrike_Rauch-300x200.jpg\" alt=\"\" width=\"300\" height=\"200\" srcset=\"https:\/\/www.editionkeiper.at\/shop\/wp-content\/uploads\/2018\/03\/edition_keiper_Steirischer_Abend_\u00a9Ulrike_Rauch-300x200.jpg 300w, https:\/\/www.editionkeiper.at\/shop\/wp-content\/uploads\/2018\/03\/edition_keiper_Steirischer_Abend_\u00a9Ulrike_Rauch-scaled-565x377.jpg 565w, https:\/\/www.editionkeiper.at\/shop\/wp-content\/uploads\/2018\/03\/edition_keiper_Steirischer_Abend_\u00a9Ulrike_Rauch-scaled-574x383.jpg 574w, https:\/\/www.editionkeiper.at\/shop\/wp-content\/uploads\/2018\/03\/edition_keiper_Steirischer_Abend_\u00a9Ulrike_Rauch-768x512.jpg 768w, https:\/\/www.editionkeiper.at\/shop\/wp-content\/uploads\/2018\/03\/edition_keiper_Steirischer_Abend_\u00a9Ulrike_Rauch-1024x683.jpg 1024w, https:\/\/www.editionkeiper.at\/shop\/wp-content\/uploads\/2018\/03\/edition_keiper_Steirischer_Abend_\u00a9Ulrike_Rauch-425x283.jpg 425w\" sizes=\"auto, (max-width: 300px) 100vw, 300px\" \/><\/a><p id=\"caption-attachment-3519\" class=\"wp-caption-text\">Lesetisch \u00a9 Ulrike Rauch<\/p><\/div><p>\u00a0<\/p>\t\t\t\t\t\t\t\t<\/div>\n\t\t\t\t<\/div>\n\t\t\t\t\t<\/div>\n\t\t<\/div>\n\t\t\t\t\t<\/div>\n\t\t<\/section>\n\t\t\t\t<\/div>\n\t\t","protected":false},"excerpt":{"rendered":"<p>Sehr geehrte Medienpartnerinnen und Medienpartner, hier finden Sie Informationen zum Verlag sowie druckf\u00e4higes Bildmaterial zu Verlag und Verlegerin.\u00a0 Informationen und Bildmaterial zu den B\u00fcchern sowie&#8230;<\/p>\n","protected":false},"author":4,"featured_media":0,"parent":0,"menu_order":0,"comment_status":"closed","ping_status":"closed","template":"","meta":{"footnotes":""},"yst_prominent_words":[],"class_list":["post-3438","page","type-page","status-publish","hentry"],"_links":{"self":[{"href":"https:\/\/www.editionkeiper.at\/shop\/wp-json\/wp\/v2\/pages\/3438","targetHints":{"allow":["GET"]}}],"collection":[{"href":"https:\/\/www.editionkeiper.at\/shop\/wp-json\/wp\/v2\/pages"}],"about":[{"href":"https:\/\/www.editionkeiper.at\/shop\/wp-json\/wp\/v2\/types\/page"}],"author":[{"embeddable":true,"href":"https:\/\/www.editionkeiper.at\/shop\/wp-json\/wp\/v2\/users\/4"}],"replies":[{"embeddable":true,"href":"https:\/\/www.editionkeiper.at\/shop\/wp-json\/wp\/v2\/comments?post=3438"}],"version-history":[{"count":6,"href":"https:\/\/www.editionkeiper.at\/shop\/wp-json\/wp\/v2\/pages\/3438\/revisions"}],"predecessor-version":[{"id":16175,"href":"https:\/\/www.editionkeiper.at\/shop\/wp-json\/wp\/v2\/pages\/3438\/revisions\/16175"}],"wp:attachment":[{"href":"https:\/\/www.editionkeiper.at\/shop\/wp-json\/wp\/v2\/media?parent=3438"}],"wp:term":[{"taxonomy":"yst_prominent_words","embeddable":true,"href":"https:\/\/www.editionkeiper.at\/shop\/wp-json\/wp\/v2\/yst_prominent_words?post=3438"}],"curies":[{"name":"wp","href":"https:\/\/api.w.org\/{rel}","templated":true}]}}