{"id":24,"date":"2017-05-09T14:17:50","date_gmt":"2017-05-09T12:17:50","guid":{"rendered":"https:\/\/www.editionkeiper.at\/shop\/shop"},"modified":"2020-12-16T14:00:40","modified_gmt":"2020-12-16T13:00:40","slug":"shop-verlag-keiper","status":"publish","type":"page","link":"https:\/\/www.editionkeiper.at\/shop\/shop-verlag-keiper\/","title":{"rendered":"Shop"},"content":{"rendered":"\n<h5 class=\"wp-block-heading\">Sie lieben B\u00fccher und das Lesen wie wir? \u2013 Dann sind Sie im Online-Shop der edition keiper richtig!&nbsp;<\/h5>\n\n\n\n<p>Erkunden Sie unser vielseitiges Buchprogramm, das Romane, <br>Kinder- und Jugendb\u00fccher, Kochb\u00fccher, Lyrik, Kriminalromane, Kunstb\u00fccher, Biografien und vieles mehr umfasst.<\/p>\n\n\n\n<p>Gehen Sie mit uns auf Buchf\u00fchlung \u2013 wir liefern prompt und portofrei.<\/p>\n","protected":false},"excerpt":{"rendered":"<p>Sie lieben B\u00fccher und das Lesen wie wir? \u2013 Dann sind Sie im Online-Shop der edition keiper richtig!&nbsp; Erkunden Sie unser vielseitiges Buchprogramm, das Romane,&#8230;<\/p>\n","protected":false},"author":1,"featured_media":0,"parent":0,"menu_order":0,"comment_status":"closed","ping_status":"closed","template":"","meta":{"footnotes":""},"yst_prominent_words":[],"class_list":["post-24","page","type-page","status-publish","hentry"],"_links":{"self":[{"href":"https:\/\/www.editionkeiper.at\/shop\/wp-json\/wp\/v2\/pages\/24","targetHints":{"allow":["GET"]}}],"collection":[{"href":"https:\/\/www.editionkeiper.at\/shop\/wp-json\/wp\/v2\/pages"}],"about":[{"href":"https:\/\/www.editionkeiper.at\/shop\/wp-json\/wp\/v2\/types\/page"}],"author":[{"embeddable":true,"href":"https:\/\/www.editionkeiper.at\/shop\/wp-json\/wp\/v2\/users\/1"}],"replies":[{"embeddable":true,"href":"https:\/\/www.editionkeiper.at\/shop\/wp-json\/wp\/v2\/comments?post=24"}],"version-history":[{"count":0,"href":"https:\/\/www.editionkeiper.at\/shop\/wp-json\/wp\/v2\/pages\/24\/revisions"}],"wp:attachment":[{"href":"https:\/\/www.editionkeiper.at\/shop\/wp-json\/wp\/v2\/media?parent=24"}],"wp:term":[{"taxonomy":"yst_prominent_words","embeddable":true,"href":"https:\/\/www.editionkeiper.at\/shop\/wp-json\/wp\/v2\/yst_prominent_words?post=24"}],"curies":[{"name":"wp","href":"https:\/\/api.w.org\/{rel}","templated":true}]}}